{"id":103376,"date":"2026-04-15T09:02:25","date_gmt":"2026-04-15T07:02:25","guid":{"rendered":"https:\/\/kasima.lt\/produktas\/moxy-mt31-alyvos-filtras\/"},"modified":"2026-04-15T09:09:38","modified_gmt":"2026-04-15T07:09:38","slug":"moxy-mt31-alyvos-filtras","status":"publish","type":"product","link":"https:\/\/kasima.lt\/lv\/produktas\/moxy-mt31-alyvos-filtras\/","title":{"rendered":"Moxy MT31 e\u013c\u013cas filtrs"},"content":{"rendered":"<p>Ori\u0123in\u0101ls lietots filtrs, iz\u0146emts no 2008. gada Moxy MT31<br \/>\nPiln\u012bb\u0101 p\u0101rbaud\u012bts un gatavs uzst\u0101d\u012b\u0161anai<br \/>\nPieg\u0101de vis\u0101 pasaul\u0113.<br \/>\nS\u016bt\u012bjuma svars un izm\u0113ri:<br \/>\n\u2022 Aptuveni 3 kg<br \/>\n\u2022 200 x 100 x 100 mm<br \/>\nDetaljas numurs:<br \/>\n\u2022 MX513487 <\/p>\n","protected":false},"excerpt":{"rendered":"<p>Cena bez PVN<\/p>\n<p>Ra\u017eot\u0101js: DOOSAN<br \/>\nModelis: MOXMT31063<br \/>\nT\u0101lrunis: <a href=\"tel:+37060842988\">+37060842988<\/a><br \/>\nE-pasts: <a href=\"mailto:usedparts@kasima.lt\">usedparts@kasima.lt<\/a><\/p>\n","protected":false},"featured_media":103366,"template":"","meta":{"_et_pb_use_builder":"","_et_pb_old_content":"","_et_gb_content_width":"","_monsterinsights_skip_tracking":false,"_monsterinsights_sitenote_active":false,"_monsterinsights_sitenote_note":"","_monsterinsights_sitenote_category":0},"product_brand":[],"product_cat":[937,952,793,318,452],"product_tag":[],"class_list":{"0":"post-103376","1":"product","2":"type-product","3":"status-publish","4":"has-post-thumbnail","6":"product_cat-filtri","7":"product_cat-moxy-mt31-2008","8":"product_cat-doosan-dalas","9":"product_cat-lietotas-dalas","10":"product_cat-celtniecibas-tehnikas-dalas","12":"first","13":"instock","14":"shipping-taxable","15":"purchasable","16":"product-type-simple"},"aioseo_notices":[],"_links":{"self":[{"href":"https:\/\/kasima.lt\/lv\/wp-json\/wp\/v2\/product\/103376","targetHints":{"allow":["GET"]}}],"collection":[{"href":"https:\/\/kasima.lt\/lv\/wp-json\/wp\/v2\/product"}],"about":[{"href":"https:\/\/kasima.lt\/lv\/wp-json\/wp\/v2\/types\/product"}],"wp:featuredmedia":[{"embeddable":true,"href":"https:\/\/kasima.lt\/lv\/wp-json\/wp\/v2\/media\/103366"}],"wp:attachment":[{"href":"https:\/\/kasima.lt\/lv\/wp-json\/wp\/v2\/media?parent=103376"}],"wp:term":[{"taxonomy":"product_brand","embeddable":true,"href":"https:\/\/kasima.lt\/lv\/wp-json\/wp\/v2\/product_brand?post=103376"},{"taxonomy":"product_cat","embeddable":true,"href":"https:\/\/kasima.lt\/lv\/wp-json\/wp\/v2\/product_cat?post=103376"},{"taxonomy":"product_tag","embeddable":true,"href":"https:\/\/kasima.lt\/lv\/wp-json\/wp\/v2\/product_tag?post=103376"}],"curies":[{"name":"wp","href":"https:\/\/api.w.org\/{rel}","templated":true}]}}