{"id":103276,"date":"2026-04-14T08:01:43","date_gmt":"2026-04-14T06:01:43","guid":{"rendered":"https:\/\/kasima.lt\/produktas\/moxy-mt31-variklio-gaubtas\/"},"modified":"2026-04-14T08:06:40","modified_gmt":"2026-04-14T06:06:40","slug":"moxy-mt31-variklio-gaubtas","status":"publish","type":"product","link":"https:\/\/kasima.lt\/lv\/produktas\/moxy-mt31-variklio-gaubtas\/","title":{"rendered":"Moxy MT31 motora p\u0101rsegs"},"content":{"rendered":"<p>Ori\u0123in\u0101ls lietots p\u0101rsegs, no\u0146emts no 2008. gada Moxy MT31<br \/>\nPiln\u012bb\u0101 p\u0101rbaud\u012bts un gatavs uzst\u0101d\u012b\u0161anai<br \/>\nPieg\u0101de vis\u0101 pasaul\u0113.<br \/>\nS\u016bt\u012bjuma svars un izm\u0113ri:<br \/>\n\u2022 Aptuveni 60 kg<br \/>\n\u2022 2500 x 1200 x 1000 mm<br \/>\nDetaljas numurs:<br \/>\n\u2022 MX514758<br \/>\n\u2022 MX505160<br \/>\u2022 MX505198 <\/p>\n","protected":false},"excerpt":{"rendered":"<p>Cena bez PVN<\/p>\n<p>Ra\u017eot\u0101js: DOOSAN<br \/>\nModelis: MOXMT31058<br \/>\nT\u0101lrunis: <a href=\"tel:+37060842988\">+37060842988<\/a><br \/>\nE-pasts: <a href=\"mailto:usedparts@kasima.lt\">usedparts@kasima.lt<\/a><\/p>\n","protected":false},"featured_media":103248,"template":"","meta":{"_et_pb_use_builder":"","_et_pb_old_content":"","_et_gb_content_width":"","_monsterinsights_skip_tracking":false,"_monsterinsights_sitenote_active":false,"_monsterinsights_sitenote_note":"","_monsterinsights_sitenote_category":0},"product_brand":[],"product_cat":[952,793,653,318,452],"product_tag":[],"class_list":{"0":"post-103276","1":"product","2":"type-product","3":"status-publish","4":"has-post-thumbnail","6":"product_cat-moxy-mt31-2008","7":"product_cat-doosan-dalas","8":"product_cat-motora-un-sanu-parsegi","9":"product_cat-lietotas-dalas","10":"product_cat-celtniecibas-tehnikas-dalas","12":"first","13":"instock","14":"shipping-taxable","15":"purchasable","16":"product-type-simple"},"aioseo_notices":[],"_links":{"self":[{"href":"https:\/\/kasima.lt\/lv\/wp-json\/wp\/v2\/product\/103276","targetHints":{"allow":["GET"]}}],"collection":[{"href":"https:\/\/kasima.lt\/lv\/wp-json\/wp\/v2\/product"}],"about":[{"href":"https:\/\/kasima.lt\/lv\/wp-json\/wp\/v2\/types\/product"}],"wp:featuredmedia":[{"embeddable":true,"href":"https:\/\/kasima.lt\/lv\/wp-json\/wp\/v2\/media\/103248"}],"wp:attachment":[{"href":"https:\/\/kasima.lt\/lv\/wp-json\/wp\/v2\/media?parent=103276"}],"wp:term":[{"taxonomy":"product_brand","embeddable":true,"href":"https:\/\/kasima.lt\/lv\/wp-json\/wp\/v2\/product_brand?post=103276"},{"taxonomy":"product_cat","embeddable":true,"href":"https:\/\/kasima.lt\/lv\/wp-json\/wp\/v2\/product_cat?post=103276"},{"taxonomy":"product_tag","embeddable":true,"href":"https:\/\/kasima.lt\/lv\/wp-json\/wp\/v2\/product_tag?post=103276"}],"curies":[{"name":"wp","href":"https:\/\/api.w.org\/{rel}","templated":true}]}}