{"id":102200,"date":"2026-04-07T15:05:37","date_gmt":"2026-04-07T13:05:37","guid":{"rendered":"https:\/\/kasima.lt\/produktas\/moxy-mt31-valdymo-voztuvo-blokas\/"},"modified":"2026-04-07T15:36:36","modified_gmt":"2026-04-07T13:36:36","slug":"moxy-mt31-valdymo-voztuvo-blokas","status":"publish","type":"product","link":"https:\/\/kasima.lt\/lv\/produktas\/moxy-mt31-valdymo-voztuvo-blokas\/","title":{"rendered":"Moxy MT31 st\u016bres v\u0101rstu bloks"},"content":{"rendered":"<p>Ori\u0123in\u0101la lietota deta\u013ca, iz\u0146emta no 2008. gada izlaiduma Moxy MT31<br \/>\nOri\u0123in\u0101ls OLSQ80 st\u016bres v\u0101rsts Moxy \u0161arn\u012brveida pa\u0161izg\u0101z\u0113jam<br \/>\nPiln\u012bb\u0101 p\u0101rbaud\u012bts un gatavs uzst\u0101d\u012b\u0161anai<br \/>\nPieg\u0101de vis\u0101 pasaul\u0113.<br \/>\nPieg\u0101des svars un izm\u0113ri:<br \/>\n\u2022 Aptuveni 35 kg<br \/>\n\u2022 400 x 300 x 300 mm<br \/>\nKataloga numurs:<br \/>\n\u2022 MX500706<br \/>\n\u2022 MX502018<br \/>\n\u2022 MX803525<br \/>\n\u2022 152B0103<br \/>\n\u2022 198F1447<br \/>\n\u2022 150F8010 <\/p>\n","protected":false},"excerpt":{"rendered":"<p>Cena bez PVN<\/p>\n<p>Ra\u017eot\u0101js: DOOSAN<br \/>\nModelis: MOXMT31022<br \/>\nT\u0101lrunis: <a href=\"tel:+37060842988\">+37060842988<\/a><br \/>\nE-pasts: <a href=\"mailto:usedparts@kasima.lt\">usedparts@kasima.lt<\/a><\/p>\n","protected":false},"featured_media":102148,"template":"","meta":{"_et_pb_use_builder":"","_et_pb_old_content":"","_et_gb_content_width":"","_monsterinsights_skip_tracking":false,"_monsterinsights_sitenote_active":false,"_monsterinsights_sitenote_note":"","_monsterinsights_sitenote_category":0},"product_brand":[],"product_cat":[952,793,633,318,452,677],"product_tag":[],"class_list":{"0":"post-102200","1":"product","2":"type-product","3":"status-publish","4":"has-post-thumbnail","6":"product_cat-moxy-mt31-2008","7":"product_cat-doosan-dalas","8":"product_cat-hidrauliskie-varsti","9":"product_cat-lietotas-dalas","10":"product_cat-celtniecibas-tehnikas-dalas","11":"product_cat-stures-mehanismi","13":"first","14":"instock","15":"shipping-taxable","16":"purchasable","17":"product-type-simple"},"aioseo_notices":[],"_links":{"self":[{"href":"https:\/\/kasima.lt\/lv\/wp-json\/wp\/v2\/product\/102200","targetHints":{"allow":["GET"]}}],"collection":[{"href":"https:\/\/kasima.lt\/lv\/wp-json\/wp\/v2\/product"}],"about":[{"href":"https:\/\/kasima.lt\/lv\/wp-json\/wp\/v2\/types\/product"}],"wp:featuredmedia":[{"embeddable":true,"href":"https:\/\/kasima.lt\/lv\/wp-json\/wp\/v2\/media\/102148"}],"wp:attachment":[{"href":"https:\/\/kasima.lt\/lv\/wp-json\/wp\/v2\/media?parent=102200"}],"wp:term":[{"taxonomy":"product_brand","embeddable":true,"href":"https:\/\/kasima.lt\/lv\/wp-json\/wp\/v2\/product_brand?post=102200"},{"taxonomy":"product_cat","embeddable":true,"href":"https:\/\/kasima.lt\/lv\/wp-json\/wp\/v2\/product_cat?post=102200"},{"taxonomy":"product_tag","embeddable":true,"href":"https:\/\/kasima.lt\/lv\/wp-json\/wp\/v2\/product_tag?post=102200"}],"curies":[{"name":"wp","href":"https:\/\/api.w.org\/{rel}","templated":true}]}}