{"id":102135,"date":"2026-04-07T13:42:31","date_gmt":"2026-04-07T11:42:31","guid":{"rendered":"https:\/\/kasima.lt\/produktas\/moxy-mt31-transmisijos-valdymo-blokas\/"},"modified":"2026-04-07T13:51:42","modified_gmt":"2026-04-07T11:51:42","slug":"moxy-mt31-transmisijos-valdymo-blokas","status":"publish","type":"product","link":"https:\/\/kasima.lt\/lv\/produktas\/moxy-mt31-transmisijos-valdymo-blokas\/","title":{"rendered":"Moxy MT31 p\u0101rnesumk\u0101rbas vad\u012bbas bloks"},"content":{"rendered":"<p>Ori\u0123in\u0101la lietota deta\u013ca, iz\u0146emta no 2008. gada izlaiduma Moxy MT31<br \/>\nOri\u0123in\u0101ls vad\u012bbas bloks (programmat\u016bra V919_cs_a) Moxy \u0161arn\u012brveida pa\u0161izg\u0101z\u0113jam<br \/>\nPiln\u012bb\u0101 p\u0101rbaud\u012bts un gatavs uzst\u0101d\u012b\u0161anai<br \/>\nPieg\u0101de vis\u0101 pasaul\u0113.<br \/>\nPieg\u0101des svars un izm\u0113ri:<br \/>\n\u2022 Apie 2 kg<br \/>\n\u2022 200 x 200 x 100 mm<br \/>\nKataloga numurs:<br \/>\n\u2022 MX519491<br \/>\n\u2022 EST-37A*<br \/>\n\u2022 6WG-260(4)<br \/>\n\u2022 ZF 6009092801<br \/>\n\u2022 44083058<br \/>\n\u2022 0260001038<br \/>\n\u2022 ZF 6009365007<br \/>\n\u2022 H07613C1205<br \/>\n\u2022 GB123808OYIP<\/p>\n","protected":false},"excerpt":{"rendered":"<p>Cena bez PVN<\/p>\n<p>Ra\u017eot\u0101js: DOOSAN<br \/>\nModelis: MOXMT31003<br \/>\nT\u0101lrunis: <a href=\"tel:+37060842988\">+37060842988<\/a><br \/>\nE-pasts: <a href=\"mailto:usedparts@kasima.lt\">usedparts@kasima.lt<\/a><\/p>\n","protected":false},"featured_media":102113,"template":"","meta":{"_et_pb_use_builder":"","_et_pb_old_content":"","_et_gb_content_width":"","_monsterinsights_skip_tracking":false,"_monsterinsights_sitenote_active":false,"_monsterinsights_sitenote_note":"","_monsterinsights_sitenote_category":0},"product_brand":[],"product_cat":[952,793,605,318,452],"product_tag":[],"class_list":{"0":"post-102135","1":"product","2":"type-product","3":"status-publish","4":"has-post-thumbnail","6":"product_cat-moxy-mt31-2008","7":"product_cat-doosan-dalas","8":"product_cat-vadibas-bloki","9":"product_cat-lietotas-dalas","10":"product_cat-celtniecibas-tehnikas-dalas","12":"first","13":"instock","14":"shipping-taxable","15":"purchasable","16":"product-type-simple"},"aioseo_notices":[],"_links":{"self":[{"href":"https:\/\/kasima.lt\/lv\/wp-json\/wp\/v2\/product\/102135","targetHints":{"allow":["GET"]}}],"collection":[{"href":"https:\/\/kasima.lt\/lv\/wp-json\/wp\/v2\/product"}],"about":[{"href":"https:\/\/kasima.lt\/lv\/wp-json\/wp\/v2\/types\/product"}],"wp:featuredmedia":[{"embeddable":true,"href":"https:\/\/kasima.lt\/lv\/wp-json\/wp\/v2\/media\/102113"}],"wp:attachment":[{"href":"https:\/\/kasima.lt\/lv\/wp-json\/wp\/v2\/media?parent=102135"}],"wp:term":[{"taxonomy":"product_brand","embeddable":true,"href":"https:\/\/kasima.lt\/lv\/wp-json\/wp\/v2\/product_brand?post=102135"},{"taxonomy":"product_cat","embeddable":true,"href":"https:\/\/kasima.lt\/lv\/wp-json\/wp\/v2\/product_cat?post=102135"},{"taxonomy":"product_tag","embeddable":true,"href":"https:\/\/kasima.lt\/lv\/wp-json\/wp\/v2\/product_tag?post=102135"}],"curies":[{"name":"wp","href":"https:\/\/api.w.org\/{rel}","templated":true}]}}