{"id":102088,"date":"2026-04-07T10:18:32","date_gmt":"2026-04-07T08:18:32","guid":{"rendered":"https:\/\/kasima.lt\/produktas\/case-puma-priekines-pakabos-remas\/"},"modified":"2026-04-07T10:23:34","modified_gmt":"2026-04-07T08:23:34","slug":"case-puma-priekines-pakabos-remas","status":"publish","type":"product","link":"https:\/\/kasima.lt\/lv\/produktas\/case-puma-priekines-pakabos-remas\/","title":{"rendered":"Case Puma priek\u0161\u0113j\u0101 pac\u0113l\u0101ja r\u0101mis"},"content":{"rendered":"<p>Ori\u0123in\u0101la lietota deta\u013ca, demont\u0113ta no Case Puma CVX 185, 2018. gads<br \/>\nOri\u0123in\u0101ls pac\u0113l\u0101ja r\u0101mis Case un New Holland traktoriem.<br \/>\nPiln\u012bb\u0101 p\u0101rbaud\u012bts un gatavs uzst\u0101d\u012b\u0161anai<br \/>\nPieg\u0101de vis\u0101 pasaul\u0113.<br \/>\nPieg\u0101des svars un izm\u0113ri:<br \/>\n\u2022 Aptuveni 196 kg<br \/>\n\u2022 800 x 700 x 700 mm<br \/>\nKataloga numurs:<br \/>\n\u2022 84470290<br \/>\nSavietojam\u012bba:<br \/>\n\u2022 Case IH Puma (150, 165, 175, 185, 200, 215, 220, 240)<br \/>\n\u2022 New Holland T7 (SWB un LWB mode\u013ci). <\/p>\n","protected":false},"excerpt":{"rendered":"<p>Cena bez PVN<\/p>\n<p>Ra\u017eot\u0101js: CASE IH<br \/>\nModelis: CS185PUMA0013<br \/>\nT\u0101lrunis: <a href=\"tel:+37060842988\">+37060842988<\/a><br \/>\nE-pasts: <a href=\"mailto:usedparts@kasima.lt\">usedparts@kasima.lt<\/a><\/p>\n","protected":false},"featured_media":102054,"template":"","meta":{"_et_pb_use_builder":"","_et_pb_old_content":"","_et_gb_content_width":"","_monsterinsights_skip_tracking":false,"_monsterinsights_sitenote_active":false,"_monsterinsights_sitenote_note":"","_monsterinsights_sitenote_category":0},"product_brand":[],"product_cat":[867,508,842,318,701,455],"product_tag":[],"class_list":{"0":"post-102088","1":"product","2":"type-product","3":"status-publish","4":"has-post-thumbnail","6":"product_cat-sakabes-ierices-un-detalas","7":"product_cat-case-dalas","8":"product_cat-puma-cvx-185-2018","9":"product_cat-lietotas-dalas","10":"product_cat-traktoru-dalas","11":"product_cat-lauksaimniecibas-tehnikas-dalas","13":"first","14":"instock","15":"shipping-taxable","16":"purchasable","17":"product-type-simple"},"aioseo_notices":[],"_links":{"self":[{"href":"https:\/\/kasima.lt\/lv\/wp-json\/wp\/v2\/product\/102088","targetHints":{"allow":["GET"]}}],"collection":[{"href":"https:\/\/kasima.lt\/lv\/wp-json\/wp\/v2\/product"}],"about":[{"href":"https:\/\/kasima.lt\/lv\/wp-json\/wp\/v2\/types\/product"}],"wp:featuredmedia":[{"embeddable":true,"href":"https:\/\/kasima.lt\/lv\/wp-json\/wp\/v2\/media\/102054"}],"wp:attachment":[{"href":"https:\/\/kasima.lt\/lv\/wp-json\/wp\/v2\/media?parent=102088"}],"wp:term":[{"taxonomy":"product_brand","embeddable":true,"href":"https:\/\/kasima.lt\/lv\/wp-json\/wp\/v2\/product_brand?post=102088"},{"taxonomy":"product_cat","embeddable":true,"href":"https:\/\/kasima.lt\/lv\/wp-json\/wp\/v2\/product_cat?post=102088"},{"taxonomy":"product_tag","embeddable":true,"href":"https:\/\/kasima.lt\/lv\/wp-json\/wp\/v2\/product_tag?post=102088"}],"curies":[{"name":"wp","href":"https:\/\/api.w.org\/{rel}","templated":true}]}}