{"id":102047,"date":"2026-04-07T10:03:32","date_gmt":"2026-04-07T08:03:32","guid":{"rendered":"https:\/\/kasima.lt\/produktas\/case-puma-priekines-pakabos-hidraulinis-akumuliatorius\/"},"modified":"2026-04-07T10:08:36","modified_gmt":"2026-04-07T08:08:36","slug":"case-puma-priekines-pakabos-hidraulinis-akumuliatorius","status":"publish","type":"product","link":"https:\/\/kasima.lt\/lv\/produktas\/case-puma-priekines-pakabos-hidraulinis-akumuliatorius\/","title":{"rendered":"Case Puma priek\u0161\u0113j\u0101s pacel\u0161anas hidraulisk\u0101 akumulatora"},"content":{"rendered":"<p>Ori\u0123in\u0101la lietota deta\u013ca, iz\u0146emta no Case Puma CVX 185 (2018. gads)<br \/>\nOri\u0123in\u0101ls akumulators Case un New Holland traktoriem.<br \/>\nPiln\u012bb\u0101 p\u0101rbaud\u012bts un gatavs uzst\u0101d\u012b\u0161anai<br \/>\nPieg\u0101de vis\u0101 pasaul\u0113.<br \/>\nPieg\u0101des svars un izm\u0113ri:<br \/>\n\u2022 Aptuveni 2 kg<br \/>\n\u2022 150 x 150 x 150 mm<br \/>\nKataloga numurs:<br \/>\n\u2022 84290006<br \/>\nSavietojam\u012bba:<br \/>\n\u2022 Case IH: Puma 150, 165, 185, 200, 220, 240 (CVXDrive un Multicontroller).<br \/>\n\u2022 New Holland: T7.175, T7.190, T7.210, T7.230, T7.245, T7.260, T7.270 (AutoCommand un PowerCommand).<\/p>\n","protected":false},"excerpt":{"rendered":"<p>Cena bez PVN<\/p>\n<p>Ra\u017eot\u0101js: CASE IH<br \/>\nModelis: CS185PUMA0062<br \/>\nT\u0101lrunis: <a href=\"tel:+37060842988\">+37060842988<\/a><br \/>\nE-pasts: <a href=\"mailto:usedparts@kasima.lt\">usedparts@kasima.lt<\/a><\/p>\n","protected":false},"featured_media":102019,"template":"","meta":{"_et_pb_use_builder":"","_et_pb_old_content":"","_et_gb_content_width":"","_monsterinsights_skip_tracking":false,"_monsterinsights_sitenote_active":false,"_monsterinsights_sitenote_note":"","_monsterinsights_sitenote_category":0},"product_brand":[],"product_cat":[508,842,633,318,701,455],"product_tag":[],"class_list":{"0":"post-102047","1":"product","2":"type-product","3":"status-publish","4":"has-post-thumbnail","6":"product_cat-case-dalas","7":"product_cat-puma-cvx-185-2018","8":"product_cat-hidrauliskie-varsti","9":"product_cat-lietotas-dalas","10":"product_cat-traktoru-dalas","11":"product_cat-lauksaimniecibas-tehnikas-dalas","13":"first","14":"instock","15":"shipping-taxable","16":"purchasable","17":"product-type-simple"},"aioseo_notices":[],"_links":{"self":[{"href":"https:\/\/kasima.lt\/lv\/wp-json\/wp\/v2\/product\/102047","targetHints":{"allow":["GET"]}}],"collection":[{"href":"https:\/\/kasima.lt\/lv\/wp-json\/wp\/v2\/product"}],"about":[{"href":"https:\/\/kasima.lt\/lv\/wp-json\/wp\/v2\/types\/product"}],"wp:featuredmedia":[{"embeddable":true,"href":"https:\/\/kasima.lt\/lv\/wp-json\/wp\/v2\/media\/102019"}],"wp:attachment":[{"href":"https:\/\/kasima.lt\/lv\/wp-json\/wp\/v2\/media?parent=102047"}],"wp:term":[{"taxonomy":"product_brand","embeddable":true,"href":"https:\/\/kasima.lt\/lv\/wp-json\/wp\/v2\/product_brand?post=102047"},{"taxonomy":"product_cat","embeddable":true,"href":"https:\/\/kasima.lt\/lv\/wp-json\/wp\/v2\/product_cat?post=102047"},{"taxonomy":"product_tag","embeddable":true,"href":"https:\/\/kasima.lt\/lv\/wp-json\/wp\/v2\/product_tag?post=102047"}],"curies":[{"name":"wp","href":"https:\/\/api.w.org\/{rel}","templated":true}]}}