{"id":101894,"date":"2026-04-07T08:47:52","date_gmt":"2026-04-07T06:47:52","guid":{"rendered":"https:\/\/kasima.lt\/produktas\/case-puma-priekines-pakabos-apatine-jungtis-slaunis\/"},"modified":"2026-04-07T08:52:14","modified_gmt":"2026-04-07T06:52:14","slug":"case-puma-priekines-pakabos-apatine-jungtis-slaunis","status":"publish","type":"product","link":"https:\/\/kasima.lt\/lv\/produktas\/case-puma-priekines-pakabos-apatine-jungtis-slaunis\/","title":{"rendered":"Case Puma priek\u0161\u0113j\u0101s pacel\u0161anas sist\u0113mas apak\u0161\u0113j\u0101 svira"},"content":{"rendered":"<p>Ori\u0123in\u0101la lietota deta\u013ca, iz\u0146emta no Case Puma CVX 185 (2018. gads)<br \/>\nOri\u0123in\u0101l\u0101 svira Case un New Holland traktoriem.<br \/>\nPiln\u012bb\u0101 p\u0101rbaud\u012bta un gatava uzst\u0101d\u012b\u0161anai<br \/>\nPieg\u0101de vis\u0101 pasaul\u0113.<br \/>\nPieg\u0101des svars un izm\u0113ri:<br \/>\n\u2022 Aptuveni 34 kg<br \/>\n\u2022 800 x 200 x 200 mm<br \/>\nKataloga numurs:<br \/>\n\u2022 84474138<br \/>\n\u2022 84474136<br \/>\n\u2022 84466675<br \/>\n\u2022 84466668<br \/>\nCena par vien\u012bbu<\/p>\n","protected":false},"excerpt":{"rendered":"<p>Cena bez PVN<\/p>\n<p>Ra\u017eot\u0101js: CASE IH<br \/>\nModelis: CS185PUMA0059<br \/>\nT\u0101lrunis: <a href=\"tel:+37060842988\">+37060842988<\/a><br \/>\nE-pasts: <a href=\"mailto:usedparts@kasima.lt\">usedparts@kasima.lt<\/a><\/p>\n","protected":false},"featured_media":101830,"template":"","meta":{"_et_pb_use_builder":"","_et_pb_old_content":"","_et_gb_content_width":"","_monsterinsights_skip_tracking":false,"_monsterinsights_sitenote_active":false,"_monsterinsights_sitenote_note":"","_monsterinsights_sitenote_category":0},"product_brand":[],"product_cat":[867,508,842,318,701,455],"product_tag":[],"class_list":{"0":"post-101894","1":"product","2":"type-product","3":"status-publish","4":"has-post-thumbnail","6":"product_cat-sakabes-ierices-un-detalas","7":"product_cat-case-dalas","8":"product_cat-puma-cvx-185-2018","9":"product_cat-lietotas-dalas","10":"product_cat-traktoru-dalas","11":"product_cat-lauksaimniecibas-tehnikas-dalas","13":"first","14":"instock","15":"shipping-taxable","16":"purchasable","17":"product-type-simple"},"aioseo_notices":[],"_links":{"self":[{"href":"https:\/\/kasima.lt\/lv\/wp-json\/wp\/v2\/product\/101894","targetHints":{"allow":["GET"]}}],"collection":[{"href":"https:\/\/kasima.lt\/lv\/wp-json\/wp\/v2\/product"}],"about":[{"href":"https:\/\/kasima.lt\/lv\/wp-json\/wp\/v2\/types\/product"}],"wp:featuredmedia":[{"embeddable":true,"href":"https:\/\/kasima.lt\/lv\/wp-json\/wp\/v2\/media\/101830"}],"wp:attachment":[{"href":"https:\/\/kasima.lt\/lv\/wp-json\/wp\/v2\/media?parent=101894"}],"wp:term":[{"taxonomy":"product_brand","embeddable":true,"href":"https:\/\/kasima.lt\/lv\/wp-json\/wp\/v2\/product_brand?post=101894"},{"taxonomy":"product_cat","embeddable":true,"href":"https:\/\/kasima.lt\/lv\/wp-json\/wp\/v2\/product_cat?post=101894"},{"taxonomy":"product_tag","embeddable":true,"href":"https:\/\/kasima.lt\/lv\/wp-json\/wp\/v2\/product_tag?post=101894"}],"curies":[{"name":"wp","href":"https:\/\/api.w.org\/{rel}","templated":true}]}}