{"id":101757,"date":"2026-04-03T10:46:01","date_gmt":"2026-04-03T08:46:01","guid":{"rendered":"https:\/\/kasima.lt\/produktas\/bobcat-e85-isiurbimo-vamzdis\/"},"modified":"2026-04-03T10:50:30","modified_gmt":"2026-04-03T08:50:30","slug":"bobcat-e85-isiurbimo-vamzdis","status":"publish","type":"product","link":"https:\/\/kasima.lt\/lv\/produktas\/bobcat-e85-isiurbimo-vamzdis\/","title":{"rendered":"Bobcat E85 s\u016bk\u0161anas caurule"},"content":{"rendered":"<p>Ori\u0123in\u0101la lietota deta\u013ca, iz\u0146emta no Bobcat E85 (2017)<br \/>\nOri\u0123in\u0101la Doosan caurule Bobcat ekskavatoriem.<br \/>\nPiln\u012bb\u0101 p\u0101rbaud\u012bta un gatava uzst\u0101d\u012b\u0161anai<br \/>\nPieg\u0101de vis\u0101 pasaul\u0113.<br \/>\nPieg\u0101des svars un izm\u0113ri:<br \/>\n\u2022 Aptuveni 5 kg<br \/>\n\u2022 400 x 300 x 100 mm<br \/>\nKataloga numurs:<br \/>\n\u2022 420218-00059<\/p>\n","protected":false},"excerpt":{"rendered":"<p>Cena bez PVN<\/p>\n<p>Ra\u017eot\u0101js: BOBCAT<br \/>\nModelis: BOBCE85038<br \/>\nT\u0101lrunis: <a href=\"tel:+37060842988\">+37060842988<\/a><br \/>\nE-pasts: <a href=\"mailto:usedparts@kasima.lt\">usedparts@kasima.lt<\/a><\/p>\n","protected":false},"featured_media":101735,"template":"","meta":{"_et_pb_use_builder":"","_et_pb_old_content":"","_et_gb_content_width":"","_monsterinsights_skip_tracking":false,"_monsterinsights_sitenote_active":false,"_monsterinsights_sitenote_note":"","_monsterinsights_sitenote_category":0},"product_brand":[],"product_cat":[961,407,625,318,685,452],"product_tag":[],"class_list":{"0":"post-101757","1":"product","2":"type-product","3":"status-publish","4":"has-post-thumbnail","6":"product_cat-e85","7":"product_cat-bobcat-dalas","8":"product_cat-hidrauliskas-caurules-un-dalas","9":"product_cat-lietotas-dalas","10":"product_cat-ekskavatoru-dalas","11":"product_cat-celtniecibas-tehnikas-dalas","13":"first","14":"instock","15":"shipping-taxable","16":"purchasable","17":"product-type-simple"},"aioseo_notices":[],"_links":{"self":[{"href":"https:\/\/kasima.lt\/lv\/wp-json\/wp\/v2\/product\/101757","targetHints":{"allow":["GET"]}}],"collection":[{"href":"https:\/\/kasima.lt\/lv\/wp-json\/wp\/v2\/product"}],"about":[{"href":"https:\/\/kasima.lt\/lv\/wp-json\/wp\/v2\/types\/product"}],"wp:featuredmedia":[{"embeddable":true,"href":"https:\/\/kasima.lt\/lv\/wp-json\/wp\/v2\/media\/101735"}],"wp:attachment":[{"href":"https:\/\/kasima.lt\/lv\/wp-json\/wp\/v2\/media?parent=101757"}],"wp:term":[{"taxonomy":"product_brand","embeddable":true,"href":"https:\/\/kasima.lt\/lv\/wp-json\/wp\/v2\/product_brand?post=101757"},{"taxonomy":"product_cat","embeddable":true,"href":"https:\/\/kasima.lt\/lv\/wp-json\/wp\/v2\/product_cat?post=101757"},{"taxonomy":"product_tag","embeddable":true,"href":"https:\/\/kasima.lt\/lv\/wp-json\/wp\/v2\/product_tag?post=101757"}],"curies":[{"name":"wp","href":"https:\/\/api.w.org\/{rel}","templated":true}]}}