{"id":100967,"date":"2026-03-30T10:31:14","date_gmt":"2026-03-30T08:31:14","guid":{"rendered":"https:\/\/kasima.lt\/produktas\/bobcat-tl358-2015\/"},"modified":"2026-03-30T11:55:58","modified_gmt":"2026-03-30T09:55:58","slug":"bobcat-tl358-2015","status":"publish","type":"product","link":"https:\/\/kasima.lt\/lv\/produktas\/bobcat-tl358-2015\/","title":{"rendered":"Bobcat TL358+ AGRI"},"content":{"rendered":"<p>Bobcat TL358+ AGRI teleskopiskais iekr\u0101v\u0113js, paredz\u0113ts lauksaimniec\u012bbai<\/p>\n<p>Gads: 2015<br \/>\nDarba stundas: 4 512 h<br \/>\nCeltsp\u0113ja: 3 000 kg<br \/>\nPacel\u0161anas augstums: 6 m<br \/>\nDzin\u0113js: 100 ZS<br \/>\nSt\u016br\u0113\u0161anas re\u017e\u012bmi: priek\u0161\u0113jais, aizmugur\u0113jais un \u201ckrabja\u201d re\u017e\u012bms<br \/>\nApsild\u0101ma kab\u012bne<br \/>\nGaisa kondicionieris<br \/>\nHidrauliskie apr\u012bkojuma savienojumi<br \/>\nPiekabes \u0101\u0137is<\/p>\n<p><iframe loading=\"lazy\" title=\"Bobcat TL358+\u2502 UAB KASIMA\" width=\"1080\" height=\"608\" src=\"https:\/\/www.youtube.com\/embed\/REyzGvGL-PA?feature=oembed\"  allow=\"accelerometer; autoplay; clipboard-write; encrypted-media; gyroscope; picture-in-picture; web-share\" referrerpolicy=\"strict-origin-when-cross-origin\" allowfullscreen><\/iframe><\/p>\n","protected":false},"excerpt":{"rendered":"<p>Cena bez PVN<\/p>\n<p>Ra\u017eot\u0101js: bobcat<br \/>\nModelis: TL358+<br \/>\nZvans: <a href=\"tel:+37067607071\">+37067607071<\/a><br \/>\nE-pasts: <a href=\"mailto:sales@kasima.lt\">sales@kasima.lt<\/a><\/p>\n","protected":false},"featured_media":100795,"template":"","meta":{"_et_pb_use_builder":"","_et_pb_old_content":"","_et_gb_content_width":"","_monsterinsights_skip_tracking":false,"_monsterinsights_sitenote_active":false,"_monsterinsights_sitenote_note":"","_monsterinsights_sitenote_category":0},"product_brand":[],"product_cat":[176],"product_tag":[],"class_list":{"0":"post-100967","1":"product","2":"type-product","3":"status-publish","4":"has-post-thumbnail","6":"product_cat-lauksaimnieciba","8":"first","9":"instock","10":"shipping-taxable","11":"purchasable","12":"product-type-simple"},"aioseo_notices":[],"_links":{"self":[{"href":"https:\/\/kasima.lt\/lv\/wp-json\/wp\/v2\/product\/100967","targetHints":{"allow":["GET"]}}],"collection":[{"href":"https:\/\/kasima.lt\/lv\/wp-json\/wp\/v2\/product"}],"about":[{"href":"https:\/\/kasima.lt\/lv\/wp-json\/wp\/v2\/types\/product"}],"wp:featuredmedia":[{"embeddable":true,"href":"https:\/\/kasima.lt\/lv\/wp-json\/wp\/v2\/media\/100795"}],"wp:attachment":[{"href":"https:\/\/kasima.lt\/lv\/wp-json\/wp\/v2\/media?parent=100967"}],"wp:term":[{"taxonomy":"product_brand","embeddable":true,"href":"https:\/\/kasima.lt\/lv\/wp-json\/wp\/v2\/product_brand?post=100967"},{"taxonomy":"product_cat","embeddable":true,"href":"https:\/\/kasima.lt\/lv\/wp-json\/wp\/v2\/product_cat?post=100967"},{"taxonomy":"product_tag","embeddable":true,"href":"https:\/\/kasima.lt\/lv\/wp-json\/wp\/v2\/product_tag?post=100967"}],"curies":[{"name":"wp","href":"https:\/\/api.w.org\/{rel}","templated":true}]}}