{"id":100711,"date":"2026-03-27T11:47:09","date_gmt":"2026-03-27T09:47:09","guid":{"rendered":"https:\/\/kasima.lt\/produktas\/bobcat-e85-kuro-bakas\/"},"modified":"2026-03-27T11:51:39","modified_gmt":"2026-03-27T09:51:39","slug":"bobcat-e85-kuro-bakas","status":"publish","type":"product","link":"https:\/\/kasima.lt\/lv\/produktas\/bobcat-e85-kuro-bakas\/","title":{"rendered":"Bobcat E85 degvielas tvertne"},"content":{"rendered":"<p>Ori\u0123in\u0101la lietota deta\u013ca, iz\u0146emta no Bobcat E85 (2017)<br \/>\nOri\u0123in\u0101la degvielas tvertne Bobcat ekskavatoriem.<br \/>\nUz t\u0101s ir da\u017eas apdeguma p\u0113das, ta\u010du tas neietekm\u0113 t\u0101s darb\u012bbu.<br \/>\nPiln\u012bb\u0101 p\u0101rbaud\u012bta un gatava uzst\u0101d\u012b\u0161anai<br \/>\nPieg\u0101de vis\u0101 pasaul\u0113.<br \/>\nPieg\u0101des svars un izm\u0113ri:<br \/>\n\u2022 Aptuveni 40 kg<br \/>\n\u2022 900 x 500 x 600 mm<br \/>\nKataloga numurs:<br \/>\n\u2022 7277961<br \/>\n\u2022 7332414<br \/>\n\u2022 K1029855A<br \/>\n\u2022 JWCC07<\/p>\n","protected":false},"excerpt":{"rendered":"<p>Cena bez PVN<\/p>\n<p>Ra\u017eot\u0101js: BOBCAT<br \/>\nModelis: BOBCE85019<br \/>\nT\u0101lrunis: <a href=\"tel:+37060842988\">+37060842988<\/a><br \/>\nE-pasts: <a href=\"mailto:usedparts@kasima.lt\">usedparts@kasima.lt<\/a><\/p>\n","protected":false},"featured_media":100623,"template":"","meta":{"_et_pb_use_builder":"","_et_pb_old_content":"","_et_gb_content_width":"","_monsterinsights_skip_tracking":false,"_monsterinsights_sitenote_active":false,"_monsterinsights_sitenote_note":"","_monsterinsights_sitenote_category":0},"product_brand":[],"product_cat":[961,407,649,318,685,452],"product_tag":[],"class_list":{"0":"post-100711","1":"product","2":"type-product","3":"status-publish","4":"has-post-thumbnail","6":"product_cat-e85","7":"product_cat-bobcat-dalas","8":"product_cat-degvielas-un-skidrumu-tvertnes","9":"product_cat-lietotas-dalas","10":"product_cat-ekskavatoru-dalas","11":"product_cat-celtniecibas-tehnikas-dalas","13":"first","14":"instock","15":"shipping-taxable","16":"purchasable","17":"product-type-simple"},"aioseo_notices":[],"_links":{"self":[{"href":"https:\/\/kasima.lt\/lv\/wp-json\/wp\/v2\/product\/100711","targetHints":{"allow":["GET"]}}],"collection":[{"href":"https:\/\/kasima.lt\/lv\/wp-json\/wp\/v2\/product"}],"about":[{"href":"https:\/\/kasima.lt\/lv\/wp-json\/wp\/v2\/types\/product"}],"wp:featuredmedia":[{"embeddable":true,"href":"https:\/\/kasima.lt\/lv\/wp-json\/wp\/v2\/media\/100623"}],"wp:attachment":[{"href":"https:\/\/kasima.lt\/lv\/wp-json\/wp\/v2\/media?parent=100711"}],"wp:term":[{"taxonomy":"product_brand","embeddable":true,"href":"https:\/\/kasima.lt\/lv\/wp-json\/wp\/v2\/product_brand?post=100711"},{"taxonomy":"product_cat","embeddable":true,"href":"https:\/\/kasima.lt\/lv\/wp-json\/wp\/v2\/product_cat?post=100711"},{"taxonomy":"product_tag","embeddable":true,"href":"https:\/\/kasima.lt\/lv\/wp-json\/wp\/v2\/product_tag?post=100711"}],"curies":[{"name":"wp","href":"https:\/\/api.w.org\/{rel}","templated":true}]}}