{"id":100270,"date":"2026-03-26T13:29:59","date_gmt":"2026-03-26T11:29:59","guid":{"rendered":"https:\/\/kasima.lt\/produktas\/bobcat-e85-apatiniai-ritiniai\/"},"modified":"2026-03-26T13:34:17","modified_gmt":"2026-03-26T11:34:17","slug":"bobcat-e85-apatiniai-ritiniai","status":"publish","type":"product","link":"https:\/\/kasima.lt\/lv\/produktas\/bobcat-e85-apatiniai-ritiniai\/","title":{"rendered":"Bobcat E85 apak\u0161\u0113jie velt\u0146i"},"content":{"rendered":"<p>Ori\u0123in\u0101la lietota deta\u013ca, iz\u0146emta no Bobcat E85 (2017)<br \/>\nOri\u0123in\u0101li Doosan velt\u0146i Bobcat ekskavatoriem.<br \/>\nPiln\u012bb\u0101 p\u0101rbaud\u012bti un gatavi uzst\u0101d\u012b\u0161anai.<br \/>\nPieg\u0101de vis\u0101 pasaul\u0113.<br \/>\nPieg\u0101des svars un izm\u0113ri:<br \/>\n\u2022 Aptuveni 15 kg<br \/>\n\u2022 300 x 200 x 200 mm<br \/>\nKataloga numurs:<br \/>\n\u2022 7004933<br \/>\nCena par vien\u012bbu<\/p>\n","protected":false},"excerpt":{"rendered":"<p>Cena bez PVN<\/p>\n<p>Ra\u017eot\u0101js: BOBCAT<br \/>\nModelis: BOBCE85010<br \/>\nT\u0101lrunis: <a href=\"tel:+37060842988\">+37060842988<\/a><br \/>\nE-pasts: <a href=\"mailto:usedparts@kasima.lt\">usedparts@kasima.lt<\/a><\/p>\n","protected":false},"featured_media":100248,"template":"","meta":{"_et_pb_use_builder":"","_et_pb_old_content":"","_et_gb_content_width":"","_monsterinsights_skip_tracking":false,"_monsterinsights_sitenote_active":false,"_monsterinsights_sitenote_note":"","_monsterinsights_sitenote_category":0},"product_brand":[],"product_cat":[961,407,318,685,452,681],"product_tag":[],"class_list":{"0":"post-100270","1":"product","2":"type-product","3":"status-publish","4":"has-post-thumbnail","6":"product_cat-e85","7":"product_cat-bobcat-dalas","8":"product_cat-lietotas-dalas","9":"product_cat-ekskavatoru-dalas","10":"product_cat-celtniecibas-tehnikas-dalas","11":"product_cat-kapuri-un-to-dalas","13":"first","14":"instock","15":"shipping-taxable","16":"purchasable","17":"product-type-simple"},"aioseo_notices":[],"_links":{"self":[{"href":"https:\/\/kasima.lt\/lv\/wp-json\/wp\/v2\/product\/100270","targetHints":{"allow":["GET"]}}],"collection":[{"href":"https:\/\/kasima.lt\/lv\/wp-json\/wp\/v2\/product"}],"about":[{"href":"https:\/\/kasima.lt\/lv\/wp-json\/wp\/v2\/types\/product"}],"wp:featuredmedia":[{"embeddable":true,"href":"https:\/\/kasima.lt\/lv\/wp-json\/wp\/v2\/media\/100248"}],"wp:attachment":[{"href":"https:\/\/kasima.lt\/lv\/wp-json\/wp\/v2\/media?parent=100270"}],"wp:term":[{"taxonomy":"product_brand","embeddable":true,"href":"https:\/\/kasima.lt\/lv\/wp-json\/wp\/v2\/product_brand?post=100270"},{"taxonomy":"product_cat","embeddable":true,"href":"https:\/\/kasima.lt\/lv\/wp-json\/wp\/v2\/product_cat?post=100270"},{"taxonomy":"product_tag","embeddable":true,"href":"https:\/\/kasima.lt\/lv\/wp-json\/wp\/v2\/product_tag?post=100270"}],"curies":[{"name":"wp","href":"https:\/\/api.w.org\/{rel}","templated":true}]}}