{"id":100194,"date":"2026-03-26T11:49:19","date_gmt":"2026-03-26T09:49:19","guid":{"rendered":"https:\/\/kasima.lt\/produktas\/bobcat-e85-vaziavimo-variklis\/"},"modified":"2026-03-26T11:55:03","modified_gmt":"2026-03-26T09:55:03","slug":"bobcat-e85-vaziavimo-variklis","status":"publish","type":"product","link":"https:\/\/kasima.lt\/lv\/produktas\/bobcat-e85-vaziavimo-variklis\/","title":{"rendered":"Bobcat E85 p\u0101rvieto\u0161an\u0101s motors"},"content":{"rendered":"<p>Ori\u0123in\u0101la lietota deta\u013ca, iz\u0146emta no Bobcat E85 (2017)<br \/>\nOri\u0123in\u0101ls Nabtesco p\u0101rvieto\u0161an\u0101s motors Bobcat ekskavatoriem.<br \/>\nPiln\u012bb\u0101 p\u0101rbaud\u012bts un gatavs uzst\u0101d\u012b\u0161anai.<br \/>\nPieg\u0101de vis\u0101 pasaul\u0113.<br \/>\nPieg\u0101des svars un izm\u0113ri:<br \/>\n\u2022 Aptuveni 100 kg<br \/>\n\u2022 550 x 550 x 400 mm<br \/>\nKataloga numurs:<br \/>\n\u2022 7302653<br \/>\n\u2022 7029548<br \/>\n\u2022 GM10VA-B-32\/56-1<br \/>\n\u2022 MSP10106B<br \/>\n\u2022 170401-00074A<br \/>\n\u2022 15101993<\/p>\n","protected":false},"excerpt":{"rendered":"<p>Cena bez PVN<\/p>\n<p>Ra\u017eot\u0101js: BOBCAT<br \/>\nModelis: BOBCE85007<br \/>\nT\u0101lrunis: <a href=\"tel:+37060842988\">+37060842988<\/a><br \/>\nE-pasts: <a href=\"mailto:usedparts@kasima.lt\">usedparts@kasima.lt<\/a><\/p>\n","protected":false},"featured_media":100166,"template":"","meta":{"_et_pb_use_builder":"","_et_pb_old_content":"","_et_gb_content_width":"","_monsterinsights_skip_tracking":false,"_monsterinsights_sitenote_active":false,"_monsterinsights_sitenote_note":"","_monsterinsights_sitenote_category":0},"product_brand":[],"product_cat":[961,407,629,318,685,452,717],"product_tag":[],"class_list":{"0":"post-100194","1":"product","2":"type-product","3":"status-publish","4":"has-post-thumbnail","6":"product_cat-e85","7":"product_cat-bobcat-dalas","8":"product_cat-hidrauliskie-motori","9":"product_cat-lietotas-dalas","10":"product_cat-ekskavatoru-dalas","11":"product_cat-celtniecibas-tehnikas-dalas","12":"product_cat-reduktori-un-piedzinas-motori","14":"first","15":"instock","16":"shipping-taxable","17":"purchasable","18":"product-type-simple"},"aioseo_notices":[],"_links":{"self":[{"href":"https:\/\/kasima.lt\/lv\/wp-json\/wp\/v2\/product\/100194","targetHints":{"allow":["GET"]}}],"collection":[{"href":"https:\/\/kasima.lt\/lv\/wp-json\/wp\/v2\/product"}],"about":[{"href":"https:\/\/kasima.lt\/lv\/wp-json\/wp\/v2\/types\/product"}],"wp:featuredmedia":[{"embeddable":true,"href":"https:\/\/kasima.lt\/lv\/wp-json\/wp\/v2\/media\/100166"}],"wp:attachment":[{"href":"https:\/\/kasima.lt\/lv\/wp-json\/wp\/v2\/media?parent=100194"}],"wp:term":[{"taxonomy":"product_brand","embeddable":true,"href":"https:\/\/kasima.lt\/lv\/wp-json\/wp\/v2\/product_brand?post=100194"},{"taxonomy":"product_cat","embeddable":true,"href":"https:\/\/kasima.lt\/lv\/wp-json\/wp\/v2\/product_cat?post=100194"},{"taxonomy":"product_tag","embeddable":true,"href":"https:\/\/kasima.lt\/lv\/wp-json\/wp\/v2\/product_tag?post=100194"}],"curies":[{"name":"wp","href":"https:\/\/api.w.org\/{rel}","templated":true}]}}