{"id":7216,"date":"2022-11-09T14:09:52","date_gmt":"2022-11-09T12:09:52","guid":{"rendered":"https:\/\/kasima.lt\/par-mums\/"},"modified":"2026-03-16T09:16:44","modified_gmt":"2026-03-16T07:16:44","slug":"par-mums","status":"publish","type":"page","link":"https:\/\/kasima.lt\/lv\/par-mums\/","title":{"rendered":"Par mums"},"content":{"rendered":"<p>[et_pb_section fb_built=&#8221;1&#8243; admin_label=&#8221;Header&#8221; _builder_version=&#8221;4.27.4&#8243; _module_preset=&#8221;default&#8221; use_background_color_gradient=&#8221;on&#8221; background_color_gradient_stops=&#8221;rgba(0,0,0,0.3) 0%|rgba(0,0,0,0.3) 100%&#8221; background_color_gradient_overlays_image=&#8221;on&#8221; background_image=&#8221;https:\/\/kasima.lt\/wp-content\/uploads\/2023\/01\/apie-1.png&#8221; locked=&#8221;off&#8221; collapsed=&#8221;on&#8221; global_colors_info=&#8221;{}&#8221;][et_pb_row _builder_version=&#8221;4.22.0&#8243; _module_preset=&#8221;default&#8221; global_colors_info=&#8221;{}&#8221;][et_pb_column type=&#8221;4_4&#8243; _builder_version=&#8221;4.22.0&#8243; _module_preset=&#8221;default&#8221; custom_padding=&#8221;60px||60px||true|false&#8221; custom_padding_tablet=&#8221;0px||0px||true|false&#8221; custom_padding_phone=&#8221;0px||0px||true|false&#8221; custom_padding_last_edited=&#8221;on|desktop&#8221; global_colors_info=&#8221;{}&#8221;][et_pb_text _builder_version=&#8221;4.27.4&#8243; _module_preset=&#8221;d8784a26-fd3e-4db3-b592-acd62648a1a1&#8243; header_font=&#8221;|600||on|||||&#8221; header_text_color=&#8221;#FFFFFF&#8221; header_letter_spacing=&#8221;1px&#8221; global_colors_info=&#8221;{}&#8221;]<\/p>\n<h1>Par mums<\/h1>\n<p>[\/et_pb_text][\/et_pb_column][\/et_pb_row][\/et_pb_section][et_pb_section fb_built=&#8221;1&#8243; admin_label=&#8221;About&#8221; _builder_version=&#8221;4.22.0&#8243; _module_preset=&#8221;default&#8221; locked=&#8221;off&#8221; collapsed=&#8221;on&#8221; global_colors_info=&#8221;{}&#8221;][et_pb_row column_structure=&#8221;3_5,2_5&#8243; _builder_version=&#8221;4.22.0&#8243; _module_preset=&#8221;default&#8221; global_colors_info=&#8221;{}&#8221;][et_pb_column type=&#8221;3_5&#8243; _builder_version=&#8221;4.22.0&#8243; _module_preset=&#8221;default&#8221; global_colors_info=&#8221;{}&#8221;][et_pb_image src=&#8221;https:\/\/kasima.lt\/wp-content\/uploads\/2023\/01\/Wolverine-Tiller-72-1.jpg&#8221; title_text=&#8221;Wolverine Tiller 72 (1)&#8221; show_bottom_space=&#8221;off&#8221; _builder_version=&#8221;4.27.4&#8243; _module_preset=&#8221;default&#8221; width=&#8221;80%&#8221; global_colors_info=&#8221;{}&#8221;][\/et_pb_image][et_pb_image src=&#8221;https:\/\/kasima.lt\/wp-content\/uploads\/2023\/01\/1.jpg&#8221; title_text=&#8221;1&#8243; _builder_version=&#8221;4.27.4&#8243; _module_preset=&#8221;default&#8221; positioning=&#8221;absolute&#8221; position_origin_a=&#8221;center_right&#8221; width=&#8221;40%&#8221; global_colors_info=&#8221;{}&#8221;][\/et_pb_image][\/et_pb_column][et_pb_column type=&#8221;2_5&#8243; _builder_version=&#8221;4.22.0&#8243; _module_preset=&#8221;default&#8221; global_colors_info=&#8221;{}&#8221;][et_pb_text _builder_version=&#8221;4.27.4&#8243; _module_preset=&#8221;bc17044d-a1d7-4307-9b78-c8624437d90e&#8221; header_2_font=&#8221;|600|||||||&#8221; header_3_font=&#8221;|600|||||||&#8221; header_3_font_size=&#8221;31px&#8221; header_3_line_height=&#8221;1.4em&#8221; custom_margin=&#8221;||10px||false|false&#8221; global_colors_info=&#8221;{}&#8221;]<\/p>\n<div class=\"elementor-element elementor-element-5cd05c6 elementor-widget__width-initial elementor-widget-mobile__width-inherit elementor-widget elementor-widget-heading\" data-id=\"5cd05c6\" data-element_type=\"widget\" data-widget_type=\"heading.default\">\n<div class=\"elementor-widget-container\">\n<h3 class=\"elementor-heading-title elementor-size-default\">UAB \u201eKASIMA\u201c \u2013 profesion\u0101li risin\u0101jumi J\u016bsu tehnikas parkam<\/h3>\n<\/div>\n<\/div>\n<p>[\/et_pb_text][et_pb_text _builder_version=&#8221;4.27.4&#8243; _module_preset=&#8221;4185d08a-ef41-4b61-9ea8-76ac090a4521&#8243; global_colors_info=&#8221;{}&#8221;]<\/p>\n<p data-start=\"435\" data-end=\"659\">Kop\u0161 2012. gada UAB \u201eKASIMA\u201c ir J\u016bsu uzticams partneris b\u016bvniec\u012bbas, lauksaimniec\u012bbas un ce\u013cu b\u016bves tehnikas sektor\u0101. M\u0113s ne tikai p\u0101rdodam tehniku \u2013 m\u0113s pal\u012bdzam saviem klientiem str\u0101d\u0101t efekt\u012bv\u0101k, \u0101tr\u0101k un ekonomisk\u0101k. Str\u0101d\u0101jot vis\u0101s Baltijas valst\u012bs, Skandin\u0101vij\u0101 un pat att\u0101l\u0101kaj\u0101s pasaules valst\u012bs, esam iemantoju\u0161i klientu uztic\u012bbu, pateicoties m\u016bsu operativit\u0101tei un augstajiem kvalit\u0101tes standartiem.<\/p>\n<p>[\/et_pb_text][\/et_pb_column][\/et_pb_row][\/et_pb_section][et_pb_section fb_built=&#8221;1&#8243; _builder_version=&#8221;4.27.4&#8243; _module_preset=&#8221;default&#8221; background_image=&#8221;https:\/\/kasima.lt\/wp-content\/uploads\/2023\/01\/3fonas-01.png&#8221; global_colors_info=&#8221;{}&#8221;][et_pb_row _builder_version=&#8221;4.27.4&#8243; _module_preset=&#8221;default&#8221; background_enable_image=&#8221;off&#8221; max_width=&#8221;1260px&#8221; global_colors_info=&#8221;{}&#8221;][et_pb_column type=&#8221;4_4&#8243; _builder_version=&#8221;4.22.0&#8243; _module_preset=&#8221;default&#8221; global_colors_info=&#8221;{}&#8221;][et_pb_text _builder_version=&#8221;4.27.4&#8243; _module_preset=&#8221;default&#8221; header_4_text_align=&#8221;center&#8221; header_4_font_size=&#8221;22px&#8221; header_4_line_height=&#8221;1.4em&#8221; width=&#8221;70%&#8221; module_alignment=&#8221;center&#8221; header_4_font_size_tablet=&#8221;22px&#8221; header_4_font_size_phone=&#8221;18px&#8221; header_4_font_size_last_edited=&#8221;on|tablet&#8221; global_colors_info=&#8221;{}&#8221; inline_fonts=&#8221;Arial&#8221;]<\/p>\n<h4 data-start=\"1327\" data-end=\"1352\" style=\"text-align: center;\"><span style=\"font-size: large; font-family: inherit; font-weight: normal;\"><strong>M\u016bsu darba filozofija <\/strong>&#8211; Nodro\u0161in\u0101t, lai katrs klients sa\u0146emtu profesion\u0101lu tehniku un risin\u0101jumus, kas \u013cauj str\u0101d\u0101t produkt\u012bv\u0101k, \u0101tr\u0101k un ekonomisk\u0101k. Stiprin\u0101t l\u012bderpoz\u012bcijas Baltijas valst\u012bs k\u0101 uzticam\u0101kajam lietotas b\u016bvniec\u012bbas, lauksaimniec\u012bbas un ce\u013cu b\u016bves tehnikas pieg\u0101d\u0101t\u0101jam, vienlaikus konsekventi papla\u0161inot kvalitat\u012bvu risin\u0101jumu t\u012bklu vis\u0101 pasaul\u0113.<\/span><\/h4>\n<p>[\/et_pb_text][\/et_pb_column][\/et_pb_row][\/et_pb_section][et_pb_section fb_built=&#8221;1&#8243; admin_label=&#8221;Why Us&#8221; _builder_version=&#8221;4.22.0&#8243; _module_preset=&#8221;default&#8221; locked=&#8221;off&#8221; collapsed=&#8221;on&#8221; global_colors_info=&#8221;{}&#8221;][et_pb_row column_structure=&#8221;1_2,1_2&#8243; _builder_version=&#8221;4.22.0&#8243; _module_preset=&#8221;default&#8221; global_colors_info=&#8221;{}&#8221;][et_pb_column type=&#8221;1_2&#8243; _builder_version=&#8221;4.22.0&#8243; _module_preset=&#8221;default&#8221; global_colors_info=&#8221;{}&#8221;][et_pb_text _builder_version=&#8221;4.27.5&#8243; _module_preset=&#8221;795edd4f-f1a4-4a0d-aeb9-945e5196761d&#8221; header_5_font=&#8221;|600|||||||&#8221; header_5_font_size=&#8221;22px&#8221; header_5_line_height=&#8221;1.7em&#8221; custom_margin=&#8221;||0px||false|false&#8221; hover_enabled=&#8221;0&#8243; global_colors_info=&#8221;{}&#8221; inline_fonts=&#8221;Arial&#8221; text_font=&#8221;|&#8211;et_global_heading_font_weight|||||||&#8221; sticky_enabled=&#8221;0&#8243;]<\/p>\n<h3 data-start=\"1700\" data-end=\"1740\">V\u0113rt\u012bbas, kas m\u016bs vieno ar klientiem<\/h3>\n<p>[\/et_pb_text][et_pb_text _builder_version=&#8221;4.27.4&#8243; _module_preset=&#8221;4185d08a-ef41-4b61-9ea8-76ac090a4521&#8243; global_colors_info=&#8221;{}&#8221;]<\/p>\n<p data-start=\"1742\" data-end=\"1893\"><strong data-start=\"1742\" data-end=\"1756\">Uzticam\u012bba: <\/strong>M\u0113s vienm\u0113r pild\u0101m savus sol\u012bjumus. Mums ir svar\u012bgi ne tikai pieg\u0101d\u0101t Jums tehniku, bet ar\u012b r\u016bp\u0113ties, lai t\u0101 dro\u0161i kalpotu J\u016bsu darb\u0101.<\/p>\n<p data-start=\"1895\" data-end=\"2106\"><strong data-start=\"1895\" data-end=\"1919\">P\u0101rbaud\u012bta kvalit\u0101te: <\/strong>M\u0113s neticam nejau\u0161\u012bb\u0101m, t\u0101p\u0113c savu sortimentu veidojam \u013coti atbild\u012bgi. Katrs m\u016bsu pieg\u0101d\u0101tais produkts \u2013 no maz\u0101k\u0101 apr\u012bkojuma l\u012bdz smagajai tehnikai \u2013 ir r\u016bp\u012bgi atlas\u012bts un p\u0101rbaud\u012bts.<\/p>\n<p data-start=\"2108\" data-end=\"2300\"><strong data-start=\"2108\" data-end=\"2140\">Profesionalit\u0101te un pieredze: <\/strong>Ilggad\u0113j\u0101 pieredze \u013cauj mums redz\u0113t pla\u0161\u0101ku kopainu. M\u016bsu komanda vienm\u0113r pal\u012bdz\u0113s pie\u0146emt ekonomiski un tehniski pamatotus l\u0113mumus J\u016bsu uz\u0146\u0113muma att\u012bst\u012bbai.<\/p>\n<p data-start=\"2302\" data-end=\"2436\"><strong data-start=\"2302\" data-end=\"2314\">Elast\u012bba: <\/strong>Katrs tehnikas parks ir individu\u0101ls, t\u0101p\u0113c sp\u0113jam \u0101tri piel\u0101goties klientu vajadz\u012bb\u0101m un atrast piem\u0113rot\u0101ko risin\u0101jumu.<\/p>\n<p data-start=\"2438\" data-end=\"2580\" data-is-last-node=\"\" data-is-only-node=\"\"><strong data-start=\"2438\" data-end=\"2460\">Individu\u0101la pieeja: <\/strong>Katrs m\u016bsu klients vispirms ir m\u016bsu kol\u0113\u0123is un partneris. Tikai str\u0101d\u0101jot kop\u0101 m\u0113s varam sasniegt izcilus rezult\u0101tus.<\/p>\n<p>[\/et_pb_text][et_pb_text _builder_version=&#8221;4.27.4&#8243; _module_preset=&#8221;795edd4f-f1a4-4a0d-aeb9-945e5196761d&#8221; header_5_font=&#8221;|600|||||||&#8221; header_5_font_size=&#8221;22px&#8221; header_5_line_height=&#8221;1.7em&#8221; custom_margin=&#8221;||0px||false|false&#8221; global_colors_info=&#8221;{}&#8221;]<\/p>\n<h3>K\u0101p\u0113c izv\u0113l\u0113ties m\u016bs?<\/h3>\n<p>[\/et_pb_text][et_pb_text ul_type=&#8221;square&#8221; _builder_version=&#8221;4.27.4&#8243; _module_preset=&#8221;4185d08a-ef41-4b61-9ea8-76ac090a4521&#8243; ul_line_height=&#8221;1.7em&#8221; global_colors_info=&#8221;{}&#8221;]<\/p>\n<p data-start=\"508\" data-end=\"749\"><strong data-start=\"508\" data-end=\"534\">R\u016bp\u012bgi atlas\u012bti z\u012bmoli: <\/strong>Esam ofici\u0101lie \u201eC&amp;F\u201c, \u201eKSM Attachments\u201c, \u201eNordiCut\u201c un \u201eValentini de Antonio\u201c p\u0101rst\u0101vji Lietuv\u0101 un cit\u0101s Baltijas valst\u012bs. J\u016bsu darbiem pied\u0101v\u0101jam tikai laika p\u0101rbaud\u012btu, viegli ekspluat\u0113jamu un iztur\u012bgu tehniku.<\/p>\n<p data-start=\"751\" data-end=\"952\"><strong data-start=\"751\" data-end=\"775\">\u0100trums ir priorit\u0101te: <\/strong>Pla\u0161u tehnikas un rezerves da\u013cu sortimentu turam noliktav\u0101 uz vietas, t\u0101d\u0113\u013c tehnikas d\u012bkst\u0101ve m\u016bsu klientiem vienm\u0113r ir minim\u0101la, bet nepiecie\u0161am\u0101 tehnika ir uzreiz pieejama.<\/p>\n<p data-start=\"954\" data-end=\"1155\"><strong data-start=\"954\" data-end=\"976\">Ekspertu zin\u0101\u0161anas: <\/strong>Gandr\u012bz 15 gadu pieredze tirg\u016b \u013cauj mums ne tikai pieg\u0101d\u0101t tehniku, bet ar\u012b profesion\u0101li konsult\u0113t, pal\u012bdzot izv\u0113l\u0113ties optim\u0101l\u0101ko cenas, kvalit\u0101tes un efektivit\u0101tes attiec\u012bbu.<\/p>\n<p data-start=\"1157\" data-end=\"1320\"><strong data-start=\"1157\" data-end=\"1186\">Pla\u0161a darb\u012bbas \u0123eogr\u0101fija: <\/strong>Str\u0101d\u0101jam starptautisk\u0101 m\u0113rog\u0101, t\u0101p\u0113c labi p\u0101rzin\u0101m da\u017e\u0101du tirgu standartus, lo\u0123istikas procesus un dokumentu noform\u0113\u0161anas nianses.<\/p>\n<p>[\/et_pb_text][\/et_pb_column][et_pb_column type=&#8221;1_2&#8243; _builder_version=&#8221;4.22.0&#8243; _module_preset=&#8221;default&#8221; global_colors_info=&#8221;{}&#8221;][et_pb_image src=&#8221;https:\/\/kasima.lt\/wp-content\/uploads\/2023\/01\/5.jpg&#8221; title_text=&#8221;5&#8243; show_bottom_space=&#8221;off&#8221; align=&#8221;right&#8221; _builder_version=&#8221;4.27.4&#8243; _module_preset=&#8221;default&#8221; width=&#8221;80%&#8221; global_colors_info=&#8221;{}&#8221;][\/et_pb_image][et_pb_image src=&#8221;https:\/\/kasima.lt\/wp-content\/uploads\/2023\/01\/Komatsu-D61PX-24-8.jpg&#8221; title_text=&#8221;Komatsu D61PX-24 (8)&#8221; show_bottom_space=&#8221;off&#8221; align=&#8221;right&#8221; _builder_version=&#8221;4.27.4&#8243; _module_preset=&#8221;default&#8221; width=&#8221;80%&#8221; global_colors_info=&#8221;{}&#8221;][\/et_pb_image][et_pb_image src=&#8221;https:\/\/kasima.lt\/wp-content\/uploads\/2023\/01\/3.jpg&#8221; title_text=&#8221;3&#8243; _builder_version=&#8221;4.27.4&#8243; _module_preset=&#8221;default&#8221; positioning=&#8221;absolute&#8221; position_origin_a=&#8221;center_left&#8221; width=&#8221;40%&#8221; global_colors_info=&#8221;{}&#8221;][\/et_pb_image][\/et_pb_column][\/et_pb_row][\/et_pb_section]<\/p>\n","protected":false},"excerpt":{"rendered":"<p>Par mums UAB \u201eKASIMA\u201c \u2013 profesion\u0101li risin\u0101jumi J\u016bsu tehnikas parkam Kop\u0161 2012. gada UAB \u201eKASIMA\u201c ir J\u016bsu uzticams partneris b\u016bvniec\u012bbas, lauksaimniec\u012bbas un ce\u013cu b\u016bves tehnikas sektor\u0101. M\u0113s ne tikai p\u0101rdodam tehniku \u2013 m\u0113s pal\u012bdzam saviem klientiem str\u0101d\u0101t efekt\u012bv\u0101k, \u0101tr\u0101k un ekonomisk\u0101k. Str\u0101d\u0101jot vis\u0101s Baltijas valst\u012bs, Skandin\u0101vij\u0101 un pat att\u0101l\u0101kaj\u0101s pasaules valst\u012bs, esam iemantoju\u0161i klientu uztic\u012bbu, [&hellip;]<\/p>\n","protected":false},"author":1,"featured_media":0,"parent":0,"menu_order":0,"comment_status":"closed","ping_status":"closed","template":"","meta":{"_et_pb_use_builder":"on","_et_pb_old_content":"","_et_gb_content_width":"","_monsterinsights_skip_tracking":false,"_monsterinsights_sitenote_active":false,"_monsterinsights_sitenote_note":"","_monsterinsights_sitenote_category":0,"footnotes":""},"class_list":["post-7216","page","type-page","status-publish","hentry"],"aioseo_notices":[],"_links":{"self":[{"href":"https:\/\/kasima.lt\/lv\/wp-json\/wp\/v2\/pages\/7216","targetHints":{"allow":["GET"]}}],"collection":[{"href":"https:\/\/kasima.lt\/lv\/wp-json\/wp\/v2\/pages"}],"about":[{"href":"https:\/\/kasima.lt\/lv\/wp-json\/wp\/v2\/types\/page"}],"author":[{"embeddable":true,"href":"https:\/\/kasima.lt\/lv\/wp-json\/wp\/v2\/users\/1"}],"replies":[{"embeddable":true,"href":"https:\/\/kasima.lt\/lv\/wp-json\/wp\/v2\/comments?post=7216"}],"version-history":[{"count":7,"href":"https:\/\/kasima.lt\/lv\/wp-json\/wp\/v2\/pages\/7216\/revisions"}],"predecessor-version":[{"id":98223,"href":"https:\/\/kasima.lt\/lv\/wp-json\/wp\/v2\/pages\/7216\/revisions\/98223"}],"wp:attachment":[{"href":"https:\/\/kasima.lt\/lv\/wp-json\/wp\/v2\/media?parent=7216"}],"curies":[{"name":"wp","href":"https:\/\/api.w.org\/{rel}","templated":true}]}}