{"id":99336,"date":"2026-03-19T09:01:41","date_gmt":"2026-03-19T07:01:41","guid":{"rendered":"https:\/\/kasima.lt\/produktas\/wirtgen-ws220-grunto-stabilizatorius-ir-streumaster-sw3-fc-purkstuvas-barstytuvas\/"},"modified":"2026-03-19T09:13:26","modified_gmt":"2026-03-19T07:13:26","slug":"wirtgen-ws220-grunto-stabilizatorius-ir-streumaster-sw3-fc-purkstuvas-barstytuvas","status":"publish","type":"product","link":"https:\/\/kasima.lt\/et\/produktas\/wirtgen-ws220-grunto-stabilizatorius-ir-streumaster-sw3-fc-purkstuvas-barstytuvas\/","title":{"rendered":"Wirtgen WS220 stabilisaator ja Streumaster SW3 FC pihusti\/laotur"},"content":{"rendered":"<p>M\u00fc\u00fca professionaalne ja suure j\u00f5udlusega Wirtgen WS220 stabilisaator ning Streumaster SW3 FC pihusti\/laotur.<\/p>\n<p>Wirtgen WS220:<\/p>\n<p>Seisukord: v\u00e4ga hea<br \/>\nVarustatud kemikaali v\u00f5i vee pihustuss\u00fcsteemiga<br \/>\nT\u00f6\u00f6laius: 2 150 mm<br \/>\nT\u00f6\u00f6s\u00fcgavus: kuni 500 mm<br \/>\nMitmek\u00fclgsus: segab t\u00f5husalt sideaineid (lubi, tsement) ning purustab k\u00f5va pinnast v\u00f5i vana asfaltkatet<br \/>\nKonstruktsioon: \u00e4\u00e4rmiselt vastupidav korpus ja kulumiskindel trummel, loodud k\u00f5ige raskemateks tingimusteks<br \/>\n\u00dchilduvus: lihtsasti \u00fchendatav v\u00f5imsate traktoritega l\u00e4bi PTO (j\u00f5uv\u00f5tuv\u00f5ll)<\/p>\n<p>Streumaster SW3 FC:<\/p>\n<p>Seisukord: v\u00e4ga hea<br \/>\nMaht: 3 m\u00b3 (v\u00f5imalik suurendada kuni 5 m\u00b3)<br \/>\nLaotus-\/pihustuslaius: standardina 2 400 mm (reguleeritavate sektsioonidega)<\/p>\n<p>Uue komplekti hind oli 129 000 \u20ac + km<\/p>\n<p>T\u00f6\u00f6valmis.<br \/>\nV\u00f5imalik \u00fclevaatus ja testimine UAB KASIMA platsil.<br \/>\nV\u00f5imalik transport kliendi m\u00e4\u00e4ratud aadressile.<\/p>\n","protected":false},"excerpt":{"rendered":"<p>Hind ilma k\u00e4ibemaksuta<\/p>\n<p>Tootja: Wirtgen \/\/ Streumaster<br \/>\nMudel: WS220 \/\/ SW3 FC<br \/>\nHelista: <a href=\"tel:+37067607071\">+37067607071<\/a><br \/>\nE-post: <a href=\"mailto:sales@kasima.lt\">sales@kasima.lt<\/a><\/p>\n","protected":false},"featured_media":99134,"template":"","meta":{"_et_pb_use_builder":"","_et_pb_old_content":"","_et_gb_content_width":"","_monsterinsights_skip_tracking":false,"_monsterinsights_sitenote_active":false,"_monsterinsights_sitenote_note":"","_monsterinsights_sitenote_category":0},"product_brand":[],"product_cat":[196,147,148],"product_tag":[],"class_list":{"0":"post-99336","1":"product","2":"type-product","3":"status-publish","4":"has-post-thumbnail","6":"product_cat-tee-ehitusmasinad","7":"product_cat-ehitus","8":"product_cat-muud-masinad","10":"first","11":"instock","12":"shipping-taxable","13":"purchasable","14":"product-type-simple"},"aioseo_notices":[],"_links":{"self":[{"href":"https:\/\/kasima.lt\/et\/wp-json\/wp\/v2\/product\/99336","targetHints":{"allow":["GET"]}}],"collection":[{"href":"https:\/\/kasima.lt\/et\/wp-json\/wp\/v2\/product"}],"about":[{"href":"https:\/\/kasima.lt\/et\/wp-json\/wp\/v2\/types\/product"}],"wp:featuredmedia":[{"embeddable":true,"href":"https:\/\/kasima.lt\/et\/wp-json\/wp\/v2\/media\/99134"}],"wp:attachment":[{"href":"https:\/\/kasima.lt\/et\/wp-json\/wp\/v2\/media?parent=99336"}],"wp:term":[{"taxonomy":"product_brand","embeddable":true,"href":"https:\/\/kasima.lt\/et\/wp-json\/wp\/v2\/product_brand?post=99336"},{"taxonomy":"product_cat","embeddable":true,"href":"https:\/\/kasima.lt\/et\/wp-json\/wp\/v2\/product_cat?post=99336"},{"taxonomy":"product_tag","embeddable":true,"href":"https:\/\/kasima.lt\/et\/wp-json\/wp\/v2\/product_tag?post=99336"}],"curies":[{"name":"wp","href":"https:\/\/api.w.org\/{rel}","templated":true}]}}