{"id":99034,"date":"2026-03-18T10:37:21","date_gmt":"2026-03-18T08:37:21","guid":{"rendered":"https:\/\/kasima.lt\/produktas\/volvo-p6820c-asfalto-klotuvas\/"},"modified":"2026-03-18T10:45:58","modified_gmt":"2026-03-18T08:45:58","slug":"volvo-p6820c-asfalto-klotuvas","status":"publish","type":"product","link":"https:\/\/kasima.lt\/et\/produktas\/volvo-p6820c-asfalto-klotuvas\/","title":{"rendered":"Volvo P6820C asfaldilaotur"},"content":{"rendered":"<p>M\u00fc\u00fca asfaltlaotur Volvo P6820C ABG (2014)<\/p>\n<p>Roomikutel asfaltlaotur, mis on m\u00f5eldud professionaalseteks teedeehitust\u00f6\u00f6deks.<\/p>\n<p>Kirjeldus:<br \/>\nAasta: 2014<br \/>\nT\u00f6\u00f6tunnid: 6675 h<br \/>\nMootor: Volvo D6H<br \/>\nT\u00f6\u00f6kaal: umbes 18 500 kg (koos tasanduspaneeliga)<br \/>\nPunkri maht: 13,5 tonni<br \/>\nLaotamiskiirus: kuni 20 m\/min<br \/>\nAlusvanker: Roomikutega, iga roomiku jaoks eraldi h\u00fcdrostaatiline ajam, tagades suurep\u00e4rase stabiilsuse ja t\u00e4pse man\u00f6\u00f6verdamise<br \/>\nKeskm\u00e4\u00e4rdes\u00fcsteem<br \/>\nNutikas juhtimine: EPM II s\u00fcsteem v\u00e4rvilise ekraaniga ja \u201cSettings Manager\u201d funktsiooniga, mis v\u00f5imaldab t\u00f6\u00f6parameetreid salvestada ja taastada, tagades \u00fchtlase kvaliteedi<\/p>\n<p>Tasanduspaneel:<br \/>\nTasanduspaneel VB781 (baaslaius 250 cm, h\u00fcdrauliline laius kuni 500 cm)<br \/>\nMaksimaalne v\u00f5imalik laius: kuni 900 cm<br \/>\nTamperi sagedus: kuni 1500 p\/min<br \/>\nVibratsiooni sagedus: kuni 3000 p\/min<br \/>\nK\u00fcttes\u00fcsteem: Elektriline (automaatse temperatuurikontrolliga), toide laoturi generaatorist <\/p>\n<p>Tasanduss\u00fcsteem: Volvo (MOBA-Matic II)<br \/>\nTehases integreeritud Volvo\/MOBA 2D tasanduss\u00fcsteem, mis tagab maksimaalse laotust\u00e4psuse<br \/>Juhtimine: Integreeritud EPM II s\u00fcsteem v\u00e4rvilise LCD-ekraaniga p\u00f5hikontrollpaneelil. EPM II s\u00fcsteem tuvastab automaatselt, kui laotur peatub (asfaldi etteande paus), ja lukustab tasandussilindrid, et v\u00e4ltida paneeli vajumist kuuma asfaldi sisse ning lohkude teket.<br \/>K\u00fclgpuldid: Kaks digitaalset MOBA-Matic II juhtseadet tasanduspaneelil (vasakul ja paremal)<br \/>Andurid:<br \/>\nSonic-Ski (ultraheli): Mittekontaktne k\u00f5rguse m\u00f5\u00f5tmine (keskmistamise funktsioon), k\u00f5rvaldab aluspinna ebatasasused<br \/>\nDigi-Slope: T\u00e4pne ristkalde andur<br \/>Nutikad funktsioonid:<br \/>\n\u201cScreed Freeze\u201d (paneeli lukustus peatumisel) ja automaatne r\u00fcndenurga reguleerimine<br \/>Mitmek\u00fclgsus:<br \/>\nS\u00fcsteem on valmis t\u00f6\u00f6tama \u201cBig Ski\u201d (tala) v\u00f5i 3D\/GPS s\u00fcsteemidega (Leica, Trimble, Topcon)<\/p>\n<p>Kohaletoimetamine saadaval. <\/p>\n<p><iframe loading=\"lazy\" title=\"Volvo P6820C\u2502 UAB KASIMA\" width=\"1080\" height=\"608\" src=\"https:\/\/www.youtube.com\/embed\/aqjYyCc_2WQ?feature=oembed\"  allow=\"accelerometer; autoplay; clipboard-write; encrypted-media; gyroscope; picture-in-picture; web-share\" referrerpolicy=\"strict-origin-when-cross-origin\" allowfullscreen><\/iframe><\/p>\n","protected":false},"excerpt":{"rendered":"<p>Hind ilma k\u00e4ibemaksuta<\/p>\n<p>Tootja: Volvo<br \/>\nMudel: P6820C<br \/>\nHelista: <a href=\"tel:+37067607071\">+37067607071<\/a><br \/>\nEmail: <a href=\"mailto:sales@kasima.lt\">sales@kasima.lt<\/a><\/p>\n","protected":false},"featured_media":98663,"template":"","meta":{"_et_pb_use_builder":"","_et_pb_old_content":"","_et_gb_content_width":"","_monsterinsights_skip_tracking":false,"_monsterinsights_sitenote_active":false,"_monsterinsights_sitenote_note":"","_monsterinsights_sitenote_category":0},"product_brand":[],"product_cat":[196],"product_tag":[],"class_list":{"0":"post-99034","1":"product","2":"type-product","3":"status-publish","4":"has-post-thumbnail","6":"product_cat-tee-ehitusmasinad","8":"first","9":"instock","10":"shipping-taxable","11":"purchasable","12":"product-type-simple"},"aioseo_notices":[],"_links":{"self":[{"href":"https:\/\/kasima.lt\/et\/wp-json\/wp\/v2\/product\/99034","targetHints":{"allow":["GET"]}}],"collection":[{"href":"https:\/\/kasima.lt\/et\/wp-json\/wp\/v2\/product"}],"about":[{"href":"https:\/\/kasima.lt\/et\/wp-json\/wp\/v2\/types\/product"}],"wp:featuredmedia":[{"embeddable":true,"href":"https:\/\/kasima.lt\/et\/wp-json\/wp\/v2\/media\/98663"}],"wp:attachment":[{"href":"https:\/\/kasima.lt\/et\/wp-json\/wp\/v2\/media?parent=99034"}],"wp:term":[{"taxonomy":"product_brand","embeddable":true,"href":"https:\/\/kasima.lt\/et\/wp-json\/wp\/v2\/product_brand?post=99034"},{"taxonomy":"product_cat","embeddable":true,"href":"https:\/\/kasima.lt\/et\/wp-json\/wp\/v2\/product_cat?post=99034"},{"taxonomy":"product_tag","embeddable":true,"href":"https:\/\/kasima.lt\/et\/wp-json\/wp\/v2\/product_tag?post=99034"}],"curies":[{"name":"wp","href":"https:\/\/api.w.org\/{rel}","templated":true}]}}