{"id":98368,"date":"2026-03-16T16:39:49","date_gmt":"2026-03-16T14:39:49","guid":{"rendered":"https:\/\/kasima.lt\/produktas\/komatsu-pc290lc-10-2012\/"},"modified":"2026-03-16T16:43:18","modified_gmt":"2026-03-16T14:43:18","slug":"komatsu-pc290lc-10-2012","status":"publish","type":"product","link":"https:\/\/kasima.lt\/et\/produktas\/komatsu-pc290lc-10-2012\/","title":{"rendered":"Komatsu PC290LC-10"},"content":{"rendered":"<p>Komatsu PC290LC-10<\/p>\n<p>Aasta: 2012<br \/>\nT\u00f6\u00f6tunnid: 11 543<br \/>\nMootor: Komatsu, 159 kW \/ 213 hj<br \/>\nT\u00f6\u00f6kaal: umbes 30 t<br \/>\nSeisukord: t\u00f6\u00f6korras, t\u00f6\u00f6ks valmis<br \/>\nKliimaseade<br \/>\nH\u00fcdrauliline kiir\u00fchendus<br \/>\nAutomaatne m\u00e4\u00e4rdes\u00fcsteem<br \/>Usaldusv\u00e4\u00e4rne 30-tonnise klassi ekskavaator, mis on tuntud oma v\u00f5imsuse, stabiilsuse ja \u00f6konoomse t\u00f6\u00f6 poolest.<br \/>\nKomatsu PC290LC-10 paistab silma tugeva alusvankri, t\u00f5husa h\u00fcdros\u00fcsteemi ning mugava ja ohutu operaatorikabiiniga.<br \/>\nSobib intensiivseteks pinnaset\u00f6\u00f6deks, ehitus- ja laadimist\u00f6\u00f6deks.<br \/>\n<iframe loading=\"lazy\" title=\"Komatsu PC290LC-10\u2502 UAB KASIMA\" width=\"1080\" height=\"608\" src=\"https:\/\/www.youtube.com\/embed\/CGPxlqOEKHc?feature=oembed\"  allow=\"accelerometer; autoplay; clipboard-write; encrypted-media; gyroscope; picture-in-picture; web-share\" referrerpolicy=\"strict-origin-when-cross-origin\" allowfullscreen><\/iframe><\/p>\n","protected":false},"excerpt":{"rendered":"<p>Hind ilma k\u00e4ibemaksuta<\/p>\n<p>Tootja: Komatsu<br \/>\nMudel: PC290LC-10<br \/>\nHelista: <a href=\"tel:+37067607071\">+37067607071<\/a><br \/>\nE-post: <a href=\"mailto:sales@kasima.lt\">sales@kasima.lt<\/a><\/p>\n","protected":false},"featured_media":98228,"template":"","meta":{"_et_pb_use_builder":"","_et_pb_old_content":"","_et_gb_content_width":"","_monsterinsights_skip_tracking":false,"_monsterinsights_sitenote_active":false,"_monsterinsights_sitenote_note":"","_monsterinsights_sitenote_category":0},"product_brand":[],"product_cat":[147],"product_tag":[],"class_list":{"0":"post-98368","1":"product","2":"type-product","3":"status-publish","4":"has-post-thumbnail","6":"product_cat-ehitus","8":"first","9":"instock","10":"shipping-taxable","11":"purchasable","12":"product-type-simple"},"aioseo_notices":[],"_links":{"self":[{"href":"https:\/\/kasima.lt\/et\/wp-json\/wp\/v2\/product\/98368","targetHints":{"allow":["GET"]}}],"collection":[{"href":"https:\/\/kasima.lt\/et\/wp-json\/wp\/v2\/product"}],"about":[{"href":"https:\/\/kasima.lt\/et\/wp-json\/wp\/v2\/types\/product"}],"wp:featuredmedia":[{"embeddable":true,"href":"https:\/\/kasima.lt\/et\/wp-json\/wp\/v2\/media\/98228"}],"wp:attachment":[{"href":"https:\/\/kasima.lt\/et\/wp-json\/wp\/v2\/media?parent=98368"}],"wp:term":[{"taxonomy":"product_brand","embeddable":true,"href":"https:\/\/kasima.lt\/et\/wp-json\/wp\/v2\/product_brand?post=98368"},{"taxonomy":"product_cat","embeddable":true,"href":"https:\/\/kasima.lt\/et\/wp-json\/wp\/v2\/product_cat?post=98368"},{"taxonomy":"product_tag","embeddable":true,"href":"https:\/\/kasima.lt\/et\/wp-json\/wp\/v2\/product_tag?post=98368"}],"curies":[{"name":"wp","href":"https:\/\/api.w.org\/{rel}","templated":true}]}}