{"id":98041,"date":"2026-03-13T10:00:49","date_gmt":"2026-03-13T08:00:49","guid":{"rendered":"https:\/\/kasima.lt\/produktas\/terex-fuchs-mhl320\/"},"modified":"2026-03-13T10:13:29","modified_gmt":"2026-03-13T08:13:29","slug":"terex-fuchs-mhl320","status":"publish","type":"product","link":"https:\/\/kasima.lt\/et\/produktas\/terex-fuchs-mhl320\/","title":{"rendered":"Terex Fuchs MHL320"},"content":{"rendered":"<p>Terex Fuchs MHL320<\/p>\n<p>Leedus kasutamata h\u00fcdrauliline materjalik\u00e4itlusmasin.<\/p>\n<p>Tootmisaasta: 2008<br \/>\nMootor: Deutz, 84 kW \/ 114 hj<br \/>\nT\u00f6\u00f6kaal: umbes 19 500 kg<br \/>\nMaksimaalne ulatus: ~9,5 m<br \/>\nAlusvanker: ratastel (4&#215;4) stabilisaatoritega<br \/>\nKabiin: t\u00f5stetav, kliimaseadme ja soojendusega<br \/>\nH\u00fcdros\u00fcsteem: lisavooluga lisaseadmete jaoks, kiir\u00fchenduss\u00fcsteem<br \/>\nRehvid: sisekummita SOLID-t\u00fc\u00fcpi rehvid<br \/>\nTsentraalne m\u00e4\u00e4rdes\u00fcsteem<br \/>\nT\u00f5stetav kabiin<br \/>\n4 stabilisaatorit<br \/>\nT\u00e4ielikult toimiv elektris\u00fcsteem<br \/>\nErgonoomiline iste<br \/>\nHaaratsikopp <\/p>\n<p>Sobib vanametalli, j\u00e4\u00e4tmete, puidu v\u00f5i puistematerjalide laadimiseks.<\/p>\n<p>V\u00f5imalik \u00fclevaatus ja testimine UAB KASIMA laos.<br \/>V\u00f5imalik kohaletoimetamine.<\/p>\n<p><iframe loading=\"lazy\" title=\"Terex Fuchs MHL320 \u2502 UAB KASIMA\" width=\"1080\" height=\"608\" src=\"https:\/\/www.youtube.com\/embed\/-2G59-FyPCs?feature=oembed\"  allow=\"accelerometer; autoplay; clipboard-write; encrypted-media; gyroscope; picture-in-picture; web-share\" referrerpolicy=\"strict-origin-when-cross-origin\" allowfullscreen><\/iframe><\/p>\n","protected":false},"excerpt":{"rendered":"<p>Hind ilma k\u00e4ibemaksuta<\/p>\n<p>Tootja: Terex<br \/>\nMudel: Fuchs MHL320<br \/>\nHelista: <a href=\"tel:+37067607071\">+37067607071<\/a><br \/>\nE-post: <a href=\"mailto:sales@kasima.lt\">sales@kasima.lt<\/a><\/p>\n","protected":false},"featured_media":97772,"template":"","meta":{"_et_pb_use_builder":"","_et_pb_old_content":"","_et_gb_content_width":"","_monsterinsights_skip_tracking":false,"_monsterinsights_sitenote_active":false,"_monsterinsights_sitenote_note":"","_monsterinsights_sitenote_category":0},"product_brand":[],"product_cat":[307,148],"product_tag":[],"class_list":{"0":"post-98041","1":"product","2":"type-product","3":"status-publish","4":"has-post-thumbnail","6":"product_cat-kommunaal","7":"product_cat-muud-masinad","9":"first","10":"instock","11":"shipping-taxable","12":"purchasable","13":"product-type-simple"},"aioseo_notices":[],"_links":{"self":[{"href":"https:\/\/kasima.lt\/et\/wp-json\/wp\/v2\/product\/98041","targetHints":{"allow":["GET"]}}],"collection":[{"href":"https:\/\/kasima.lt\/et\/wp-json\/wp\/v2\/product"}],"about":[{"href":"https:\/\/kasima.lt\/et\/wp-json\/wp\/v2\/types\/product"}],"wp:featuredmedia":[{"embeddable":true,"href":"https:\/\/kasima.lt\/et\/wp-json\/wp\/v2\/media\/97772"}],"wp:attachment":[{"href":"https:\/\/kasima.lt\/et\/wp-json\/wp\/v2\/media?parent=98041"}],"wp:term":[{"taxonomy":"product_brand","embeddable":true,"href":"https:\/\/kasima.lt\/et\/wp-json\/wp\/v2\/product_brand?post=98041"},{"taxonomy":"product_cat","embeddable":true,"href":"https:\/\/kasima.lt\/et\/wp-json\/wp\/v2\/product_cat?post=98041"},{"taxonomy":"product_tag","embeddable":true,"href":"https:\/\/kasima.lt\/et\/wp-json\/wp\/v2\/product_tag?post=98041"}],"curies":[{"name":"wp","href":"https:\/\/api.w.org\/{rel}","templated":true}]}}