{"id":96338,"date":"2026-03-03T23:32:34","date_gmt":"2026-03-03T21:32:34","guid":{"rendered":"https:\/\/kasima.lt\/produktas\/wirtgen-w210i-2013\/"},"modified":"2026-03-03T23:46:50","modified_gmt":"2026-03-03T21:46:50","slug":"wirtgen-w210i-2013","status":"publish","type":"product","link":"https:\/\/kasima.lt\/et\/produktas\/wirtgen-w210i-2013\/","title":{"rendered":"Wirtgen W210i"},"content":{"rendered":"<p>Asfaldifrees Wirtgen W 210i<br \/>M\u00fc\u00fca tehniliselt v\u00e4ga korras ja eriti rikkaliku komplektatsiooniga asfaldi freesmasin Wirtgen W 210i.<br \/>Leedus kasutamata.<\/p>\n<p>Mudel: Wirtgen W 210i<br \/>Gamybos metai: 2013 a.<br \/>T\u00f6\u00f6tunnid: 6696 m\/h<br \/>Mootor: Cummins 283 + 224 kW (kahe mootori s\u00fcsteem)<br \/>Svoris: T\u00f6\u00f6mass 28 880 kg<br \/>Freesimistrummel: FB2000<br \/>Freesimiss\u00fcgavus: 0 kuni 330 mm<\/p>\n<p>Peamised eelised ja varustus:<br \/>Vee t\u00e4itmine: Integreeritud iset\u00e4ituv vaakum-veet\u00e4ites\u00fcsteem \u2013 kiire ja mugav paagi t\u00e4itmine ilma lisaseadmeteta.<br \/>\nLiikluse reguleerimine: Paigaldatud fooris\u00fcsteem ohutuks ja t\u00f5husaks liiklusvoo juhtimiseks t\u00f6\u00f6 ajal.<br \/>\nFreesimisrootor &#8211; trummel: FB2000 trummel t\u00e4iesti uute terahoidikute ja teradega.<br \/>\nTolmu\u00e4rastus: VCS (Vacuum Cutting System) tolmu\u00e4rastuss\u00fcsteem puhtama keskkonna tagamiseks.<br \/>\nNivelleerimine: Digitaalne juhtimiss\u00fcsteem koos lisaekraanidega operaatorile ja abilisele.<br \/>\nPaigaldatud Datalogic laserandurid t\u00e4pseks freesimiss\u00fcgavuse juhtimiseks.<br \/>\nLevel Pro juhtimiss\u00fcsteem \u2013 automaatne l\u00f5ikes\u00fcgavuse juhtimine t\u00e4pseks ja t\u00f5husaks t\u00f6\u00f6ks<br \/>\nFreesimiselementide jahutuss\u00fcsteem \u2013 koormusega kohanduva veepumbaga, suurendab komponentide kasutusiga.<br \/>\nK\u00f5rgsurve-k\u00e4sipesus\u00fcsteem \u2013 tehnika puhtuse hoidmiseks.<br \/>\nKonveier: H\u00fcdrauliliselt kokkupandav konveier koos kaitsekattega.<br \/>\nH\u00fcdrauliliselt langetatav katus \u2013 mugavaks t\u00f6\u00f6ks ja transpordiks.<br \/>\nIntegreeritud lisaraskused.<\/p>\n<p>M\u00f5istame, et investeering tehnikasse n\u00f5uab kindlustunnet, seet\u00f5ttu pakume v\u00f5imalust proovida freesi reaalsetes t\u00f6\u00f6tingimustes enne ostmist ja l\u00f5pliku otsuse tegemist!<br \/>\nV\u00f5imalik kohaletoimetamine Teie poolt m\u00e4rgitud aadressile Leedus ja v\u00e4lismaal.<\/p>\n<p><iframe loading=\"lazy\" title=\"Wirtgen W210i\u2502 UAB KASIMA\" width=\"1080\" height=\"608\" src=\"https:\/\/www.youtube.com\/embed\/zGnZ6CZ4wPk?feature=oembed\"  allow=\"accelerometer; autoplay; clipboard-write; encrypted-media; gyroscope; picture-in-picture; web-share\" referrerpolicy=\"strict-origin-when-cross-origin\" allowfullscreen><\/iframe><\/p>\n","protected":false},"excerpt":{"rendered":"<p>Hind ilma k\u00e4ibemaksuta<\/p>\n<p>Tootja: Wirtgen<br \/>\nMudel: W210i<br \/>\nHelista: <a href=\"tel:+37067607071\">+37067607071<\/a><br \/>\nEmail: <a href=\"mailto:sales@kasima.lt\">sales@kasima.lt<\/a><\/p>\n","protected":false},"featured_media":96128,"template":"","meta":{"_et_pb_use_builder":"","_et_pb_old_content":"","_et_gb_content_width":"","_monsterinsights_skip_tracking":false,"_monsterinsights_sitenote_active":false,"_monsterinsights_sitenote_note":"","_monsterinsights_sitenote_category":0},"product_brand":[],"product_cat":[196],"product_tag":[],"class_list":{"0":"post-96338","1":"product","2":"type-product","3":"status-publish","4":"has-post-thumbnail","6":"product_cat-tee-ehitusmasinad","8":"first","9":"instock","10":"shipping-taxable","11":"product-type-simple"},"aioseo_notices":[],"_links":{"self":[{"href":"https:\/\/kasima.lt\/et\/wp-json\/wp\/v2\/product\/96338","targetHints":{"allow":["GET"]}}],"collection":[{"href":"https:\/\/kasima.lt\/et\/wp-json\/wp\/v2\/product"}],"about":[{"href":"https:\/\/kasima.lt\/et\/wp-json\/wp\/v2\/types\/product"}],"wp:featuredmedia":[{"embeddable":true,"href":"https:\/\/kasima.lt\/et\/wp-json\/wp\/v2\/media\/96128"}],"wp:attachment":[{"href":"https:\/\/kasima.lt\/et\/wp-json\/wp\/v2\/media?parent=96338"}],"wp:term":[{"taxonomy":"product_brand","embeddable":true,"href":"https:\/\/kasima.lt\/et\/wp-json\/wp\/v2\/product_brand?post=96338"},{"taxonomy":"product_cat","embeddable":true,"href":"https:\/\/kasima.lt\/et\/wp-json\/wp\/v2\/product_cat?post=96338"},{"taxonomy":"product_tag","embeddable":true,"href":"https:\/\/kasima.lt\/et\/wp-json\/wp\/v2\/product_tag?post=96338"}],"curies":[{"name":"wp","href":"https:\/\/api.w.org\/{rel}","templated":true}]}}