{"id":95273,"date":"2026-02-27T15:52:51","date_gmt":"2026-02-27T13:52:51","guid":{"rendered":"https:\/\/kasima.lt\/produktas\/linde-h45d-2008\/"},"modified":"2026-02-27T16:44:50","modified_gmt":"2026-02-27T14:44:50","slug":"linde-h45d-2008","status":"publish","type":"product","link":"https:\/\/kasima.lt\/et\/produktas\/linde-h45d-2008\/","title":{"rendered":"Linde H45D"},"content":{"rendered":"<p>Linde H45D diiselkahvelt\u00f5stuk<\/p>\n<p>Aasta: 2008<br \/>\nMootor: Volkswagen diisel, 4 silindrit<br \/>\nV\u00f5imsus: 53 kW \/ 72 hj<br \/>\nT\u00f6\u00f6tunnid: 19 098 h<br \/>\nSeisukord: kasutatud, h\u00e4sti hooldatud<\/p>\n<p>T\u00f5stev\u00f5ime: 4 500 kg<br \/>\nT\u00f5stek\u00f5rgus: 3,15 m<br \/>\nT\u00fchimass: 6 500 kg<br \/>\nMootors\u00fcsteem: Linde h\u00fcdrostaatiline j\u00f5u\u00fclekanne<br \/>\nRehvid: SOLID (t\u00e4is) t\u00fc\u00fcpi<br \/>\nKabiin: ROPS\/FOPS kaitse, mugav istekoht<br \/>\nH\u00fcdraulilised juhtelemendid: Linde Load Control s\u00fcsteem<\/p>\n<p>M\u00fc\u00fcgil Lietuvas kasutamata Linde H45D kahvelt\u00f5stuk \u2013 usaldusv\u00e4\u00e4rne ja v\u00f5imas masin, sobilik intensiivseks lao- ja t\u00f6\u00f6stust\u00f6\u00f6ks. Stabiilne t\u00f5stev\u00f5ime, ergonoomiline operaatori t\u00f6\u00f6koht ja tuntud Linde usaldusv\u00e4\u00e4rsus tagavad t\u00f5husa t\u00f6\u00f6 ja pikaealisuse. <\/p>\n<p>T\u00f5stuk on just transportitud ja l\u00e4binud tehnilise kontrolli.<br \/>\nV\u00f5imalik vaatamine ja testimine UAB KASIMA laos.<br \/>\nTransport v\u00f5imalik.<\/p>\n<p><iframe loading=\"lazy\" title=\"Linde H45D\u2502 UAB KASIMA\" width=\"1080\" height=\"608\" src=\"https:\/\/www.youtube.com\/embed\/ffLsh3DpXGw?feature=oembed\"  allow=\"accelerometer; autoplay; clipboard-write; encrypted-media; gyroscope; picture-in-picture; web-share\" referrerpolicy=\"strict-origin-when-cross-origin\" allowfullscreen><\/iframe><\/p>\n","protected":false},"excerpt":{"rendered":"<p>Hind ilma k\u00e4ibemaksuta<\/p>\n<p>Tootja: Linde<br \/>\nMudel: H45D<br \/>\nHelista: <a href=\"tel:+37067607071\">+37067607071<\/a><br \/>\nE-post: <a href=\"mailto:sales@kasima.lt\">sales@kasima.lt<\/a><\/p>\n","protected":false},"featured_media":95108,"template":"","meta":{"_et_pb_use_builder":"","_et_pb_old_content":"","_et_gb_content_width":"","_monsterinsights_skip_tracking":false,"_monsterinsights_sitenote_active":false,"_monsterinsights_sitenote_note":"","_monsterinsights_sitenote_category":0},"product_brand":[],"product_cat":[148],"product_tag":[],"class_list":{"0":"post-95273","1":"product","2":"type-product","3":"status-publish","4":"has-post-thumbnail","6":"product_cat-muud-masinad","8":"first","9":"instock","10":"shipping-taxable","11":"purchasable","12":"product-type-simple"},"aioseo_notices":[],"_links":{"self":[{"href":"https:\/\/kasima.lt\/et\/wp-json\/wp\/v2\/product\/95273","targetHints":{"allow":["GET"]}}],"collection":[{"href":"https:\/\/kasima.lt\/et\/wp-json\/wp\/v2\/product"}],"about":[{"href":"https:\/\/kasima.lt\/et\/wp-json\/wp\/v2\/types\/product"}],"wp:featuredmedia":[{"embeddable":true,"href":"https:\/\/kasima.lt\/et\/wp-json\/wp\/v2\/media\/95108"}],"wp:attachment":[{"href":"https:\/\/kasima.lt\/et\/wp-json\/wp\/v2\/media?parent=95273"}],"wp:term":[{"taxonomy":"product_brand","embeddable":true,"href":"https:\/\/kasima.lt\/et\/wp-json\/wp\/v2\/product_brand?post=95273"},{"taxonomy":"product_cat","embeddable":true,"href":"https:\/\/kasima.lt\/et\/wp-json\/wp\/v2\/product_cat?post=95273"},{"taxonomy":"product_tag","embeddable":true,"href":"https:\/\/kasima.lt\/et\/wp-json\/wp\/v2\/product_tag?post=95273"}],"curies":[{"name":"wp","href":"https:\/\/api.w.org\/{rel}","templated":true}]}}