{"id":94967,"date":"2026-02-27T12:20:57","date_gmt":"2026-02-27T10:20:57","guid":{"rendered":"https:\/\/kasima.lt\/produktas\/wirtgen-w500-1994\/"},"modified":"2026-02-27T12:27:17","modified_gmt":"2026-02-27T10:27:17","slug":"wirtgen-w500-1994","status":"publish","type":"product","link":"https:\/\/kasima.lt\/et\/produktas\/wirtgen-w500-1994\/","title":{"rendered":"Wirtgen W500"},"content":{"rendered":"<p>M\u00fc\u00fca tehniliselt korras, Eestis veel kasutamata asfaldifrees Wirtgen W500.<\/p>\n<p>Masinal on olnud ainult \u00fcks omanik, mist\u00f5ttu on see oma vanuse kohta v\u00e4ga h\u00e4sti hooldatud ja s\u00e4ilinud.<\/p>\n<p>Tehnilised andmed:<br \/>\nTootmisaasta: 1994<br \/>\nMootor: t\u00f6\u00f6kindel Iveco (79 kW)<br \/>\nT\u00f6\u00f6tunnid: ainult 6 895 h<br \/>\nFreesimislaius: 500 mm<br \/>\nFreesimiss\u00fcgavus: kuni 150 mm<\/p>\n<p>Eelised ja varustus:<br \/>\nReguleeritav pikk konveier \u2013 mugavaks freespuru laadimiseks.<br \/>\nJahutuss\u00fcsteem \u2013 varustatud t\u00f5husa veega jahutatava freesielementide s\u00fcsteemiga, mis pikendab l\u00f5iketerade t\u00f6\u00f6iga.<br \/>\nSeisukord \u2013 oma vanuse kohta v\u00e4ga heas korras.<br \/>\nHooldus \u2013 \u00e4\u00e4rmiselt lihtne hooldada ning ajaproovile vastu pidanud mudel.<\/p>\n<p>ERILINE V\u00d5IMALUS:<br \/>\nM\u00f5istame, et tehnika ost on oluline investeering, seet\u00f5ttu pakume v\u00f5imalust freesi enne ostu ja l\u00f5pliku otsuse tegemist reaalses t\u00f6\u00f6s katsetada.<\/p>\n<p>V\u00f5imalik transport teie m\u00e4\u00e4ratud aadressile.<\/p>\n<p><iframe loading=\"lazy\" title=\"Wirtgen W500\u2502 UAB KASIMA\" width=\"1080\" height=\"608\" src=\"https:\/\/www.youtube.com\/embed\/ROhTPJqkWhg?feature=oembed\"  allow=\"accelerometer; autoplay; clipboard-write; encrypted-media; gyroscope; picture-in-picture; web-share\" referrerpolicy=\"strict-origin-when-cross-origin\" allowfullscreen><\/iframe><\/p>\n","protected":false},"excerpt":{"rendered":"<p>Hind ilma k\u00e4ibemaksuta<\/p>\n<p>Tootja: Wirtgen<br \/>\nMudel: W500<br \/>\nHelista: <a href=\"tel:+37067607071\">+37067607071<br \/>\n<\/a>E-post: <a href=\"mailto:sales@kasima.lt\">sales@kasima.lt<\/a><\/p>\n","protected":false},"featured_media":94863,"template":"","meta":{"_et_pb_use_builder":"","_et_pb_old_content":"","_et_gb_content_width":"","_monsterinsights_skip_tracking":false,"_monsterinsights_sitenote_active":false,"_monsterinsights_sitenote_note":"","_monsterinsights_sitenote_category":0},"product_brand":[],"product_cat":[196],"product_tag":[],"class_list":{"0":"post-94967","1":"product","2":"type-product","3":"status-publish","4":"has-post-thumbnail","6":"product_cat-tee-ehitusmasinad","8":"first","9":"instock","10":"shipping-taxable","11":"purchasable","12":"product-type-simple"},"aioseo_notices":[],"_links":{"self":[{"href":"https:\/\/kasima.lt\/et\/wp-json\/wp\/v2\/product\/94967","targetHints":{"allow":["GET"]}}],"collection":[{"href":"https:\/\/kasima.lt\/et\/wp-json\/wp\/v2\/product"}],"about":[{"href":"https:\/\/kasima.lt\/et\/wp-json\/wp\/v2\/types\/product"}],"wp:featuredmedia":[{"embeddable":true,"href":"https:\/\/kasima.lt\/et\/wp-json\/wp\/v2\/media\/94863"}],"wp:attachment":[{"href":"https:\/\/kasima.lt\/et\/wp-json\/wp\/v2\/media?parent=94967"}],"wp:term":[{"taxonomy":"product_brand","embeddable":true,"href":"https:\/\/kasima.lt\/et\/wp-json\/wp\/v2\/product_brand?post=94967"},{"taxonomy":"product_cat","embeddable":true,"href":"https:\/\/kasima.lt\/et\/wp-json\/wp\/v2\/product_cat?post=94967"},{"taxonomy":"product_tag","embeddable":true,"href":"https:\/\/kasima.lt\/et\/wp-json\/wp\/v2\/product_tag?post=94967"}],"curies":[{"name":"wp","href":"https:\/\/api.w.org\/{rel}","templated":true}]}}