{"id":94662,"date":"2026-02-25T16:38:16","date_gmt":"2026-02-25T14:38:16","guid":{"rendered":"https:\/\/kasima.lt\/produktas\/dieci-pegasus-50-21-630-moto-valandos\/"},"modified":"2026-02-25T16:45:18","modified_gmt":"2026-02-25T14:45:18","slug":"dieci-pegasus-50-21-630-moto-valandos","status":"publish","type":"product","link":"https:\/\/kasima.lt\/et\/produktas\/dieci-pegasus-50-21-630-moto-valandos\/","title":{"rendered":"Dieci Pegasus 50.21 (630 s\u00f5idutundi)"},"content":{"rendered":"<p>M\u00fc\u00fca p\u00f6\u00f6rlev teleskooplaadur Dieci Pegasus 50.21<br \/>V\u00e4ga heas seisukorras<br \/>\nEestis kasutamata<br \/>\nAnname garantii<\/p>\n<p>Tootja: DIECI<br \/>\nMudel: PEGASUS 50.21<br \/>\nT\u00f6\u00f6tunnid: 630 h<br \/>\nTootmisaasta: 2020<br \/>\nKasutuselev\u00f5tt: 2022<br \/>\nT\u00f5stev\u00f5ime: 5 000 kg<br \/>\nT\u00f5stek\u00f5rgus: 21 m<br \/>\nMaksimaalne horisontaalne ulatus: 18 m<br \/>\nT\u00fchimass: 17 500 kg<br \/>\nMootori v\u00f5imsus: 96 kW<br \/>\nS\u00f5idukiirus: 40 km\/h<\/p>\n<p>\u201eSoft Motion\u201c s\u00fcsteem \u2013 v\u00f5imaldab v\u00e4ga t\u00e4pset h\u00fcdraulika juhtimist, teostades samaaegselt kuni 5 funktsiooni ilma v\u00f5imsuse kadudeta.<br \/>\u201eInching\u201c pedaal \u2013 v\u00f5imaldab hoida mootori p\u00f6\u00f6rded k\u00f5rgel (kiire h\u00fcdraulika t\u00f6\u00f6 tagamiseks) ning samal ajal liikuda edasi\/tagasi millimeetri t\u00e4psusega.<br \/>Kaugjuhtimine<br \/>\nAutonoomne k\u00fcttes\u00fcsteem<br \/>\nKeskm\u00e4\u00e4rdes\u00fcsteem<br \/>\nKopp<br \/>\nH\u00fcdraulilised kahvlid<br \/>\nH\u00fcdrauliline t\u00f6\u00f6korv inimeste t\u00f5stmiseks<br \/>\n5-tonnine h\u00fcdrauliline vints<br \/>\nT\u00f5stejib<br \/>\nVaruratas<\/p>\n<p>V\u00f5imalik transport teie m\u00e4\u00e4ratud aadressile Eestis ja v\u00e4lismaal.<\/p>\n<p><iframe loading=\"lazy\" title=\"Dieci Pegasus 50.21\u2502 UAB KASIMA\" width=\"1080\" height=\"608\" src=\"https:\/\/www.youtube.com\/embed\/UcDJCGXETEo?feature=oembed\"  allow=\"accelerometer; autoplay; clipboard-write; encrypted-media; gyroscope; picture-in-picture; web-share\" referrerpolicy=\"strict-origin-when-cross-origin\" allowfullscreen><\/iframe><\/p>\n","protected":false},"excerpt":{"rendered":"<p>Hind ilma k\u00e4ibemaksuta<\/p>\n<p>Tootja: Dieci<br \/>\nMudel: Pegasus 50.21<br \/>\nHelista: <a href=\"tel:+37067607071\">+37067607071<\/a><br \/>\nE-post: <a href=\"mailto:sales@kasima.lt\">sales@kasima.lt<\/a><\/p>\n","protected":false},"featured_media":94452,"template":"","meta":{"_et_pb_use_builder":"","_et_pb_old_content":"","_et_gb_content_width":"","_monsterinsights_skip_tracking":false,"_monsterinsights_sitenote_active":false,"_monsterinsights_sitenote_note":"","_monsterinsights_sitenote_category":0},"product_brand":[],"product_cat":[147],"product_tag":[],"class_list":{"0":"post-94662","1":"product","2":"type-product","3":"status-publish","4":"has-post-thumbnail","6":"product_cat-ehitus","8":"first","9":"instock","10":"shipping-taxable","11":"purchasable","12":"product-type-simple"},"aioseo_notices":[],"_links":{"self":[{"href":"https:\/\/kasima.lt\/et\/wp-json\/wp\/v2\/product\/94662","targetHints":{"allow":["GET"]}}],"collection":[{"href":"https:\/\/kasima.lt\/et\/wp-json\/wp\/v2\/product"}],"about":[{"href":"https:\/\/kasima.lt\/et\/wp-json\/wp\/v2\/types\/product"}],"wp:featuredmedia":[{"embeddable":true,"href":"https:\/\/kasima.lt\/et\/wp-json\/wp\/v2\/media\/94452"}],"wp:attachment":[{"href":"https:\/\/kasima.lt\/et\/wp-json\/wp\/v2\/media?parent=94662"}],"wp:term":[{"taxonomy":"product_brand","embeddable":true,"href":"https:\/\/kasima.lt\/et\/wp-json\/wp\/v2\/product_brand?post=94662"},{"taxonomy":"product_cat","embeddable":true,"href":"https:\/\/kasima.lt\/et\/wp-json\/wp\/v2\/product_cat?post=94662"},{"taxonomy":"product_tag","embeddable":true,"href":"https:\/\/kasima.lt\/et\/wp-json\/wp\/v2\/product_tag?post=94662"}],"curies":[{"name":"wp","href":"https:\/\/api.w.org\/{rel}","templated":true}]}}