{"id":94309,"date":"2026-02-19T14:22:27","date_gmt":"2026-02-19T12:22:27","guid":{"rendered":"https:\/\/kasima.lt\/produktas\/wirtgen-w50ri-2015\/"},"modified":"2026-02-19T14:31:11","modified_gmt":"2026-02-19T12:31:11","slug":"wirtgen-w50ri-2015","status":"publish","type":"product","link":"https:\/\/kasima.lt\/et\/produktas\/wirtgen-w50ri-2015\/","title":{"rendered":"Wirtgen W50Ri"},"content":{"rendered":"<p>Wirtgen W50Ri<br \/>\nAasta: 2015<br \/>\nT\u00f6\u00f6tunnid: 4 097<br \/>\nKaal: 6 800 kg<br \/>\nMootor: Deutz, 105 kW (140 hj)<br \/>\nSeisukord: Kasutatud, hea<\/p>\n<p>Kirjeldus:<br \/>\nM\u00fc\u00fca Leedus varem kasutamata 2015. aasta asfaldifrees Wirtgen W 50 Ri. See masin sobib ideaalselt linnat\u00e4navate, k\u00f5nniteede ja piiratud ruumiga objektide remontimiseks. Usaldusv\u00e4\u00e4rne valik professionaalseks ja s\u00e4\u00e4stlikuks t\u00f6\u00f6ks.  <\/p>\n<p>Tehnilised andmed:<br \/>\nFreesimislaius: 500 mm<br \/>\nMaksimaalne freesimiss\u00fcgavus: kuni 210 mm<br \/>\nMaksimaalne freesimiskiirus: 0\u201348 m\/min<br \/>\nVeermik: Neljarattavedu t\u00e4pse man\u00f6\u00f6verdamisv\u00f5imega <\/p>\n<p>Eelised:<br \/>\nKonveier: H\u00fcdrauliliselt juhitav ja kokkuklapitav konveier.<br \/>\nJahutuss\u00fcsteem: Varustatud freesimiselementide jahutuss\u00fcsteemiga, koormusest s\u00f5ltuva veepumbaga.<br \/>\nLEVEL PRO PLUS: Automaatne freesimiss\u00fcgavuse kontrolls\u00fcsteem.<br \/>\nKatus: H\u00fcdrauliliselt reguleeritav varikatus.<br \/>\nErgonoomika: Mugav t\u00f6\u00f6koht operaatorile ja ergonoomilised juhtseadmed.<br \/>\nHooldus: Lihtne hooldus ja suurep\u00e4rane juurdep\u00e4\u00e4s komponentidele.<\/p>\n<p>Saadavus ja teenused:<br \/>\nMasin asub UAB KASIMA laos.<br \/>\nV\u00f5imalik transport teie poolt m\u00e4rgitud aadressile.<br \/>Pakume konsultatsiooni seadme kasutamise ja hoolduse osas.<\/p>\n<p><iframe loading=\"lazy\" title=\"Wirtgen W50Ri\u2502 UAB KASIMA\" width=\"1080\" height=\"608\" src=\"https:\/\/www.youtube.com\/embed\/NIsTCmNfy00?feature=oembed\"  allow=\"accelerometer; autoplay; clipboard-write; encrypted-media; gyroscope; picture-in-picture; web-share\" referrerpolicy=\"strict-origin-when-cross-origin\" allowfullscreen><\/iframe><\/p>\n","protected":false},"excerpt":{"rendered":"<p>Hind ilma k\u00e4ibemaksuta<\/p>\n<p>Tootja: Wirtgen<br \/>\nMudel: W50Ri<br \/>\nHelista: <a href=\"tel:+37067607071\">+37067607071<\/a><br \/>\nEmail: <a href=\"mailto:sales@kasima.lt\">sales@kasima.lt<\/a><\/p>\n","protected":false},"featured_media":94034,"template":"","meta":{"_et_pb_use_builder":"","_et_pb_old_content":"","_et_gb_content_width":"","_monsterinsights_skip_tracking":false,"_monsterinsights_sitenote_active":false,"_monsterinsights_sitenote_note":"","_monsterinsights_sitenote_category":0},"product_brand":[],"product_cat":[196],"product_tag":[],"class_list":{"0":"post-94309","1":"product","2":"type-product","3":"status-publish","4":"has-post-thumbnail","6":"product_cat-tee-ehitusmasinad","8":"first","9":"instock","10":"shipping-taxable","11":"purchasable","12":"product-type-simple"},"aioseo_notices":[],"_links":{"self":[{"href":"https:\/\/kasima.lt\/et\/wp-json\/wp\/v2\/product\/94309","targetHints":{"allow":["GET"]}}],"collection":[{"href":"https:\/\/kasima.lt\/et\/wp-json\/wp\/v2\/product"}],"about":[{"href":"https:\/\/kasima.lt\/et\/wp-json\/wp\/v2\/types\/product"}],"wp:featuredmedia":[{"embeddable":true,"href":"https:\/\/kasima.lt\/et\/wp-json\/wp\/v2\/media\/94034"}],"wp:attachment":[{"href":"https:\/\/kasima.lt\/et\/wp-json\/wp\/v2\/media?parent=94309"}],"wp:term":[{"taxonomy":"product_brand","embeddable":true,"href":"https:\/\/kasima.lt\/et\/wp-json\/wp\/v2\/product_brand?post=94309"},{"taxonomy":"product_cat","embeddable":true,"href":"https:\/\/kasima.lt\/et\/wp-json\/wp\/v2\/product_cat?post=94309"},{"taxonomy":"product_tag","embeddable":true,"href":"https:\/\/kasima.lt\/et\/wp-json\/wp\/v2\/product_tag?post=94309"}],"curies":[{"name":"wp","href":"https:\/\/api.w.org\/{rel}","templated":true}]}}