{"id":94029,"date":"2026-02-19T13:11:19","date_gmt":"2026-02-19T11:11:19","guid":{"rendered":"https:\/\/kasima.lt\/produktas\/wirtgen-w60ri-2016\/"},"modified":"2026-02-19T13:27:19","modified_gmt":"2026-02-19T11:27:19","slug":"wirtgen-w60ri-2016","status":"publish","type":"product","link":"https:\/\/kasima.lt\/et\/produktas\/wirtgen-w60ri-2016\/","title":{"rendered":"Wirtgen W60Ri"},"content":{"rendered":"<p>Wirtgen W60Ri:<br \/>Aasta: 2016<br \/>\nT\u00f6\u00f6aeg: 3 278 h<br \/>\nKaal: 7 450 kg<br \/>\nMootor: Deutz, 105 kW (140 hj)<br \/>\nSeisukord: Kasutatud, hea<\/p>\n<p>Kirjeldus:<br \/>\nM\u00fc\u00fcgil Eestis \u2013 Wirtgen W 60 Ri, 2016. a asfaltfreespink, mis Eestis kasutamata. Ideaalne linnat\u00e4navate, k\u00f5nniteede ja piiratud ruumiga objektide remontt\u00f6\u00f6deks. Usaldusv\u00e4\u00e4rne valik professionaalseks ja kulut\u00f5husaks t\u00f6\u00f6ks.  <\/p>\n<p>Tehnilised andmed:<br \/>\nFreesimise laius: 600 mm<br \/>\nMaksimaalne freesimise s\u00fcgavus: kuni 210 mm<br \/>\nMaksimaalne freesimiskiirus: 0\u201345 m\/min<br \/>\nVeos\u00fcsteem: neljarattavedu, t\u00e4pse man\u00f6\u00f6verdusega <\/p>\n<p>Eelised:<br \/>\nKonveier: t\u00e4iesti uus, h\u00fcdrauliliselt juhitav<br \/>\nVarustatud freesielementide jahutuss\u00fcsteemiga, veepump t\u00f6\u00f6tab koormuse j\u00e4rgi<br \/>\nLEVEL PRO PLUS automaatne freesimise s\u00fcgavuse juhtimine<br \/>\nH\u00fcdrauliliselt juhitav katusekonstruktsioon<br \/>\nErgonomiline juhtimine, mugav t\u00f6\u00f6kohale operaatorile<br \/>\nLihtne hooldada, komponendid h\u00e4sti ligip\u00e4\u00e4setavad<\/p>\n<p>V\u00f5imalik varustada 500 mm erinevat t\u00fc\u00fcpi freespinkidega<\/p>\n<p>Masin asub UAB KASIMA laos<br \/>\nTehnika kohaletoimetamine teie soovitud aadressile v\u00f5imalik<br \/>\nPakume n\u00f5u tehnika kasutamise ja hoolduse kohta<\/p>\n<p><iframe loading=\"lazy\" title=\"Wirtgen W60Ri\u2502 UAB KASIMA\" width=\"1080\" height=\"608\" src=\"https:\/\/www.youtube.com\/embed\/hs1m_9TrE7Q?feature=oembed\"  allow=\"accelerometer; autoplay; clipboard-write; encrypted-media; gyroscope; picture-in-picture; web-share\" referrerpolicy=\"strict-origin-when-cross-origin\" allowfullscreen><\/iframe><\/p>\n","protected":false},"excerpt":{"rendered":"<p>Hind ilma k\u00e4ibemaksuta<\/p>\n<p>Tootja: Wirtgen<br \/>\nMudel: W60Ri<br \/>\nHelista: <a href=\"tel:+37067607071\">+37067607071<\/a><br \/>\nE-post: <a href=\"mailto:sales@kasima.lt\">sales@kasima.lt<\/a><\/p>\n","protected":false},"featured_media":93779,"template":"","meta":{"_et_pb_use_builder":"","_et_pb_old_content":"","_et_gb_content_width":"","_monsterinsights_skip_tracking":false,"_monsterinsights_sitenote_active":false,"_monsterinsights_sitenote_note":"","_monsterinsights_sitenote_category":0},"product_brand":[],"product_cat":[196],"product_tag":[],"class_list":{"0":"post-94029","1":"product","2":"type-product","3":"status-publish","4":"has-post-thumbnail","6":"product_cat-tee-ehitusmasinad","8":"first","9":"outofstock","10":"shipping-taxable","11":"product-type-simple"},"aioseo_notices":[],"_links":{"self":[{"href":"https:\/\/kasima.lt\/et\/wp-json\/wp\/v2\/product\/94029","targetHints":{"allow":["GET"]}}],"collection":[{"href":"https:\/\/kasima.lt\/et\/wp-json\/wp\/v2\/product"}],"about":[{"href":"https:\/\/kasima.lt\/et\/wp-json\/wp\/v2\/types\/product"}],"wp:featuredmedia":[{"embeddable":true,"href":"https:\/\/kasima.lt\/et\/wp-json\/wp\/v2\/media\/93779"}],"wp:attachment":[{"href":"https:\/\/kasima.lt\/et\/wp-json\/wp\/v2\/media?parent=94029"}],"wp:term":[{"taxonomy":"product_brand","embeddable":true,"href":"https:\/\/kasima.lt\/et\/wp-json\/wp\/v2\/product_brand?post=94029"},{"taxonomy":"product_cat","embeddable":true,"href":"https:\/\/kasima.lt\/et\/wp-json\/wp\/v2\/product_cat?post=94029"},{"taxonomy":"product_tag","embeddable":true,"href":"https:\/\/kasima.lt\/et\/wp-json\/wp\/v2\/product_tag?post=94029"}],"curies":[{"name":"wp","href":"https:\/\/api.w.org\/{rel}","templated":true}]}}