{"id":93671,"date":"2026-02-17T16:50:19","date_gmt":"2026-02-17T14:50:19","guid":{"rendered":"https:\/\/kasima.lt\/produktas\/raytree-rmbd72st-mulceris\/"},"modified":"2026-02-17T16:54:29","modified_gmt":"2026-02-17T14:54:29","slug":"raytree-rmbd72st-mulceris","status":"publish","type":"product","link":"https:\/\/kasima.lt\/et\/produktas\/raytree-rmbd72st-mulceris\/","title":{"rendered":"Raytree RMBD72ST mul\u0161er"},"content":{"rendered":"<p>Tootja: Raytree<br \/>\nMudel: RMBD72ST<br \/>\nKinnitus: minilaadurile<br \/>\nVajalik High Flow s\u00fcsteem<br \/>\nT\u00f6\u00f6\u00f5li vooluhulk: 114\u2013170 l\/min<br \/>\nKaal: 1010 kg<br \/>\nT\u00f6\u00f6laius: 183 cm<br \/>\n\u00dcldlaius: 211 cm<br \/>\nKaitse laastude eest<br \/>\nSurveraam<br \/>\n4 varu mult\u0161imispii komplekt<\/p>\n","protected":false},"excerpt":{"rendered":"<p>Hind ilma k\u00e4ibemaksuta<\/p>\n<p>Tootja: Raytree<br \/>\nMudel: RMBD72ST<br \/>\nHelista: <a href=\"tel:+37067607071\">+37067607071<\/a><br \/>\nEmail: <a href=\"mailto:sales@kasima.lt\">sales@kasima.lt<\/a><\/p>\n","protected":false},"featured_media":93426,"template":"","meta":{"_et_pb_use_builder":"","_et_pb_old_content":"","_et_gb_content_width":"","_monsterinsights_skip_tracking":false,"_monsterinsights_sitenote_active":false,"_monsterinsights_sitenote_note":"","_monsterinsights_sitenote_category":0},"product_brand":[],"product_cat":[159,161,169,165,218,245,156],"product_tag":[],"class_list":{"0":"post-93671","1":"product","2":"type-product","3":"status-publish","4":"has-post-thumbnail","6":"product_cat-15-3-tonni","7":"product_cat-3-5-tonni","8":"product_cat-5-7-tonni","9":"product_cat-uus","10":"product_cat-hudraulilised-multserid","11":"product_cat-muruniiduk-vosaloikur","12":"product_cat-minilaadur","14":"first","15":"instock","16":"shipping-taxable","17":"purchasable","18":"product-type-simple"},"aioseo_notices":[],"_links":{"self":[{"href":"https:\/\/kasima.lt\/et\/wp-json\/wp\/v2\/product\/93671","targetHints":{"allow":["GET"]}}],"collection":[{"href":"https:\/\/kasima.lt\/et\/wp-json\/wp\/v2\/product"}],"about":[{"href":"https:\/\/kasima.lt\/et\/wp-json\/wp\/v2\/types\/product"}],"wp:featuredmedia":[{"embeddable":true,"href":"https:\/\/kasima.lt\/et\/wp-json\/wp\/v2\/media\/93426"}],"wp:attachment":[{"href":"https:\/\/kasima.lt\/et\/wp-json\/wp\/v2\/media?parent=93671"}],"wp:term":[{"taxonomy":"product_brand","embeddable":true,"href":"https:\/\/kasima.lt\/et\/wp-json\/wp\/v2\/product_brand?post=93671"},{"taxonomy":"product_cat","embeddable":true,"href":"https:\/\/kasima.lt\/et\/wp-json\/wp\/v2\/product_cat?post=93671"},{"taxonomy":"product_tag","embeddable":true,"href":"https:\/\/kasima.lt\/et\/wp-json\/wp\/v2\/product_tag?post=93671"}],"curies":[{"name":"wp","href":"https:\/\/api.w.org\/{rel}","templated":true}]}}