{"id":93364,"date":"2026-02-13T09:07:22","date_gmt":"2026-02-13T07:07:22","guid":{"rendered":"https:\/\/kasima.lt\/produktas\/caterpillar-ap255e\/"},"modified":"2026-02-20T11:53:00","modified_gmt":"2026-02-20T09:53:00","slug":"caterpillar-ap255e","status":"publish","type":"product","link":"https:\/\/kasima.lt\/et\/produktas\/caterpillar-ap255e\/","title":{"rendered":"Caterpillar AP255E"},"content":{"rendered":"<p>M\u00fc\u00fca Caterpillar AP255E (BB621E) \u2013 kompaktne, t\u00f6\u00f6kindel ja mitmek\u00fclgne asfaltlaotur, mis sobib ideaalselt t\u00e4navate, k\u00f5nniteede, jalgrattateede ja teiste kitsaste alade asfalteerimiseks.<\/p>\n<p>Tehnilised andmed:<br \/>\nMudel: CAT AP255E<br \/>\nAasta: 2011<br \/>\nT\u00f6\u00f6tunnid: 4 096 mh<br \/>\nMootor: Caterpillar C2.2 \u2013 34,1 kW<br \/>\nKaal: 4 400 kg<br \/>\nAsfalteerimislaius: kuni 3,0 m<br \/>\nPunkri maht: 3,1 m\u00b3<\/p>\n<p>Varustus ja eelised:<\/p>\n<p>Kummipatjadega roomikalus \u2013 suurep\u00e4rane haarduvus ja man\u00f6\u00f6verdusv\u00f5ime<br \/>\nH\u00fcdrauliliselt laiendatav laoturi plaat \u2013 lihtne kohandada vastavalt projektile<br \/>\nNeljatsooniline elektriline laotusplaadi soojendus \u2013 kiire soojenemine ja t\u00e4pne temperatuuri reguleerimine<br \/>\nT\u00e4iendavad t\u00f6\u00f6tuled \u2013 parem n\u00e4htavus pimedal ajal t\u00f6\u00f6tamisel<br \/>\nErgonoomiline operaatori platvorm \u2013 k\u00f5ik juhtimisseadmed \u00fches kohas<\/p>\n<p>Seisukord: Masin on heas t\u00f6\u00f6korras, k\u00f5ik funktsioonid t\u00f6\u00f6tavad sujuvalt. T\u00f6\u00f6valmis. <\/p>\n<p>V\u00f5imalik \u00fclevaatus ja testimine UAB KASIMA platsil.<br \/>\nV\u00f5imalik transport kliendi aadressile Eestis v\u00f5i v\u00e4lismaal.<\/p>\n<p><iframe loading=\"lazy\" title=\"CAT AP255E\u2502 UAB KASIMA\" width=\"1080\" height=\"608\" src=\"https:\/\/www.youtube.com\/embed\/CnglRYcik_8?feature=oembed\"  allow=\"accelerometer; autoplay; clipboard-write; encrypted-media; gyroscope; picture-in-picture; web-share\" referrerpolicy=\"strict-origin-when-cross-origin\" allowfullscreen><\/iframe><\/p>\n","protected":false},"excerpt":{"rendered":"<p>Hind ilma k\u00e4ibemaksuta<\/p>\n<p>Tootja: Caterpillar<br \/>\nMudel: AP255E (BB621E)<br \/>\nHelista: <a href=\"tel:+37067607071\">+37067607071<\/a><br \/>\nE-post: <a href=\"mailto:sales@kasima.lt\">sales@kasima.lt<\/a><\/p>\n","protected":false},"featured_media":93215,"template":"","meta":{"_et_pb_use_builder":"","_et_pb_old_content":"","_et_gb_content_width":"","_monsterinsights_skip_tracking":false,"_monsterinsights_sitenote_active":false,"_monsterinsights_sitenote_note":"","_monsterinsights_sitenote_category":0},"product_brand":[],"product_cat":[196],"product_tag":[],"class_list":{"0":"post-93364","1":"product","2":"type-product","3":"status-publish","4":"has-post-thumbnail","6":"product_cat-tee-ehitusmasinad","8":"first","9":"instock","10":"shipping-taxable","11":"purchasable","12":"product-type-simple"},"aioseo_notices":[],"_links":{"self":[{"href":"https:\/\/kasima.lt\/et\/wp-json\/wp\/v2\/product\/93364","targetHints":{"allow":["GET"]}}],"collection":[{"href":"https:\/\/kasima.lt\/et\/wp-json\/wp\/v2\/product"}],"about":[{"href":"https:\/\/kasima.lt\/et\/wp-json\/wp\/v2\/types\/product"}],"wp:featuredmedia":[{"embeddable":true,"href":"https:\/\/kasima.lt\/et\/wp-json\/wp\/v2\/media\/93215"}],"wp:attachment":[{"href":"https:\/\/kasima.lt\/et\/wp-json\/wp\/v2\/media?parent=93364"}],"wp:term":[{"taxonomy":"product_brand","embeddable":true,"href":"https:\/\/kasima.lt\/et\/wp-json\/wp\/v2\/product_brand?post=93364"},{"taxonomy":"product_cat","embeddable":true,"href":"https:\/\/kasima.lt\/et\/wp-json\/wp\/v2\/product_cat?post=93364"},{"taxonomy":"product_tag","embeddable":true,"href":"https:\/\/kasima.lt\/et\/wp-json\/wp\/v2\/product_tag?post=93364"}],"curies":[{"name":"wp","href":"https:\/\/api.w.org\/{rel}","templated":true}]}}