{"id":92931,"date":"2026-01-27T13:08:41","date_gmt":"2026-01-27T11:08:41","guid":{"rendered":"https:\/\/kasima.lt\/produktas\/hamm-h-13i-2017\/"},"modified":"2026-02-25T14:46:48","modified_gmt":"2026-02-25T12:46:48","slug":"hamm-h-13i-2017","status":"publish","type":"product","link":"https:\/\/kasima.lt\/et\/produktas\/hamm-h-13i-2017\/","title":{"rendered":"Hamm H 13i (2017)"},"content":{"rendered":"<p>M\u00fc\u00fca suurep\u00e4rases t\u00f6\u00f6korras pinnaserull Hamm H13i <\/p>\n<p>Tehnilised andmed:<\/p>\n<p>Mark \/ Mudel: Hamm H13i<br \/>\nV\u00e4ljalaskeaasta: 2017<br \/>\nV\u00f5imsus: 115 kW (Deutz mootor)<br \/>\nT\u00f6\u00f6tunnid: 5 538 tundi<br \/>\nKaal: u 13 000 kg<br \/>\nMaksimaalne t\u00e4ismass: 15 870 kg<br \/>\nT\u00fc\u00fcp: \u00dche valtsiga pinnaserull<br \/>\nVarustus: Integreeritud HCQ (Hamm Compaction Quality) s\u00fcsteem<br \/>\nMugavus: Konditsioneer<\/p>\n<p>Komplektis on t\u00e4iendav segment-nukkplaatide komplekt. <\/p>\n<p>Masin on t\u00f6\u00f6ks valmis.<br \/>\n\u00dclevaatus ja testimine on v\u00f5imalikud UAB KASIMA platsil.<br \/>\nV\u00f5imalik transport kliendi soovitud aadressile Leedus v\u00f5i v\u00e4lismaal.<\/p>\n<p><iframe loading=\"lazy\" title=\"Hamm H 13i \u2502 UAB KASIMA\" width=\"1080\" height=\"608\" src=\"https:\/\/www.youtube.com\/embed\/ALkwfEdfM-k?feature=oembed\"  allow=\"accelerometer; autoplay; clipboard-write; encrypted-media; gyroscope; picture-in-picture; web-share\" referrerpolicy=\"strict-origin-when-cross-origin\" allowfullscreen><\/iframe><\/p>\n","protected":false},"excerpt":{"rendered":"<p>Hind ilma k\u00e4ibemaksuta<\/p>\n<p>Tootja: Hamm<br \/>\nMudel: H 13i<br \/>\nHelista: <a href=\"tel:+37067607071\">+37067607071<\/a><br \/>\nE-post: <a href=\"mailto:sales@kasima.lt\">sales@kasima.lt<\/a><\/p>\n","protected":false},"featured_media":92782,"template":"","meta":{"_et_pb_use_builder":"","_et_pb_old_content":"","_et_gb_content_width":"","_monsterinsights_skip_tracking":false,"_monsterinsights_sitenote_active":false,"_monsterinsights_sitenote_note":"","_monsterinsights_sitenote_category":0},"product_brand":[],"product_cat":[196,147,148],"product_tag":[],"class_list":{"0":"post-92931","1":"product","2":"type-product","3":"status-publish","4":"has-post-thumbnail","6":"product_cat-tee-ehitusmasinad","7":"product_cat-ehitus","8":"product_cat-muud-masinad","10":"first","11":"instock","12":"shipping-taxable","13":"purchasable","14":"product-type-simple"},"aioseo_notices":[],"_links":{"self":[{"href":"https:\/\/kasima.lt\/et\/wp-json\/wp\/v2\/product\/92931","targetHints":{"allow":["GET"]}}],"collection":[{"href":"https:\/\/kasima.lt\/et\/wp-json\/wp\/v2\/product"}],"about":[{"href":"https:\/\/kasima.lt\/et\/wp-json\/wp\/v2\/types\/product"}],"wp:featuredmedia":[{"embeddable":true,"href":"https:\/\/kasima.lt\/et\/wp-json\/wp\/v2\/media\/92782"}],"wp:attachment":[{"href":"https:\/\/kasima.lt\/et\/wp-json\/wp\/v2\/media?parent=92931"}],"wp:term":[{"taxonomy":"product_brand","embeddable":true,"href":"https:\/\/kasima.lt\/et\/wp-json\/wp\/v2\/product_brand?post=92931"},{"taxonomy":"product_cat","embeddable":true,"href":"https:\/\/kasima.lt\/et\/wp-json\/wp\/v2\/product_cat?post=92931"},{"taxonomy":"product_tag","embeddable":true,"href":"https:\/\/kasima.lt\/et\/wp-json\/wp\/v2\/product_tag?post=92931"}],"curies":[{"name":"wp","href":"https:\/\/api.w.org\/{rel}","templated":true}]}}