{"id":92395,"date":"2026-01-14T09:27:36","date_gmt":"2026-01-14T09:27:36","guid":{"rendered":"https:\/\/kasima.lt\/produktas\/hidraulinis-plaktukas-ksm-attachments-ksh400-su-automatiniu-tepimu\/"},"modified":"2026-01-14T09:34:42","modified_gmt":"2026-01-14T09:34:42","slug":"hidraulinis-plaktukas-ksm-attachments-ksh400-su-automatiniu-tepimu","status":"publish","type":"product","link":"https:\/\/kasima.lt\/et\/produktas\/hidraulinis-plaktukas-ksm-attachments-ksh400-su-automatiniu-tepimu\/","title":{"rendered":"Automaatse m\u00e4\u00e4rimisega h\u00fcdrovasar KSM Attachments KSH400"},"content":{"rendered":"<p>SPETSIFIKATSIOONID:<br \/>\nH\u00fcdrovasara kaal: 360 kg.<br \/>\nT\u00f6\u00f6\u00f5li vooluhulk: 35 &#8211; 60 l\/min.<br \/>\nT\u00f6\u00f6\u00f5li r\u00f5hk: 110 &#8211; 140 bar.<br \/>\nL\u00f6\u00f6gisagedus: 500-900 bpm;<br \/>\nTera l\u00e4bim\u00f5\u00f5t: 68 mm<br \/>\nAutomaatne m\u00e4\u00e4rimine<br \/>\nH\u00fcdraulilise vooliku l\u00e4bim\u00f5\u00f5t: 1\/2<br \/>\nSisaldab h\u00fcdraulilist voolikut ja hooldust\u00f6\u00f6riistade komplekti.<br \/>\nH\u00fcdrovasar betooni, raudbetooni ja asfaldi lammutamiseks. Seda saab kasutada ka k\u00f5vade materjalide, n\u00e4iteks kivide v\u00f5i kivimite purustamiseks ja purustamiseks. KSH 400 murdmisv\u00f5imsus on v\u00f5rratu k\u00e4siveskiga ja teeb t\u00f6\u00f6 palju lihtsamaks. Norra kaubam\u00e4rk KSM Attachments pakub suurep\u00e4rast hinna ja kvaliteedi suhet. Pakume 12-kuulise garantii tehase defektide vastu. KASIMA UAB pakub garantii- ja garantiij\u00e4rgset hooldust.<\/p>\n<p>L\u00c4HETAMINE:<br \/>\nMeil on kaubad kohapeal, nii et saate tulla ja neid isiklikult n\u00e4ha. Kiire tarne teie aadressile.<\/p>\n","protected":false},"excerpt":{"rendered":"<p>Hind ilma k\u00e4ibemaksuta<\/p>\n<p>Tootja: KSM Attachments<br \/>\nMudel: KSH400 automaatse m\u00e4\u00e4rimisega<br \/>\nHelista: <a href=\"tel:+37067607071\">+37067607071<\/a><br \/>\nE-post: <a href=\"mailto:sales@kasima.lt\">sales@kasima.lt<\/a><\/p>\n","protected":false},"featured_media":92341,"template":"","meta":{"_et_pb_use_builder":"","_et_pb_old_content":"","_et_gb_content_width":"","_monsterinsights_skip_tracking":false,"_monsterinsights_sitenote_active":false,"_monsterinsights_sitenote_note":"","_monsterinsights_sitenote_category":0},"product_brand":[],"product_cat":[161,169,165,226,167,156],"product_tag":[],"class_list":{"0":"post-92395","1":"product","2":"type-product","3":"status-publish","4":"has-post-thumbnail","6":"product_cat-3-5-tonni","7":"product_cat-5-7-tonni","8":"product_cat-uus","9":"product_cat-hudrovasar","10":"product_cat-ekskavaator","11":"product_cat-minilaadur","13":"first","14":"instock","15":"shipping-taxable","16":"purchasable","17":"product-type-simple"},"aioseo_notices":[],"_links":{"self":[{"href":"https:\/\/kasima.lt\/et\/wp-json\/wp\/v2\/product\/92395","targetHints":{"allow":["GET"]}}],"collection":[{"href":"https:\/\/kasima.lt\/et\/wp-json\/wp\/v2\/product"}],"about":[{"href":"https:\/\/kasima.lt\/et\/wp-json\/wp\/v2\/types\/product"}],"wp:featuredmedia":[{"embeddable":true,"href":"https:\/\/kasima.lt\/et\/wp-json\/wp\/v2\/media\/92341"}],"wp:attachment":[{"href":"https:\/\/kasima.lt\/et\/wp-json\/wp\/v2\/media?parent=92395"}],"wp:term":[{"taxonomy":"product_brand","embeddable":true,"href":"https:\/\/kasima.lt\/et\/wp-json\/wp\/v2\/product_brand?post=92395"},{"taxonomy":"product_cat","embeddable":true,"href":"https:\/\/kasima.lt\/et\/wp-json\/wp\/v2\/product_cat?post=92395"},{"taxonomy":"product_tag","embeddable":true,"href":"https:\/\/kasima.lt\/et\/wp-json\/wp\/v2\/product_tag?post=92395"}],"curies":[{"name":"wp","href":"https:\/\/api.w.org\/{rel}","templated":true}]}}