{"id":92280,"date":"2026-01-14T07:21:44","date_gmt":"2026-01-14T07:21:44","guid":{"rendered":"https:\/\/kasima.lt\/produktas\/betono-trupinimo-ziaunos-ksm-sc2000\/"},"modified":"2026-01-14T07:24:50","modified_gmt":"2026-01-14T07:24:50","slug":"betono-trupinimo-ziaunos-ksm-sc2000","status":"publish","type":"product","link":"https:\/\/kasima.lt\/et\/produktas\/betono-trupinimo-ziaunos-ksm-sc2000\/","title":{"rendered":"Betooni purustuskraanid KSM SC2000"},"content":{"rendered":"<p>KSM SC2000 on suure j\u00f5udlusega h\u00fcdraulilise rootoriga h\u00fcdrauliline purustuskraan, mis on m\u00f5eldud 22-35-tonnistele ekskavaatoritele. See mudel on ideaalne professionaalseks betooni, tellise ja konstruktsioonide purustamiseks ning armatuuri eraldamiseks, tagades suure tootlikkuse ka k\u00f5ige raskemate lammutus\u00fclesannete puhul. <\/p>\n<p>Tehnilised andmed:<\/p>\n<p>Mudel: KSM SC2000<br \/>\nSoovitatav ekskavaatori kaal: 22 &#8211; 35 t<br \/>\nJuhtimine: lisajuhik h\u00fcdraulikaventiiliga<br \/>\nRootor: h\u00fcdrauliline<br \/>\nKaal (s\u00f5ltuvalt varustusest): ca 1900 kg<br \/>\nH\u00fcdraulika t\u00f6\u00f6r\u00f5hk: kuni 320 bar<br \/>\nMax. K\u00e4\u00e4ride avanemine: 975 mm<br \/>\nK\u00e4\u00e4ride k\u00f5rgus: 2250 mm<br \/>\nK\u00e4\u00e4ride laius: 530 mm<br \/>\nKlambrite v\u00f5imsus: 235 t <\/p>\n","protected":false},"excerpt":{"rendered":"<p>Hind ilma k\u00e4ibemaksuta<\/p>\n<p>Tootja: KSM Attachments<br \/>\nMudel: SC2000<br \/>\nHelista: <a href=\"tel:+37067607071\">+37067607071<\/a><br \/>\nEmail: <a href=\"mailto:sales@kasima.lt\">sales@kasima.lt<\/a><\/p>\n","protected":false},"featured_media":92186,"template":"","meta":{"_et_pb_use_builder":"","_et_pb_old_content":"","_et_gb_content_width":"","_monsterinsights_skip_tracking":false,"_monsterinsights_sitenote_active":false,"_monsterinsights_sitenote_note":"","_monsterinsights_sitenote_category":0},"product_brand":[],"product_cat":[243,244,165,234,167],"product_tag":[],"class_list":{"0":"post-92280","1":"product","2":"type-product","3":"status-publish","4":"has-post-thumbnail","6":"product_cat-20-25-tonni","7":"product_cat-25-tonni-ja-rohkem","8":"product_cat-uus","9":"product_cat-muud-lisaseadmed","10":"product_cat-ekskavaator","12":"first","13":"instock","14":"shipping-taxable","15":"purchasable","16":"product-type-simple"},"aioseo_notices":[],"_links":{"self":[{"href":"https:\/\/kasima.lt\/et\/wp-json\/wp\/v2\/product\/92280","targetHints":{"allow":["GET"]}}],"collection":[{"href":"https:\/\/kasima.lt\/et\/wp-json\/wp\/v2\/product"}],"about":[{"href":"https:\/\/kasima.lt\/et\/wp-json\/wp\/v2\/types\/product"}],"wp:featuredmedia":[{"embeddable":true,"href":"https:\/\/kasima.lt\/et\/wp-json\/wp\/v2\/media\/92186"}],"wp:attachment":[{"href":"https:\/\/kasima.lt\/et\/wp-json\/wp\/v2\/media?parent=92280"}],"wp:term":[{"taxonomy":"product_brand","embeddable":true,"href":"https:\/\/kasima.lt\/et\/wp-json\/wp\/v2\/product_brand?post=92280"},{"taxonomy":"product_cat","embeddable":true,"href":"https:\/\/kasima.lt\/et\/wp-json\/wp\/v2\/product_cat?post=92280"},{"taxonomy":"product_tag","embeddable":true,"href":"https:\/\/kasima.lt\/et\/wp-json\/wp\/v2\/product_tag?post=92280"}],"curies":[{"name":"wp","href":"https:\/\/api.w.org\/{rel}","templated":true}]}}