{"id":92181,"date":"2026-01-14T07:01:16","date_gmt":"2026-01-14T07:01:16","guid":{"rendered":"https:\/\/kasima.lt\/produktas\/hidraulines-zirkles-ksm-ps160\/"},"modified":"2026-01-14T07:04:42","modified_gmt":"2026-01-14T07:04:42","slug":"hidraulines-zirkles-ksm-ps160","status":"publish","type":"product","link":"https:\/\/kasima.lt\/et\/produktas\/hidraulines-zirkles-ksm-ps160\/","title":{"rendered":"H\u00fcdraulilised k\u00e4\u00e4rid KSM PS160"},"content":{"rendered":"<p>KSM PS160 on v\u00f5imas ja usaldusv\u00e4\u00e4rne h\u00fcdraulilise rootoriga h\u00fcdrauliline k\u00e4\u00e4r, mis on m\u00f5eldud kasutamiseks 12-18 tonniste ekskavaatoritega. See pakub suurt t\u00e4psust, tugevat l\u00f5ikev\u00f5imet ja mitmek\u00fclgsust mitmesugustes ehitus-, lammutus- ja taaskasutust\u00f6\u00f6del. <\/p>\n<p>Tehnilised andmed:<\/p>\n<p>Mudel: KSM PS160<br \/>\nSoovitatav ekskavaatori kaal: 12 &#8211; 18 t<br \/>\nJuhtimine: elektromagnetiline<br \/>\nRootor: h\u00fcdrauliline<br \/>\nKaal: ca. 1 350 kg<br \/>\nH\u00fcdrauliline t\u00f6\u00f6r\u00f5hk: kuni 300 bar<br \/>\nMax. 780 mm<br \/>\nK\u00e4\u00e4ride k\u00f5rgus: 210 cm<br \/>\nK\u00e4\u00e4ride laius: 116 cm<br \/>\nSulgemisj\u00f5ud: 960 kN<br \/>\nL\u00f5iketerad: 15 cm <\/p>\n","protected":false},"excerpt":{"rendered":"<p>Hind ilma k\u00e4ibemaksuta<\/p>\n<p>Tootja: KSM Attachments<br \/>\nMudel: PS160<br \/>\nHelista: <a href=\"tel:+37067607071\">+37067607071<\/a><br \/>\nE-post: <a href=\"mailto:sales@kasima.lt\">sales@kasima.lt<\/a><\/p>\n","protected":false},"featured_media":92061,"template":"","meta":{"_et_pb_use_builder":"","_et_pb_old_content":"","_et_gb_content_width":"","_monsterinsights_skip_tracking":false,"_monsterinsights_sitenote_active":false,"_monsterinsights_sitenote_note":"","_monsterinsights_sitenote_category":0},"product_brand":[],"product_cat":[201,212,233,165,234,167],"product_tag":[],"class_list":{"0":"post-92181","1":"product","2":"type-product","3":"status-publish","4":"has-post-thumbnail","6":"product_cat-10-13-tonni","7":"product_cat-13-16-tonni","8":"product_cat-16-20-tonni","9":"product_cat-uus","10":"product_cat-muud-lisaseadmed","11":"product_cat-ekskavaator","13":"first","14":"instock","15":"shipping-taxable","16":"purchasable","17":"product-type-simple"},"aioseo_notices":[],"_links":{"self":[{"href":"https:\/\/kasima.lt\/et\/wp-json\/wp\/v2\/product\/92181","targetHints":{"allow":["GET"]}}],"collection":[{"href":"https:\/\/kasima.lt\/et\/wp-json\/wp\/v2\/product"}],"about":[{"href":"https:\/\/kasima.lt\/et\/wp-json\/wp\/v2\/types\/product"}],"wp:featuredmedia":[{"embeddable":true,"href":"https:\/\/kasima.lt\/et\/wp-json\/wp\/v2\/media\/92061"}],"wp:attachment":[{"href":"https:\/\/kasima.lt\/et\/wp-json\/wp\/v2\/media?parent=92181"}],"wp:term":[{"taxonomy":"product_brand","embeddable":true,"href":"https:\/\/kasima.lt\/et\/wp-json\/wp\/v2\/product_brand?post=92181"},{"taxonomy":"product_cat","embeddable":true,"href":"https:\/\/kasima.lt\/et\/wp-json\/wp\/v2\/product_cat?post=92181"},{"taxonomy":"product_tag","embeddable":true,"href":"https:\/\/kasima.lt\/et\/wp-json\/wp\/v2\/product_tag?post=92181"}],"curies":[{"name":"wp","href":"https:\/\/api.w.org\/{rel}","templated":true}]}}