{"id":91979,"date":"2026-01-13T13:11:35","date_gmt":"2026-01-13T13:11:35","guid":{"rendered":"https:\/\/kasima.lt\/produktas\/volvo-ew160b-hidraulinio-siurblio-flansas\/"},"modified":"2026-01-13T13:15:47","modified_gmt":"2026-01-13T13:15:47","slug":"volvo-ew160b-hidraulinio-siurblio-flansas","status":"publish","type":"product","link":"https:\/\/kasima.lt\/et\/produktas\/volvo-ew160b-hidraulinio-siurblio-flansas\/","title":{"rendered":"Volvo EW160B h\u00fcdraulikapumba \u00e4\u00e4rik"},"content":{"rendered":"<p>Originaal kasutatud osa, eemaldatud Volvo EW160B-st (2003)<br \/>\nOEM \u00e4\u00e4rik Volvo ekskavaatoritele<br \/>\nT\u00e4ielikult kontrollitud ja paigaldusvalmis<br \/>\nMaailma\u00fclene kohaletoimetamine.<br \/>\nKaalu ja m\u00f5\u00f5tmed transpordiks:<br \/>\n\u2022 Umbes 15 kg<br \/>\n\u2022 400 x 400 x 50 mm<br \/>\nKataloogi number:<br \/>\n\u2022 VOE 14377125<\/p>\n","protected":false},"excerpt":{"rendered":"<p>Hind ilma k\u00e4ibemaksuta<\/p>\n<p>Tootja: VOLVO<br \/>\nMudel: KND0116<br \/>\nTelefon: <a href=\"tel:+37060842988\">+37060842988<\/a><br \/>\nE-post: <a href=\"mailto:usedparts@kasima.lt\">usedparts@kasima.lt<\/a><\/p>\n","protected":false},"featured_media":91970,"template":"","meta":{"_et_pb_use_builder":"","_et_pb_old_content":"","_et_gb_content_width":"","_monsterinsights_skip_tracking":false,"_monsterinsights_sitenote_active":false,"_monsterinsights_sitenote_note":"","_monsterinsights_sitenote_category":0},"product_brand":[],"product_cat":[397,816,616,319,684,431],"product_tag":[],"class_list":{"0":"post-91979","1":"product","2":"type-product","3":"status-publish","4":"has-post-thumbnail","6":"product_cat-volvo-varuosade","7":"product_cat-ew160b","8":"product_cat-hudraulikapumbad-ja-nende-osad","9":"product_cat-kasutatud-varuosade","10":"product_cat-ekskavaatori-osad","11":"product_cat-ehitusmasinad-varuosade","13":"first","14":"instock","15":"shipping-taxable","16":"purchasable","17":"product-type-simple"},"aioseo_notices":[],"_links":{"self":[{"href":"https:\/\/kasima.lt\/et\/wp-json\/wp\/v2\/product\/91979","targetHints":{"allow":["GET"]}}],"collection":[{"href":"https:\/\/kasima.lt\/et\/wp-json\/wp\/v2\/product"}],"about":[{"href":"https:\/\/kasima.lt\/et\/wp-json\/wp\/v2\/types\/product"}],"wp:featuredmedia":[{"embeddable":true,"href":"https:\/\/kasima.lt\/et\/wp-json\/wp\/v2\/media\/91970"}],"wp:attachment":[{"href":"https:\/\/kasima.lt\/et\/wp-json\/wp\/v2\/media?parent=91979"}],"wp:term":[{"taxonomy":"product_brand","embeddable":true,"href":"https:\/\/kasima.lt\/et\/wp-json\/wp\/v2\/product_brand?post=91979"},{"taxonomy":"product_cat","embeddable":true,"href":"https:\/\/kasima.lt\/et\/wp-json\/wp\/v2\/product_cat?post=91979"},{"taxonomy":"product_tag","embeddable":true,"href":"https:\/\/kasima.lt\/et\/wp-json\/wp\/v2\/product_tag?post=91979"}],"curies":[{"name":"wp","href":"https:\/\/api.w.org\/{rel}","templated":true}]}}