{"id":91929,"date":"2026-01-09T09:55:48","date_gmt":"2026-01-09T09:55:48","guid":{"rendered":"https:\/\/kasima.lt\/produktas\/wolverine-tcr-12-48h-trenseris\/"},"modified":"2026-01-09T09:58:01","modified_gmt":"2026-01-09T09:58:01","slug":"wolverine-tcr-12-48h-trenseris","status":"publish","type":"product","link":"https:\/\/kasima.lt\/et\/produktas\/wolverine-tcr-12-48h-trenseris\/","title":{"rendered":"Wolverine TCR-12-48H treener"},"content":{"rendered":"<p>Spetsifikatsioon:<\/p>\n<p>Seisukord: uus<br \/>\nKaevamislaius: 20 cm<br \/>\nKaevamiss\u00fcgavus: 1,22 cm<br \/>\nAugeri l\u00e4bim\u00f5\u00f5t: 40 cm<br \/>\nMaksimaalne t\u00f6\u00f6r\u00f5hk: 207 bar<br \/>\nT\u00f6\u00f6tava h\u00fcdraulika\u00f5li vooluhulk: 56-76 l\/min.<br \/>\nKaal: 405 kg<\/p>\n","protected":false},"excerpt":{"rendered":"<p>Hind ilma k\u00e4ibemaksuta<\/p>\n<p>Tootja: Wolverine<br \/>\nMudel: TCR-12-48H<br \/>\nHelista: <a href=\"tel:+37067607071\">+37067607071<\/a><br \/>\nEmail: <a href=\"mailto:sales@kasima.lt\">sales@kasima.lt<\/a><\/p>\n","protected":false},"featured_media":91859,"template":"","meta":{"_et_pb_use_builder":"","_et_pb_old_content":"","_et_gb_content_width":"","_monsterinsights_skip_tracking":false,"_monsterinsights_sitenote_active":false,"_monsterinsights_sitenote_note":"","_monsterinsights_sitenote_category":0},"product_brand":[],"product_cat":[159,161,165,234,156],"product_tag":[],"class_list":{"0":"post-91929","1":"product","2":"type-product","3":"status-publish","4":"has-post-thumbnail","6":"product_cat-15-3-tonni","7":"product_cat-3-5-tonni","8":"product_cat-uus","9":"product_cat-muud-lisaseadmed","10":"product_cat-minilaadur","12":"first","13":"instock","14":"shipping-taxable","15":"purchasable","16":"product-type-simple"},"aioseo_notices":[],"_links":{"self":[{"href":"https:\/\/kasima.lt\/et\/wp-json\/wp\/v2\/product\/91929","targetHints":{"allow":["GET"]}}],"collection":[{"href":"https:\/\/kasima.lt\/et\/wp-json\/wp\/v2\/product"}],"about":[{"href":"https:\/\/kasima.lt\/et\/wp-json\/wp\/v2\/types\/product"}],"wp:featuredmedia":[{"embeddable":true,"href":"https:\/\/kasima.lt\/et\/wp-json\/wp\/v2\/media\/91859"}],"wp:attachment":[{"href":"https:\/\/kasima.lt\/et\/wp-json\/wp\/v2\/media?parent=91929"}],"wp:term":[{"taxonomy":"product_brand","embeddable":true,"href":"https:\/\/kasima.lt\/et\/wp-json\/wp\/v2\/product_brand?post=91929"},{"taxonomy":"product_cat","embeddable":true,"href":"https:\/\/kasima.lt\/et\/wp-json\/wp\/v2\/product_cat?post=91929"},{"taxonomy":"product_tag","embeddable":true,"href":"https:\/\/kasima.lt\/et\/wp-json\/wp\/v2\/product_tag?post=91929"}],"curies":[{"name":"wp","href":"https:\/\/api.w.org\/{rel}","templated":true}]}}