{"id":91753,"date":"2026-01-08T21:09:52","date_gmt":"2026-01-08T21:09:52","guid":{"rendered":"https:\/\/kasima.lt\/produktas\/hidraulines-zirkles-ksm-ps35-2\/"},"modified":"2026-01-08T21:13:03","modified_gmt":"2026-01-08T21:13:03","slug":"hidraulines-zirkles-ksm-ps35-2","status":"publish","type":"product","link":"https:\/\/kasima.lt\/et\/produktas\/hidraulines-zirkles-ksm-ps35-2\/","title":{"rendered":"H\u00fcdraulilised k\u00e4\u00e4rid KSM PS210"},"content":{"rendered":"<p>KSM PS210 on v\u00f5imas ja usaldusv\u00e4\u00e4rne h\u00fcdraulilise rootoriga h\u00fcdrauliline k\u00e4\u00e4r, mis on m\u00f5eldud kasutamiseks 18-26 tonniste ekskavaatoritega. See pakub suurt t\u00e4psust, tugevat l\u00f5ikev\u00f5imet ja mitmek\u00fclgsust mitmesugustes ehitus-, lammutus- ja taaskasutusrakendustes. <\/p>\n<p>Tehnilised andmed:<\/p>\n<p>Mudel: KSM PS210<br \/>\nSoovitatav ekskavaatori kaal: 18 &#8211; 26 t<br \/>\nJuhtimine: elektromagnetiline<br \/>\nRootor: h\u00fcdrauliline<br \/>\nKaal: ca 2100 kg<br \/>\nH\u00fcdrauliline t\u00f6\u00f6r\u00f5hk: kuni 320 bar<br \/>\nMax. Sulgemisava: 980 mm<br \/>\nK\u00e4\u00e4ride k\u00f5rgus: 250 cm<br \/>\nK\u00e4\u00e4ride laius: 146 cm<br \/>\nSulgemisj\u00f5ud: 1550 kN<br \/>\nL\u00f5iketerad: 19 cm <\/p>\n","protected":false},"excerpt":{"rendered":"<p>Hind ilma k\u00e4ibemaksuta<\/p>\n<p>Tootja: KSM Attachments<br \/>\nMudel: PS210<br \/>\nHelista: <a href=\"tel:+37067607071\">+37067607071<\/a><br \/>\nEmail: <a href=\"mailto:sales@kasima.lt\">sales@kasima.lt<\/a><\/p>\n","protected":false},"featured_media":91578,"template":"","meta":{"_et_pb_use_builder":"","_et_pb_old_content":"","_et_gb_content_width":"","_monsterinsights_skip_tracking":false,"_monsterinsights_sitenote_active":false,"_monsterinsights_sitenote_note":"","_monsterinsights_sitenote_category":0},"product_brand":[],"product_cat":[233,243,244,165,234,167],"product_tag":[],"class_list":{"0":"post-91753","1":"product","2":"type-product","3":"status-publish","4":"has-post-thumbnail","6":"product_cat-16-20-tonni","7":"product_cat-20-25-tonni","8":"product_cat-25-tonni-ja-rohkem","9":"product_cat-uus","10":"product_cat-muud-lisaseadmed","11":"product_cat-ekskavaator","13":"first","14":"instock","15":"shipping-taxable","16":"purchasable","17":"product-type-simple"},"aioseo_notices":[],"_links":{"self":[{"href":"https:\/\/kasima.lt\/et\/wp-json\/wp\/v2\/product\/91753","targetHints":{"allow":["GET"]}}],"collection":[{"href":"https:\/\/kasima.lt\/et\/wp-json\/wp\/v2\/product"}],"about":[{"href":"https:\/\/kasima.lt\/et\/wp-json\/wp\/v2\/types\/product"}],"wp:featuredmedia":[{"embeddable":true,"href":"https:\/\/kasima.lt\/et\/wp-json\/wp\/v2\/media\/91578"}],"wp:attachment":[{"href":"https:\/\/kasima.lt\/et\/wp-json\/wp\/v2\/media?parent=91753"}],"wp:term":[{"taxonomy":"product_brand","embeddable":true,"href":"https:\/\/kasima.lt\/et\/wp-json\/wp\/v2\/product_brand?post=91753"},{"taxonomy":"product_cat","embeddable":true,"href":"https:\/\/kasima.lt\/et\/wp-json\/wp\/v2\/product_cat?post=91753"},{"taxonomy":"product_tag","embeddable":true,"href":"https:\/\/kasima.lt\/et\/wp-json\/wp\/v2\/product_tag?post=91753"}],"curies":[{"name":"wp","href":"https:\/\/api.w.org\/{rel}","templated":true}]}}