{"id":9091,"date":"2023-02-07T13:52:03","date_gmt":"2023-02-07T13:52:03","guid":{"rendered":"https:\/\/kasima.lt\/shop\/maaratlemata\/kiirliitmik-30-135-105145-mm-mehaaniline\/"},"modified":"2025-10-29T13:20:34","modified_gmt":"2025-10-29T13:20:34","slug":"greita-jungtis-30-135-105-145-mm-mechanine","status":"publish","type":"product","link":"https:\/\/kasima.lt\/et\/produktas\/greita-jungtis-30-135-105-145-mm-mechanine\/","title":{"rendered":"Kiirliitmik 30-135-105mm, mehaaniline"},"content":{"rendered":"<p>SPETSIFIKATSIOONID:<br \/>\nTollide l\u00e4bim\u00f5\u00f5t (D1=D2): 30 mm.<br \/>\nPoomi tappide keskpunktide vaheline kaugus (A1): 135 mm.<br \/>\nKaeva tappide keskpunktide vaheline kaugus (A2): 135 mm.<br \/>\nEkskavaatori poomi laius (W): 105 mm.<br \/>\nKaeva k\u00f5rvade vaheline kaugus (W2): 105 mm.<br \/>\nKaeva reguleeritav lukustusvahetus (A2).<\/p>\n<p>Ekskavaatori mehaanilist kiir\u00fchendust kasutatakse ekskavaatori koppade, puuride, h\u00fcdrovasara v\u00f5i muude lisaseadmete kiireks vahetamiseks. See on kiire, t\u00f5hus ja aja kokkuhoidev viis, millega unustate k\u00e4sitsi haamri, mida varem kasutasite tapide v\u00e4lja l\u00f6\u00f6miseks. V\u00f5tmega \u00fchenduskoht takistab \u00fchenduskoha kinnij\u00e4\u00e4mist ekskavaatorik\u00fchvli v\u00f5i muu kinnituse k\u00fclge, isegi kui kinnituse loomulikul kulumisel.<br \/>\nL\u00c4HETAMINE:<br \/>\nToode on meil kohapeal, nii et saate tulla ja seda isiklikult n\u00e4ha. Kiire tarne teie aadressile.<\/p>\n","protected":false},"excerpt":{"rendered":"<p>Hind ilma k\u00e4ibemaksuta<\/p>\n<p>Tootja: ekskavaatori kiirhaakeseadis<br \/>\nMudel: M 30-135-105<br \/>\nHelista: <a href=\"tel:+37067607071\">+37067607071<\/a><br \/>\nE-post: <a href=\"mailto:info@kasima.lt\">sales@kasima.lt<\/a><\/p>\n","protected":false},"featured_media":76519,"template":"","meta":{"_et_pb_use_builder":"","_et_pb_old_content":"","_et_gb_content_width":"","_monsterinsights_skip_tracking":false,"_monsterinsights_sitenote_active":false,"_monsterinsights_sitenote_note":"","_monsterinsights_sitenote_category":0},"product_brand":[],"product_cat":[159,161,165,284,167],"product_tag":[],"class_list":{"0":"post-9091","1":"product","2":"type-product","3":"status-publish","4":"has-post-thumbnail","6":"product_cat-15-3-tonni","7":"product_cat-3-5-tonni","8":"product_cat-uus","9":"product_cat-ekskavaatori-kiirkonks","10":"product_cat-ekskavaator","12":"first","13":"instock","14":"shipping-taxable","15":"purchasable","16":"product-type-simple"},"aioseo_notices":[],"_links":{"self":[{"href":"https:\/\/kasima.lt\/et\/wp-json\/wp\/v2\/product\/9091","targetHints":{"allow":["GET"]}}],"collection":[{"href":"https:\/\/kasima.lt\/et\/wp-json\/wp\/v2\/product"}],"about":[{"href":"https:\/\/kasima.lt\/et\/wp-json\/wp\/v2\/types\/product"}],"wp:featuredmedia":[{"embeddable":true,"href":"https:\/\/kasima.lt\/et\/wp-json\/wp\/v2\/media\/76519"}],"wp:attachment":[{"href":"https:\/\/kasima.lt\/et\/wp-json\/wp\/v2\/media?parent=9091"}],"wp:term":[{"taxonomy":"product_brand","embeddable":true,"href":"https:\/\/kasima.lt\/et\/wp-json\/wp\/v2\/product_brand?post=9091"},{"taxonomy":"product_cat","embeddable":true,"href":"https:\/\/kasima.lt\/et\/wp-json\/wp\/v2\/product_cat?post=9091"},{"taxonomy":"product_tag","embeddable":true,"href":"https:\/\/kasima.lt\/et\/wp-json\/wp\/v2\/product_tag?post=9091"}],"curies":[{"name":"wp","href":"https:\/\/api.w.org\/{rel}","templated":true}]}}