{"id":88427,"date":"2025-12-18T14:21:21","date_gmt":"2025-12-18T14:21:21","guid":{"rendered":"https:\/\/kasima.lt\/produktas\/bosch-kuro-siurblys-2\/"},"modified":"2025-12-18T14:23:44","modified_gmt":"2025-12-18T14:23:44","slug":"bosch-kuro-siurblys-2","status":"publish","type":"product","link":"https:\/\/kasima.lt\/et\/produktas\/bosch-kuro-siurblys-2\/","title":{"rendered":"Bosch k\u00fctusepump"},"content":{"rendered":"<p>Originaal kasutatud osa, eemaldatud Case Puma CVX 185 (2018)<br \/>\nOEM k\u00fctusepump Case traktoritele<br \/>\nPump oli kuumuse m\u00f5jule avatud, kuid t\u00f6\u00f6korras<br \/>\nMaailma\u00fclene kohaletoimetamine.<br \/>\nKaalu ja m\u00f5\u00f5tmed transpordiks:<br \/>\n\u2022 Umbes 10 kg<br \/>\n\u2022 300 x 300 x 300 mm<br \/>\nKataloogi number:<br \/>\n\u2022 5801600539<br \/>\n\u2022 72506696<br \/>\n\u2022 4896138W07193230218<\/p>\n","protected":false},"excerpt":{"rendered":"<p>Hind ilma k\u00e4ibemaksuta<\/p>\n<p>Tootja: CASE<br \/>\nMudel: CS185PUMA0058<br \/>\nTelefon: <a href=\"tel:+37060842988\">+37060842988<\/a><br \/>\nE-post: <a href=\"mailto:usedparts@kasima.lt\">usedparts@kasima.lt<\/a><\/p>\n","protected":false},"featured_media":88373,"template":"","meta":{"_et_pb_use_builder":"","_et_pb_old_content":"","_et_gb_content_width":"","_monsterinsights_skip_tracking":false,"_monsterinsights_sitenote_active":false,"_monsterinsights_sitenote_note":"","_monsterinsights_sitenote_category":0},"product_brand":[],"product_cat":[509,841,319,700,433,724],"product_tag":[],"class_list":{"0":"post-88427","1":"product","2":"type-product","3":"status-publish","4":"has-post-thumbnail","6":"product_cat-case-osad","7":"product_cat-puma-cvx-185-2018","8":"product_cat-kasutatud-varuosade","9":"product_cat-traktori-osad","10":"product_cat-pollumajandus-varuosade","11":"product_cat-kutusesusteemi-osad","13":"first","14":"instock","15":"shipping-taxable","16":"purchasable","17":"product-type-simple"},"aioseo_notices":[],"_links":{"self":[{"href":"https:\/\/kasima.lt\/et\/wp-json\/wp\/v2\/product\/88427","targetHints":{"allow":["GET"]}}],"collection":[{"href":"https:\/\/kasima.lt\/et\/wp-json\/wp\/v2\/product"}],"about":[{"href":"https:\/\/kasima.lt\/et\/wp-json\/wp\/v2\/types\/product"}],"wp:featuredmedia":[{"embeddable":true,"href":"https:\/\/kasima.lt\/et\/wp-json\/wp\/v2\/media\/88373"}],"wp:attachment":[{"href":"https:\/\/kasima.lt\/et\/wp-json\/wp\/v2\/media?parent=88427"}],"wp:term":[{"taxonomy":"product_brand","embeddable":true,"href":"https:\/\/kasima.lt\/et\/wp-json\/wp\/v2\/product_brand?post=88427"},{"taxonomy":"product_cat","embeddable":true,"href":"https:\/\/kasima.lt\/et\/wp-json\/wp\/v2\/product_cat?post=88427"},{"taxonomy":"product_tag","embeddable":true,"href":"https:\/\/kasima.lt\/et\/wp-json\/wp\/v2\/product_tag?post=88427"}],"curies":[{"name":"wp","href":"https:\/\/api.w.org\/{rel}","templated":true}]}}