{"id":88367,"date":"2025-12-18T13:49:57","date_gmt":"2025-12-18T13:49:57","guid":{"rendered":"https:\/\/kasima.lt\/produktas\/fpt-nef-6-7-variklio-starteris\/"},"modified":"2025-12-18T13:55:02","modified_gmt":"2025-12-18T13:55:02","slug":"fpt-nef-6-7-variklio-starteris","status":"publish","type":"product","link":"https:\/\/kasima.lt\/et\/produktas\/fpt-nef-6-7-variklio-starteris\/","title":{"rendered":"FPT NEF 6.7 mootori starter"},"content":{"rendered":"<p>Originaalne kasutatud osa, eemaldatud Case Puma CVX 185 (2018)<br \/>\nOEM starter Case traktoritele<br \/>\nStarter on olnud kuumuse m\u00f5jualas, kuid on endiselt t\u00f6\u00f6korras.<br \/>\nMaailma\u00fclene kohaletoimetamine.<br \/>\nKaalu ja m\u00f5\u00f5tmed transpordiks:<br \/>\n\u2022 Umbes 10 kg<br \/>\n\u2022 300 x 200 x 200 mm<br \/>\nKataloogi number:<br \/>\n\u2022 15133348<\/p>\n","protected":false},"excerpt":{"rendered":"<p>Hind ilma k\u00e4ibemaksuta<\/p>\n<p>Tootja: CASE<br \/>\nMudel: CS185PUMA0057<br \/>\nTelefon: <a href=\"tel:+37060842988\">+37060842988<\/a><br \/>\nE-post: <a href=\"mailto:usedparts@kasima.lt\">usedparts@kasima.lt<\/a><\/p>\n","protected":false},"featured_media":88333,"template":"","meta":{"_et_pb_use_builder":"","_et_pb_old_content":"","_et_gb_content_width":"","_monsterinsights_skip_tracking":false,"_monsterinsights_sitenote_active":false,"_monsterinsights_sitenote_note":"","_monsterinsights_sitenote_category":0},"product_brand":[],"product_cat":[841,319,700,433,720,732],"product_tag":[],"class_list":{"0":"post-88367","1":"product","2":"type-product","3":"status-publish","4":"has-post-thumbnail","6":"product_cat-puma-cvx-185-2018","7":"product_cat-kasutatud-varuosade","8":"product_cat-traktori-osad","9":"product_cat-pollumajandus-varuosade","10":"product_cat-mootori-osad","11":"product_cat-starterid-ja-generaatorid","13":"first","14":"instock","15":"shipping-taxable","16":"purchasable","17":"product-type-simple"},"aioseo_notices":[],"_links":{"self":[{"href":"https:\/\/kasima.lt\/et\/wp-json\/wp\/v2\/product\/88367","targetHints":{"allow":["GET"]}}],"collection":[{"href":"https:\/\/kasima.lt\/et\/wp-json\/wp\/v2\/product"}],"about":[{"href":"https:\/\/kasima.lt\/et\/wp-json\/wp\/v2\/types\/product"}],"wp:featuredmedia":[{"embeddable":true,"href":"https:\/\/kasima.lt\/et\/wp-json\/wp\/v2\/media\/88333"}],"wp:attachment":[{"href":"https:\/\/kasima.lt\/et\/wp-json\/wp\/v2\/media?parent=88367"}],"wp:term":[{"taxonomy":"product_brand","embeddable":true,"href":"https:\/\/kasima.lt\/et\/wp-json\/wp\/v2\/product_brand?post=88367"},{"taxonomy":"product_cat","embeddable":true,"href":"https:\/\/kasima.lt\/et\/wp-json\/wp\/v2\/product_cat?post=88367"},{"taxonomy":"product_tag","embeddable":true,"href":"https:\/\/kasima.lt\/et\/wp-json\/wp\/v2\/product_tag?post=88367"}],"curies":[{"name":"wp","href":"https:\/\/api.w.org\/{rel}","templated":true}]}}