{"id":86686,"date":"2025-12-10T12:22:04","date_gmt":"2025-12-10T12:22:04","guid":{"rendered":"https:\/\/kasima.lt\/produktas\/jcb-8024\/"},"modified":"2025-12-17T14:09:04","modified_gmt":"2025-12-17T14:09:04","slug":"jcb-8024","status":"publish","type":"product","link":"https:\/\/kasima.lt\/et\/produktas\/jcb-8024\/","title":{"rendered":"JCB 8024"},"content":{"rendered":"<p>Leedus ei kasutata miniekskavaatorit JCB 8024<\/p>\n<p>Aasta: 1999<br \/>\nV\u00f5imsus: 21,8 kW<br \/>\nNiitmistunnid: 3631<br \/>\nKaal: 2500 kg<br \/>\nT\u00e4iendav h\u00fcdrauliline liin<br \/>\n3 koppi kaasas.<\/p>\n<p>Valikuliselt saadaval koos k\u00fcna, mullatihase, h\u00fcdraulilise haamri v\u00f5i muu lisaseadmega.<\/p>\n<p>Puhas, kasutusvalmis ekskavaator.<\/p>\n<p>Kontrollimine ja testimine on v\u00f5imalik KASIMA laos<br \/>\nKohaletoimetamine teie aadressile on v\u00f5imalik.<\/p>\n<p><iframe loading=\"lazy\" title=\"JCB 8024\u2502 UAB KASIMA\" width=\"1080\" height=\"608\" src=\"https:\/\/www.youtube.com\/embed\/Sg_0a8fDx1U?feature=oembed\"  allow=\"accelerometer; autoplay; clipboard-write; encrypted-media; gyroscope; picture-in-picture; web-share\" referrerpolicy=\"strict-origin-when-cross-origin\" allowfullscreen><\/iframe><\/p>\n","protected":false},"excerpt":{"rendered":"<p>Hind ilma k\u00e4ibemaksuta<\/p>\n<p>Tootja: JCB<br \/>\nMudel: 8024<br \/>\nHelista: <a href=\"tel:+37067607071\">+37067607071<\/a><br \/>\nE-post: <a href=\"mailto:sales@kasima.lt\">sales@kasima.lt<\/a><\/p>\n","protected":false},"featured_media":86552,"template":"","meta":{"_et_pb_use_builder":"","_et_pb_old_content":"","_et_gb_content_width":"","_monsterinsights_skip_tracking":false,"_monsterinsights_sitenote_active":false,"_monsterinsights_sitenote_note":"","_monsterinsights_sitenote_category":0},"product_brand":[],"product_cat":[147],"product_tag":[],"class_list":{"0":"post-86686","1":"product","2":"type-product","3":"status-publish","4":"has-post-thumbnail","6":"product_cat-ehitus","8":"first","9":"outofstock","10":"shipping-taxable","11":"product-type-simple"},"aioseo_notices":[],"_links":{"self":[{"href":"https:\/\/kasima.lt\/et\/wp-json\/wp\/v2\/product\/86686","targetHints":{"allow":["GET"]}}],"collection":[{"href":"https:\/\/kasima.lt\/et\/wp-json\/wp\/v2\/product"}],"about":[{"href":"https:\/\/kasima.lt\/et\/wp-json\/wp\/v2\/types\/product"}],"wp:featuredmedia":[{"embeddable":true,"href":"https:\/\/kasima.lt\/et\/wp-json\/wp\/v2\/media\/86552"}],"wp:attachment":[{"href":"https:\/\/kasima.lt\/et\/wp-json\/wp\/v2\/media?parent=86686"}],"wp:term":[{"taxonomy":"product_brand","embeddable":true,"href":"https:\/\/kasima.lt\/et\/wp-json\/wp\/v2\/product_brand?post=86686"},{"taxonomy":"product_cat","embeddable":true,"href":"https:\/\/kasima.lt\/et\/wp-json\/wp\/v2\/product_cat?post=86686"},{"taxonomy":"product_tag","embeddable":true,"href":"https:\/\/kasima.lt\/et\/wp-json\/wp\/v2\/product_tag?post=86686"}],"curies":[{"name":"wp","href":"https:\/\/api.w.org\/{rel}","templated":true}]}}