{"id":85593,"date":"2025-12-08T13:28:37","date_gmt":"2025-12-08T13:28:37","guid":{"rendered":"https:\/\/kasima.lt\/?post_type=product&#038;p=85593"},"modified":"2025-12-08T14:04:02","modified_gmt":"2025-12-08T14:04:02","slug":"kompaktlaaduri-kultivaator-wolverine-tiller-72-kopija","status":"publish","type":"product","link":"https:\/\/kasima.lt\/et\/produktas\/kompaktlaaduri-kultivaator-wolverine-tiller-72-kopija\/","title":{"rendered":"Wolverine Tiller 72"},"content":{"rendered":"<p>SPETSIFIKATSIOONID:<br \/>\n\u00dcldlaius: 218 cm.<br \/>\nFreesimislaius: 183 cm.<br \/>\nKaal: 260 kg.<br \/>\nFreesimiss\u00fcgavus kuni 15 cm.<br \/>\nStandardne vooluhulk kuni 76 l\/min (High Flow ei ole vajalik).<\/p>\n<p>L\u00c4HETUS:<br \/>\nToode on meil kohapeal, nii et saate tulla ja seda otse vaadata.<br \/>\nKiire tarne teie aadressile.<br \/>\n&#8212;&#8212;&#8212;&#8212;&#8212;&#8212;&#8212;&#8212;&#8212;&#8212;&#8212;&#8212;&#8212;&#8212;&#8212;&#8212;&#8212;&#8212;&#8212;-<br \/>\nMullat\u00f6\u00f6masin sobib j\u00e4rgmistele markidele: Bobcat, CAT, Gehl, Takeuchi, Manitou, Kamatsu, Wacker Nousen, Terex, New Holland, JCB, Mustang, CASE, EUROCOMACH, Doosan, Caterpillar ja muudele laaduritele.<\/p>\n","protected":false},"excerpt":{"rendered":"<p>Hind ilma k\u00e4ibemaksuta<\/p>\n<p>Tootja: Wolverine<br \/>\nMudel: Tiller 72<br \/>\nHelista: <a href=\"tel:+37067607071\">+37067607071<\/a><br \/>\nE-post: <a href=\"mailto:sales@kasima.lt\">sales@kasima.lt<\/a><\/p>\n","protected":false},"featured_media":82458,"template":"","meta":{"_et_pb_use_builder":"","_et_pb_old_content":"","_et_gb_content_width":"","_monsterinsights_skip_tracking":false,"_monsterinsights_sitenote_active":false,"_monsterinsights_sitenote_note":"","_monsterinsights_sitenote_category":0},"product_brand":[],"product_cat":[159,161,165,156,193],"product_tag":[],"class_list":{"0":"post-85593","1":"product","2":"type-product","3":"status-publish","4":"has-post-thumbnail","6":"product_cat-15-3-tonni","7":"product_cat-3-5-tonni","8":"product_cat-uus","9":"product_cat-minilaadur","10":"product_cat-kultivaatorid","12":"first","13":"instock","14":"shipping-taxable","15":"purchasable","16":"product-type-simple"},"aioseo_notices":[],"_links":{"self":[{"href":"https:\/\/kasima.lt\/et\/wp-json\/wp\/v2\/product\/85593","targetHints":{"allow":["GET"]}}],"collection":[{"href":"https:\/\/kasima.lt\/et\/wp-json\/wp\/v2\/product"}],"about":[{"href":"https:\/\/kasima.lt\/et\/wp-json\/wp\/v2\/types\/product"}],"wp:featuredmedia":[{"embeddable":true,"href":"https:\/\/kasima.lt\/et\/wp-json\/wp\/v2\/media\/82458"}],"wp:attachment":[{"href":"https:\/\/kasima.lt\/et\/wp-json\/wp\/v2\/media?parent=85593"}],"wp:term":[{"taxonomy":"product_brand","embeddable":true,"href":"https:\/\/kasima.lt\/et\/wp-json\/wp\/v2\/product_brand?post=85593"},{"taxonomy":"product_cat","embeddable":true,"href":"https:\/\/kasima.lt\/et\/wp-json\/wp\/v2\/product_cat?post=85593"},{"taxonomy":"product_tag","embeddable":true,"href":"https:\/\/kasima.lt\/et\/wp-json\/wp\/v2\/product_tag?post=85593"}],"curies":[{"name":"wp","href":"https:\/\/api.w.org\/{rel}","templated":true}]}}