{"id":81404,"date":"2025-11-19T09:35:56","date_gmt":"2025-11-19T09:35:56","guid":{"rendered":"https:\/\/kasima.lt\/produktas\/captok-clg72-rastu-griebtuvas\/"},"modified":"2025-11-25T09:19:49","modified_gmt":"2025-11-25T09:19:49","slug":"captok-clg72-rastu-griebtuvas","status":"publish","type":"product","link":"https:\/\/kasima.lt\/et\/produktas\/captok-clg72-rastu-griebtuvas\/","title":{"rendered":"Captok CLG72 palkide haaratsid"},"content":{"rendered":"<p>Spetsifikatsioon:<\/p>\n<p>Seisukord: uus<br \/>\nKinnitusj\u00f5ud: 15 KN<br \/>\nT\u00f6\u00f6laius: 72&#8243; (183 cm)<br \/>\nT\u00f6\u00f6r\u00f5hk: 100 &#8211; 220 bar<\/p>\n","protected":false},"excerpt":{"rendered":"<p>Hind ilma k\u00e4ibemaksuta<\/p>\n<p>Tootja: Captok<br \/>\nMudel: CLG72<br \/>\nHelista: <a href=\"tel:+37067607071\">+37067607071<\/a><br \/>\nEmail: <a href=\"mailto:sales@kasima.lt\">sales@kasima.lt<\/a><\/p>\n","protected":false},"featured_media":81330,"template":"","meta":{"_et_pb_use_builder":"","_et_pb_old_content":"","_et_gb_content_width":"","_monsterinsights_skip_tracking":false,"_monsterinsights_sitenote_active":false,"_monsterinsights_sitenote_note":"","_monsterinsights_sitenote_category":0},"product_brand":[],"product_cat":[165,234,156],"product_tag":[],"class_list":{"0":"post-81404","1":"product","2":"type-product","3":"status-publish","4":"has-post-thumbnail","6":"product_cat-uus","7":"product_cat-muud-lisaseadmed","8":"product_cat-minilaadur","10":"first","11":"outofstock","12":"shipping-taxable","13":"product-type-simple"},"aioseo_notices":[],"_links":{"self":[{"href":"https:\/\/kasima.lt\/et\/wp-json\/wp\/v2\/product\/81404","targetHints":{"allow":["GET"]}}],"collection":[{"href":"https:\/\/kasima.lt\/et\/wp-json\/wp\/v2\/product"}],"about":[{"href":"https:\/\/kasima.lt\/et\/wp-json\/wp\/v2\/types\/product"}],"wp:featuredmedia":[{"embeddable":true,"href":"https:\/\/kasima.lt\/et\/wp-json\/wp\/v2\/media\/81330"}],"wp:attachment":[{"href":"https:\/\/kasima.lt\/et\/wp-json\/wp\/v2\/media?parent=81404"}],"wp:term":[{"taxonomy":"product_brand","embeddable":true,"href":"https:\/\/kasima.lt\/et\/wp-json\/wp\/v2\/product_brand?post=81404"},{"taxonomy":"product_cat","embeddable":true,"href":"https:\/\/kasima.lt\/et\/wp-json\/wp\/v2\/product_cat?post=81404"},{"taxonomy":"product_tag","embeddable":true,"href":"https:\/\/kasima.lt\/et\/wp-json\/wp\/v2\/product_tag?post=81404"}],"curies":[{"name":"wp","href":"https:\/\/api.w.org\/{rel}","templated":true}]}}