{"id":81319,"date":"2025-11-19T08:38:56","date_gmt":"2025-11-19T08:38:56","guid":{"rendered":"https:\/\/kasima.lt\/produktas\/captok-d39f-trenseris\/"},"modified":"2025-11-19T08:40:36","modified_gmt":"2025-11-19T08:40:36","slug":"captok-d39f-trenseris","status":"publish","type":"product","link":"https:\/\/kasima.lt\/et\/produktas\/captok-d39f-trenseris\/","title":{"rendered":"Captok D39F treener"},"content":{"rendered":"<p>Spetsifikatsioon:<\/p>\n<p>Seisukord: uus<br \/>\nKaevamislaius: 20cm<br \/>\nKaevamiss\u00fcgavus: 99cm<br \/>\nAugeri l\u00e4bim\u00f5\u00f5t: 40cm<br \/>\nMaksimaalne t\u00f6\u00f6r\u00f5hk: 200 bar<br \/>\nKuni 120 p\u00f6\u00f6ret minutis<br \/>\nKaal: 206 kg<\/p>\n","protected":false},"excerpt":{"rendered":"<p>Hind ilma k\u00e4ibemaksuta<\/p>\n<p>Tootja: Captok<br \/>\nMudel: D39F<br \/>\nHelista: <a href=\"tel:+37067607071\">+37067607071<\/a><br \/>\nE-post: <a href=\"mailto:sales@kasima.lt\">sales@kasima.lt<\/a><\/p>\n","protected":false},"featured_media":81265,"template":"","meta":{"_et_pb_use_builder":"","_et_pb_old_content":"","_et_gb_content_width":"","_monsterinsights_skip_tracking":false,"_monsterinsights_sitenote_active":false,"_monsterinsights_sitenote_note":"","_monsterinsights_sitenote_category":0},"product_brand":[],"product_cat":[165,234,156],"product_tag":[],"class_list":{"0":"post-81319","1":"product","2":"type-product","3":"status-publish","4":"has-post-thumbnail","6":"product_cat-uus","7":"product_cat-muud-lisaseadmed","8":"product_cat-minilaadur","10":"first","11":"instock","12":"shipping-taxable","13":"purchasable","14":"product-type-simple"},"aioseo_notices":[],"_links":{"self":[{"href":"https:\/\/kasima.lt\/et\/wp-json\/wp\/v2\/product\/81319","targetHints":{"allow":["GET"]}}],"collection":[{"href":"https:\/\/kasima.lt\/et\/wp-json\/wp\/v2\/product"}],"about":[{"href":"https:\/\/kasima.lt\/et\/wp-json\/wp\/v2\/types\/product"}],"wp:featuredmedia":[{"embeddable":true,"href":"https:\/\/kasima.lt\/et\/wp-json\/wp\/v2\/media\/81265"}],"wp:attachment":[{"href":"https:\/\/kasima.lt\/et\/wp-json\/wp\/v2\/media?parent=81319"}],"wp:term":[{"taxonomy":"product_brand","embeddable":true,"href":"https:\/\/kasima.lt\/et\/wp-json\/wp\/v2\/product_brand?post=81319"},{"taxonomy":"product_cat","embeddable":true,"href":"https:\/\/kasima.lt\/et\/wp-json\/wp\/v2\/product_cat?post=81319"},{"taxonomy":"product_tag","embeddable":true,"href":"https:\/\/kasima.lt\/et\/wp-json\/wp\/v2\/product_tag?post=81319"}],"curies":[{"name":"wp","href":"https:\/\/api.w.org\/{rel}","templated":true}]}}