{"id":81184,"date":"2025-11-19T08:00:07","date_gmt":"2025-11-19T08:00:07","guid":{"rendered":"https:\/\/kasima.lt\/produktas\/haner-hmc1-4-30a-hidraulines-zirkles\/"},"modified":"2025-11-25T10:08:43","modified_gmt":"2025-11-25T10:08:43","slug":"haner-hmc1-4-30a-hidraulines-zirkles","status":"publish","type":"product","link":"https:\/\/kasima.lt\/et\/produktas\/haner-hmc1-4-30a-hidraulines-zirkles\/","title":{"rendered":"H\u00e4ner HMC1.4.30A h\u00fcdraulilised k\u00e4\u00e4rid"},"content":{"rendered":"<p>Tehnilised andmed:<\/p>\n<p>Valmistamise kuup\u00e4ev: 2025<br \/>\nSeisukord: uus<br \/>\nKaal: ~175 kg<br \/>\nSobib ekskavaatoritele klassis 1-4 tonni<br \/>\nT\u00f6\u00f6h\u00fcdrauliline r\u00f5hk: 250-280 bar<br \/>\nH\u00fcdrauliline vooluhulk: 20-40 l\/min<\/p>\n","protected":false},"excerpt":{"rendered":"<p>Hind ilma k\u00e4ibemaksuta<\/p>\n<p>Tootja: H\u00e4ner<br \/>\nMudel: HMC1.4.30A<br \/>\nHelista: <a href=\"tel:+37067607071\">+37067607071<\/a><br \/>\nE-post: <a href=\"mailto:sales@kasima.lt\">sales@kasima.lt<\/a><\/p>\n","protected":false},"featured_media":81124,"template":"","meta":{"_et_pb_use_builder":"","_et_pb_old_content":"","_et_gb_content_width":"","_monsterinsights_skip_tracking":false,"_monsterinsights_sitenote_active":false,"_monsterinsights_sitenote_note":"","_monsterinsights_sitenote_category":0},"product_brand":[],"product_cat":[295,159,161,165,234,167],"product_tag":[],"class_list":{"0":"post-81184","1":"product","2":"type-product","3":"status-publish","4":"has-post-thumbnail","6":"product_cat-kuni-15-tonni","7":"product_cat-15-3-tonni","8":"product_cat-3-5-tonni","9":"product_cat-uus","10":"product_cat-muud-lisaseadmed","11":"product_cat-ekskavaator","13":"first","14":"instock","15":"shipping-taxable","16":"purchasable","17":"product-type-simple"},"aioseo_notices":[],"_links":{"self":[{"href":"https:\/\/kasima.lt\/et\/wp-json\/wp\/v2\/product\/81184","targetHints":{"allow":["GET"]}}],"collection":[{"href":"https:\/\/kasima.lt\/et\/wp-json\/wp\/v2\/product"}],"about":[{"href":"https:\/\/kasima.lt\/et\/wp-json\/wp\/v2\/types\/product"}],"wp:featuredmedia":[{"embeddable":true,"href":"https:\/\/kasima.lt\/et\/wp-json\/wp\/v2\/media\/81124"}],"wp:attachment":[{"href":"https:\/\/kasima.lt\/et\/wp-json\/wp\/v2\/media?parent=81184"}],"wp:term":[{"taxonomy":"product_brand","embeddable":true,"href":"https:\/\/kasima.lt\/et\/wp-json\/wp\/v2\/product_brand?post=81184"},{"taxonomy":"product_cat","embeddable":true,"href":"https:\/\/kasima.lt\/et\/wp-json\/wp\/v2\/product_cat?post=81184"},{"taxonomy":"product_tag","embeddable":true,"href":"https:\/\/kasima.lt\/et\/wp-json\/wp\/v2\/product_tag?post=81184"}],"curies":[{"name":"wp","href":"https:\/\/api.w.org\/{rel}","templated":true}]}}