{"id":81113,"date":"2025-11-18T14:52:21","date_gmt":"2025-11-18T14:52:21","guid":{"rendered":"https:\/\/kasima.lt\/produktas\/raytree-rmsc78-dirvos-kondicionierius-78%e2%80%b3\/"},"modified":"2025-11-18T14:55:25","modified_gmt":"2025-11-18T14:55:25","slug":"raytree-rmsc78-dirvos-kondicionierius-78%e2%80%b3","status":"publish","type":"product","link":"https:\/\/kasima.lt\/et\/produktas\/raytree-rmsc78-dirvos-kondicionierius-78%e2%80%b3\/","title":{"rendered":"Raytree RMSC78 &#8211; mullakonditsioneer (78\u2033)"},"content":{"rendered":"<p>Spetsifikatsioon:<\/p>\n<p>T\u00f6\u00f6laius: 78 tolli (\u2248 198 cm)<br \/>\nKahesuunaline trummel karbiidhammastega<br \/>\nH\u00fcdrauliline p\u00f6\u00f6rlemine: \u00b120\u00b0<br \/>\nH\u00fcdrauliline vooluhulk: 45-133 l\/min<br \/>\nKaal: 420 kg<\/p>\n","protected":false},"excerpt":{"rendered":"<p>Hind ilma k\u00e4ibemaksuta<\/p>\n<p>Tootja: Raytree<br \/>\nMudel: RMSC78<br \/>\nHelista: <a href=\"tel:+37067607071\">+37067607071<\/a><br \/>\nEmail: <a href=\"mailto:sales@kasima.lt\">sales@kasima.lt<\/a><\/p>\n","protected":false},"featured_media":81019,"template":"","meta":{"_et_pb_use_builder":"","_et_pb_old_content":"","_et_gb_content_width":"","_monsterinsights_skip_tracking":false,"_monsterinsights_sitenote_active":false,"_monsterinsights_sitenote_note":"","_monsterinsights_sitenote_category":0},"product_brand":[],"product_cat":[159,161,165,234,156],"product_tag":[],"class_list":{"0":"post-81113","1":"product","2":"type-product","3":"status-publish","4":"has-post-thumbnail","6":"product_cat-15-3-tonni","7":"product_cat-3-5-tonni","8":"product_cat-uus","9":"product_cat-muud-lisaseadmed","10":"product_cat-minilaadur","12":"first","13":"instock","14":"shipping-taxable","15":"product-type-simple"},"aioseo_notices":[],"_links":{"self":[{"href":"https:\/\/kasima.lt\/et\/wp-json\/wp\/v2\/product\/81113","targetHints":{"allow":["GET"]}}],"collection":[{"href":"https:\/\/kasima.lt\/et\/wp-json\/wp\/v2\/product"}],"about":[{"href":"https:\/\/kasima.lt\/et\/wp-json\/wp\/v2\/types\/product"}],"wp:featuredmedia":[{"embeddable":true,"href":"https:\/\/kasima.lt\/et\/wp-json\/wp\/v2\/media\/81019"}],"wp:attachment":[{"href":"https:\/\/kasima.lt\/et\/wp-json\/wp\/v2\/media?parent=81113"}],"wp:term":[{"taxonomy":"product_brand","embeddable":true,"href":"https:\/\/kasima.lt\/et\/wp-json\/wp\/v2\/product_brand?post=81113"},{"taxonomy":"product_cat","embeddable":true,"href":"https:\/\/kasima.lt\/et\/wp-json\/wp\/v2\/product_cat?post=81113"},{"taxonomy":"product_tag","embeddable":true,"href":"https:\/\/kasima.lt\/et\/wp-json\/wp\/v2\/product_tag?post=81113"}],"curies":[{"name":"wp","href":"https:\/\/api.w.org\/{rel}","templated":true}]}}