{"id":75480,"date":"2025-10-22T07:38:20","date_gmt":"2025-10-22T05:38:20","guid":{"rendered":"https:\/\/kasima.lt\/produktas\/volvo-ec240lc-2014-parduodamas-dalimis\/"},"modified":"2025-10-29T13:35:18","modified_gmt":"2025-10-29T13:35:18","slug":"volvo-ec240lc-2014-parduodamas-dalimis","status":"publish","type":"product","link":"https:\/\/kasima.lt\/et\/produktas\/volvo-ec240lc-2014-parduodamas-dalimis\/","title":{"rendered":"Volvo EC240LC (1997) m\u00fc\u00fcakse osadena"},"content":{"rendered":"<p>Volvo EC240LC (1997) roomikekskavaator on osadeks lahti monteeritud<br \/>\nK\u00f5ik komponendid on heas seisukorras.<br \/>\nSaadaval olevad osad:<br \/>\n\u2022 Mootor<br \/>\n\u2022 K\u00f5ik h\u00fcdraulikas\u00fcsteemid<br \/>\n\u2022 Silindrid<br \/>\n\u2022 \u0160assii komponendid<br \/>\n\u2022 Jahutuss\u00fcsteem<br \/>\n\u2022 Kabiini komponendid<br \/>\n\u2022 Kerede komponendid<br \/>\n\u2022 Elektroonika jne. <\/p>\n","protected":false},"excerpt":{"rendered":"<p>Hind ilma k\u00e4ibemaksuta<\/p>\n<p>Tootja: VOLVO<br \/>\nMudel: EC240L<br \/>\nTelefon: <a href=\"tel:+37060842988\">+37060842988<\/a><br \/>\nE-post: <a href=\"mailto:usedparts@kasima.lt\">usedparts@kasima.lt<\/a><\/p>\n","protected":false},"featured_media":75485,"template":"","meta":{"_et_pb_use_builder":"","_et_pb_old_content":"","_et_gb_content_width":"","_monsterinsights_skip_tracking":false,"_monsterinsights_sitenote_active":false,"_monsterinsights_sitenote_note":"","_monsterinsights_sitenote_category":0},"product_brand":[],"product_cat":[397,821,491,644,319,684,431,720],"product_tag":[],"class_list":{"0":"post-75480","1":"product","2":"type-product","3":"status-publish","4":"has-post-thumbnail","6":"product_cat-volvo-varuosade","7":"product_cat-ec240lc","8":"product_cat-elektroonika-osad","9":"product_cat-kabiinid-ja-osad","10":"product_cat-kasutatud-varuosade","11":"product_cat-ekskavaatori-osad","12":"product_cat-ehitusmasinad-varuosade","13":"product_cat-mootori-osad","15":"first","16":"instock","17":"shipping-taxable","18":"product-type-simple"},"aioseo_notices":[],"_links":{"self":[{"href":"https:\/\/kasima.lt\/et\/wp-json\/wp\/v2\/product\/75480","targetHints":{"allow":["GET"]}}],"collection":[{"href":"https:\/\/kasima.lt\/et\/wp-json\/wp\/v2\/product"}],"about":[{"href":"https:\/\/kasima.lt\/et\/wp-json\/wp\/v2\/types\/product"}],"wp:featuredmedia":[{"embeddable":true,"href":"https:\/\/kasima.lt\/et\/wp-json\/wp\/v2\/media\/75485"}],"wp:attachment":[{"href":"https:\/\/kasima.lt\/et\/wp-json\/wp\/v2\/media?parent=75480"}],"wp:term":[{"taxonomy":"product_brand","embeddable":true,"href":"https:\/\/kasima.lt\/et\/wp-json\/wp\/v2\/product_brand?post=75480"},{"taxonomy":"product_cat","embeddable":true,"href":"https:\/\/kasima.lt\/et\/wp-json\/wp\/v2\/product_cat?post=75480"},{"taxonomy":"product_tag","embeddable":true,"href":"https:\/\/kasima.lt\/et\/wp-json\/wp\/v2\/product_tag?post=75480"}],"curies":[{"name":"wp","href":"https:\/\/api.w.org\/{rel}","templated":true}]}}