{"id":75400,"date":"2025-10-22T05:28:02","date_gmt":"2025-10-22T05:28:02","guid":{"rendered":"https:\/\/kasima.lt\/produktas\/bobcat-e45-mini-ekskavatorius\/"},"modified":"2025-10-29T13:35:18","modified_gmt":"2025-10-29T13:35:18","slug":"bobcat-e45-mini-ekskavatorius","status":"publish","type":"product","link":"https:\/\/kasima.lt\/et\/produktas\/bobcat-e45-mini-ekskavatorius\/","title":{"rendered":"Bobcat E45 miniekskavaator"},"content":{"rendered":"<p>Leedus kasutamata!<\/p>\n<p>Tehnilised andmed:<br \/>\nValmistamis aasta: 2012<br \/>\nMootor: Kubota, 30,7 kW<br \/>\nMootori t\u00f6\u00f6tunnid: 4118<br \/>\nOmakaal: 4600 kg<br \/>\nS\u00f5idukiirus: 2 kiirust<br \/>\nKabiin: soojendusega<\/p>\n<p>Lisavarustus:<br \/>\nKiir\u00fchendus<br \/>\nH\u00fcdrauliline tasanduskopp<br \/>\n3 kaevukoppa<br \/>\nH\u00fcdrauliline tihendaja<\/p>\n<p>H\u00e4sti hooldatud, tehniliselt korras ja v\u00e4ga \u00f6konoomne miniekskavaator. <\/p>\n<p>Valmis t\u00f6\u00f6ks. Suurep\u00e4rane valik nii ehitus- kui ka haljastust\u00f6\u00f6deks. <\/p>\n<p><iframe loading=\"lazy\" title=\"Bobcat E45, 2012 for sale!\" width=\"1080\" height=\"608\" src=\"https:\/\/www.youtube.com\/embed\/Rdg71a4hn1I?feature=oembed\"  allow=\"accelerometer; autoplay; clipboard-write; encrypted-media; gyroscope; picture-in-picture; web-share\" referrerpolicy=\"strict-origin-when-cross-origin\" allowfullscreen><\/iframe><\/p>\n","protected":false},"excerpt":{"rendered":"<p>Hind ilma k\u00e4ibemaksuta<\/p>\n<p>Tootja: BOBCAT<br \/>\nMudel: E45<br \/>\nTelefon: <a href=\"tel:+37067607071\">+37067607071<\/a><br \/>\nE-post: <a href=\"mailto:sales@kasima.lt\">sales@kasima.lt<\/a><\/p>\n","protected":false},"featured_media":75266,"template":"","meta":{"_et_pb_use_builder":"","_et_pb_old_content":"","_et_gb_content_width":"","_monsterinsights_skip_tracking":false,"_monsterinsights_sitenote_active":false,"_monsterinsights_sitenote_note":"","_monsterinsights_sitenote_category":0},"product_brand":[],"product_cat":[147],"product_tag":[],"class_list":{"0":"post-75400","1":"product","2":"type-product","3":"status-publish","4":"has-post-thumbnail","6":"product_cat-ehitus","8":"first","9":"outofstock","10":"shipping-taxable","11":"product-type-simple"},"aioseo_notices":[],"_links":{"self":[{"href":"https:\/\/kasima.lt\/et\/wp-json\/wp\/v2\/product\/75400","targetHints":{"allow":["GET"]}}],"collection":[{"href":"https:\/\/kasima.lt\/et\/wp-json\/wp\/v2\/product"}],"about":[{"href":"https:\/\/kasima.lt\/et\/wp-json\/wp\/v2\/types\/product"}],"wp:featuredmedia":[{"embeddable":true,"href":"https:\/\/kasima.lt\/et\/wp-json\/wp\/v2\/media\/75266"}],"wp:attachment":[{"href":"https:\/\/kasima.lt\/et\/wp-json\/wp\/v2\/media?parent=75400"}],"wp:term":[{"taxonomy":"product_brand","embeddable":true,"href":"https:\/\/kasima.lt\/et\/wp-json\/wp\/v2\/product_brand?post=75400"},{"taxonomy":"product_cat","embeddable":true,"href":"https:\/\/kasima.lt\/et\/wp-json\/wp\/v2\/product_cat?post=75400"},{"taxonomy":"product_tag","embeddable":true,"href":"https:\/\/kasima.lt\/et\/wp-json\/wp\/v2\/product_tag?post=75400"}],"curies":[{"name":"wp","href":"https:\/\/api.w.org\/{rel}","templated":true}]}}