{"id":74426,"date":"2025-10-17T08:24:47","date_gmt":"2025-10-17T08:24:47","guid":{"rendered":"https:\/\/kasima.lt\/produktas\/doosan-dx140lcr-3-hidrauline-greita-jungtis\/"},"modified":"2025-10-29T13:35:10","modified_gmt":"2025-10-29T13:35:10","slug":"doosan-dx140lcr-3-hidrauline-greita-jungtis","status":"publish","type":"product","link":"https:\/\/kasima.lt\/et\/produktas\/doosan-dx140lcr-3-hidrauline-greita-jungtis\/","title":{"rendered":"Doosan DX140LCR-3 h\u00fcdrauliline kiir\u00fchendusmehhanism"},"content":{"rendered":"<p>Geith h\u00fcdrauliline kiir\u00fchendus Doosan DX140LCR-3 jaoks. Kiireks ja ohutuks lisaseadmete vahetamiseks.   <\/p>\n<p>SPETSIFIKATSIOONID:<br \/>\nLukustust\u00fc\u00fcp: h\u00fcdrauliline<br \/>\nTolli l\u00e4bim\u00f5\u00f5t: 65mm<br \/>\nPoomi poldi keskkaugus: 385mm<br \/>\nKaeva poldi keskkaugus: 385mm<br \/>\nEkskavaatori poomi laius: 260mm<br \/>\nKaeva k\u00f5rva kaugus: 260mm<\/p>\n","protected":false},"excerpt":{"rendered":"<p>Hind ilma k\u00e4ibemaksuta<\/p>\n<p>Tootja: Geith<br \/>\nMudel: Doosan DX140LCR-3<br \/>\nHelista: <a href=\"tel:+37067607071\">+37067607071<\/a><br \/>\nE-post: <a href=\"mailto:sales@kasima.lt\">sales@kasima.lt<\/a><\/p>\n","protected":false},"featured_media":74382,"template":"","meta":{"_et_pb_use_builder":"","_et_pb_old_content":"","_et_gb_content_width":"","_monsterinsights_skip_tracking":false,"_monsterinsights_sitenote_active":false,"_monsterinsights_sitenote_note":"","_monsterinsights_sitenote_category":0},"product_brand":[],"product_cat":[688,214,284,167],"product_tag":[],"class_list":{"0":"post-74426","1":"product","2":"type-product","3":"status-publish","4":"has-post-thumbnail","6":"product_cat-lisaseadmed","7":"product_cat-kasutatud","8":"product_cat-ekskavaatori-kiirkonks","9":"product_cat-ekskavaator","11":"first","12":"instock","13":"shipping-taxable","14":"purchasable","15":"product-type-simple"},"aioseo_notices":[],"_links":{"self":[{"href":"https:\/\/kasima.lt\/et\/wp-json\/wp\/v2\/product\/74426","targetHints":{"allow":["GET"]}}],"collection":[{"href":"https:\/\/kasima.lt\/et\/wp-json\/wp\/v2\/product"}],"about":[{"href":"https:\/\/kasima.lt\/et\/wp-json\/wp\/v2\/types\/product"}],"wp:featuredmedia":[{"embeddable":true,"href":"https:\/\/kasima.lt\/et\/wp-json\/wp\/v2\/media\/74382"}],"wp:attachment":[{"href":"https:\/\/kasima.lt\/et\/wp-json\/wp\/v2\/media?parent=74426"}],"wp:term":[{"taxonomy":"product_brand","embeddable":true,"href":"https:\/\/kasima.lt\/et\/wp-json\/wp\/v2\/product_brand?post=74426"},{"taxonomy":"product_cat","embeddable":true,"href":"https:\/\/kasima.lt\/et\/wp-json\/wp\/v2\/product_cat?post=74426"},{"taxonomy":"product_tag","embeddable":true,"href":"https:\/\/kasima.lt\/et\/wp-json\/wp\/v2\/product_tag?post=74426"}],"curies":[{"name":"wp","href":"https:\/\/api.w.org\/{rel}","templated":true}]}}