{"id":74291,"date":"2025-10-17T06:11:07","date_gmt":"2025-10-17T06:11:07","guid":{"rendered":"https:\/\/kasima.lt\/produktas\/kubota-kx018-4\/"},"modified":"2025-10-29T13:35:09","modified_gmt":"2025-10-29T13:35:09","slug":"kubota-kx018-4","status":"publish","type":"product","link":"https:\/\/kasima.lt\/et\/produktas\/kubota-kx018-4\/","title":{"rendered":"Kubota KX018-4"},"content":{"rendered":"<p>Kubota KX018-4<br \/>\nMiniekskavaator ei kasutata Leedus<\/p>\n<p>Aasta: 2020<br \/>\nMootor: Kubota, 11,6 kW \/ 15,6 hj<br \/>\nT\u00f6\u00f6kaal: ca. 1,8 t<br \/>\nMootorik\u00fchvlid: 2 404<br \/>\nK\u00fcnad: 2 k\u00fcnad kaasas (planeerimisk\u00fcnad, 2 kaevek\u00fcnad)<br \/>\n\u0160assii: Laiendatav<br \/>\nSeisukord: v\u00e4ga hea, kasutusvalmis<\/p>\n<p>Kompaktne, man\u00f6\u00f6verdamisv\u00f5imeline ja usaldusv\u00e4\u00e4rne miniekskavaator, mis sobib mitmesugusteks ehitus-, haljastus- ja heakorrat\u00f6\u00f6deks.<\/p>\n<p>\u00d6konoomne ja vaikne Kubota mootor tagab mugava t\u00f6\u00f6tamise ka kitsastes kohtades.<\/p>\n<p><iframe loading=\"lazy\" title=\"Kubota KX018-4 \u2502 UAB KASIMA\" width=\"1080\" height=\"608\" src=\"https:\/\/www.youtube.com\/embed\/Q0xi-XEBKnc?feature=oembed\"  allow=\"accelerometer; autoplay; clipboard-write; encrypted-media; gyroscope; picture-in-picture; web-share\" referrerpolicy=\"strict-origin-when-cross-origin\" allowfullscreen><\/iframe><\/p>\n","protected":false},"excerpt":{"rendered":"<p>Hind ilma k\u00e4ibemaksuta<\/p>\n<p>Tootja: Kubota<br \/>\nMudel: KX018-4<br \/>\nHelista: <a href=\"tel:+37067607071\">+37067607071<\/a><br \/>\nE-post: <a href=\"mailto:sales@kasima.lt\">sales@kasima.lt<\/a><\/p>\n","protected":false},"featured_media":74141,"template":"","meta":{"_et_pb_use_builder":"","_et_pb_old_content":"","_et_gb_content_width":"","_monsterinsights_skip_tracking":false,"_monsterinsights_sitenote_active":false,"_monsterinsights_sitenote_note":"","_monsterinsights_sitenote_category":0},"product_brand":[],"product_cat":[777,147],"product_tag":[],"class_list":{"0":"post-74291","1":"product","2":"type-product","3":"status-publish","4":"has-post-thumbnail","6":"product_cat-masinad","7":"product_cat-ehitus","9":"first","10":"outofstock","11":"shipping-taxable","12":"product-type-simple"},"aioseo_notices":[],"_links":{"self":[{"href":"https:\/\/kasima.lt\/et\/wp-json\/wp\/v2\/product\/74291","targetHints":{"allow":["GET"]}}],"collection":[{"href":"https:\/\/kasima.lt\/et\/wp-json\/wp\/v2\/product"}],"about":[{"href":"https:\/\/kasima.lt\/et\/wp-json\/wp\/v2\/types\/product"}],"wp:featuredmedia":[{"embeddable":true,"href":"https:\/\/kasima.lt\/et\/wp-json\/wp\/v2\/media\/74141"}],"wp:attachment":[{"href":"https:\/\/kasima.lt\/et\/wp-json\/wp\/v2\/media?parent=74291"}],"wp:term":[{"taxonomy":"product_brand","embeddable":true,"href":"https:\/\/kasima.lt\/et\/wp-json\/wp\/v2\/product_brand?post=74291"},{"taxonomy":"product_cat","embeddable":true,"href":"https:\/\/kasima.lt\/et\/wp-json\/wp\/v2\/product_cat?post=74291"},{"taxonomy":"product_tag","embeddable":true,"href":"https:\/\/kasima.lt\/et\/wp-json\/wp\/v2\/product_tag?post=74291"}],"curies":[{"name":"wp","href":"https:\/\/api.w.org\/{rel}","templated":true}]}}