{"id":74136,"date":"2025-10-16T22:50:54","date_gmt":"2025-10-16T22:50:54","guid":{"rendered":"https:\/\/kasima.lt\/produktas\/terex-mbr71-vibrovolas-682m-h\/"},"modified":"2025-10-29T13:35:09","modified_gmt":"2025-10-29T13:35:09","slug":"terex-mbr71-vibrovolas-682m-h","status":"publish","type":"product","link":"https:\/\/kasima.lt\/et\/produktas\/terex-mbr71-vibrovolas-682m-h\/","title":{"rendered":"Terex MBR71 vibratsioonivalts (682m\/h)"},"content":{"rendered":"<p>Terex MBR71<br \/>\nvibrorull koos haagisega transpordiks<br \/>\nEi kasutata Leedus.  <\/p>\n<p>Mootor: diisel<br \/>\nMootoritunnid: 682<br \/>\nT\u00f6\u00f6kaal: umbes 500 kg<br \/>\nT\u00f6\u00f6laius: 710 mm<br \/>\nTransporditreiler<br \/>\nKastmisfunktsioon<br \/>\nSeisukord: heas korras, t\u00e4ielikult kasutusvalmis.<\/p>\n<p>Kompaktne ja usaldusv\u00e4\u00e4rne \u00fche trumliga vibratsioonivalts, mis sobib asfaltkatteks, teede remondiks ja pinnase tihendamiseks kitsastes kohtades.<br \/>\nLihtne k\u00e4sitsemine, \u00f6konoomne mootor ja tugev konstruktsioon tagavad pika kasutusaja ja madalad hoolduskulud.<br \/>\nTranspordi haagis mugavaks ja ohutuks transpordiks.<\/p>\n<p><iframe loading=\"lazy\" title=\"Terex MBR71 (682m\/h) \u2502 UAB KASIMA\" width=\"1080\" height=\"608\" src=\"https:\/\/www.youtube.com\/embed\/PK1zkgk3CJk?feature=oembed\"  allow=\"accelerometer; autoplay; clipboard-write; encrypted-media; gyroscope; picture-in-picture; web-share\" referrerpolicy=\"strict-origin-when-cross-origin\" allowfullscreen><\/iframe><\/p>\n","protected":false},"excerpt":{"rendered":"<p>Hind ilma k\u00e4ibemaksuta<\/p>\n<p>Tootja: Terex<br \/>\nMudel: MBR71<br \/>\nHelista: <a href=\"tel:+37067607071\">+37067607071<\/a><br \/>\nE-post: <a href=\"mailto:sales@kasima.lt\">sales@kasima.lt<\/a><\/p>\n","protected":false},"featured_media":74016,"template":"","meta":{"_et_pb_use_builder":"","_et_pb_old_content":"","_et_gb_content_width":"","_monsterinsights_skip_tracking":false,"_monsterinsights_sitenote_active":false,"_monsterinsights_sitenote_note":"","_monsterinsights_sitenote_category":0},"product_brand":[],"product_cat":[777,196,147],"product_tag":[],"class_list":{"0":"post-74136","1":"product","2":"type-product","3":"status-publish","4":"has-post-thumbnail","6":"product_cat-masinad","7":"product_cat-tee-ehitusmasinad","8":"product_cat-ehitus","10":"first","11":"instock","12":"shipping-taxable","13":"purchasable","14":"product-type-simple"},"aioseo_notices":[],"_links":{"self":[{"href":"https:\/\/kasima.lt\/et\/wp-json\/wp\/v2\/product\/74136","targetHints":{"allow":["GET"]}}],"collection":[{"href":"https:\/\/kasima.lt\/et\/wp-json\/wp\/v2\/product"}],"about":[{"href":"https:\/\/kasima.lt\/et\/wp-json\/wp\/v2\/types\/product"}],"wp:featuredmedia":[{"embeddable":true,"href":"https:\/\/kasima.lt\/et\/wp-json\/wp\/v2\/media\/74016"}],"wp:attachment":[{"href":"https:\/\/kasima.lt\/et\/wp-json\/wp\/v2\/media?parent=74136"}],"wp:term":[{"taxonomy":"product_brand","embeddable":true,"href":"https:\/\/kasima.lt\/et\/wp-json\/wp\/v2\/product_brand?post=74136"},{"taxonomy":"product_cat","embeddable":true,"href":"https:\/\/kasima.lt\/et\/wp-json\/wp\/v2\/product_cat?post=74136"},{"taxonomy":"product_tag","embeddable":true,"href":"https:\/\/kasima.lt\/et\/wp-json\/wp\/v2\/product_tag?post=74136"}],"curies":[{"name":"wp","href":"https:\/\/api.w.org\/{rel}","templated":true}]}}