{"id":7347,"date":"2023-01-07T15:11:10","date_gmt":"2023-01-07T15:11:10","guid":{"rendered":"https:\/\/kasima.lt\/shop\/maaratlemata\/wolverine-mini-laaduriga-vosaloikur\/"},"modified":"2025-10-29T13:20:33","modified_gmt":"2025-10-29T13:20:33","slug":"mini-laadur-krobinad-huntide","status":"publish","type":"product","link":"https:\/\/kasima.lt\/et\/produktas\/mini-laadur-krobinad-huntide\/","title":{"rendered":"Wolverine mini laaduriga v\u00f5sal\u00f5ikur"},"content":{"rendered":"<p>SPETSIFIKATSIOONID:<br \/>\nValmistusaasta: 2025<br \/>\nLaius 190 cm.<br \/>\nT\u00f6\u00f6laius 183 cm.<br \/>\nKaal 360 kg.<br \/>\nStandardne vooluhulk kuni 90 l\/min. (High Flow s\u00fcsteemi puhul ei ole vaja).<\/p>\n<p>Pakume teile Wolverine mini laaduriga kasutamiseks m\u00f5eldud v\u00f5sal\u00f5ikuritrimmerit. See seade on ideaalne haljastuse kujundamiseks, vana muru ja p\u00f5\u00f5saste l\u00f5ikamiseks ja peenestamiseks. \u00dclikiire l\u00f5iketerad sobivad ideaalselt v\u00e4ikeste p\u00f5\u00f5saste ja vana muru l\u00f5ikamiseks ja peenestamiseks. Pakume 12-kuulise garantii tehase defektide vastu. KASIMA UAB pakub garantii- ja garantiij\u00e4rgset hooldust.<\/p>\n<p>L\u00c4HETUS:<br \/>\nKaup on meil kohapeal, nii et saate tulla ja neid isiklikult n\u00e4ha.<br \/>\nKiire tarne teie aadressile.<\/p>\n<p>See v\u00f5sal\u00f5ikur sobib j\u00e4rgmistele markidele: Bobcat, CAT, Geht, Takeuchi, Manitou, Komatsu, Wacker Neuson, Terex, New Holland, JCB, Mustang, CASE, EUROCOMACH, Doosan, Caterpillar ja muud laadurid.<\/p>\n","protected":false},"excerpt":{"rendered":"<p>Hind ilma k\u00e4ibemaksuta<\/p>\n<p>Tootja: Wolverine<br \/>\nMudel: Pintslil\u00f5ikur<br \/>\nHelista: <a href=\"tel:+37067607071\">+37067607071<\/a><br \/>\nE-post: <a href=\"mailto:sales@kasima.lt\">sales@kasima.lt<\/a><\/p>\n","protected":false},"featured_media":79351,"template":"","meta":{"_et_pb_use_builder":"","_et_pb_old_content":"","_et_gb_content_width":"","_monsterinsights_skip_tracking":false,"_monsterinsights_sitenote_active":false,"_monsterinsights_sitenote_note":"","_monsterinsights_sitenote_category":0},"product_brand":[],"product_cat":[159,161,165,245,156],"product_tag":[],"class_list":{"0":"post-7347","1":"product","2":"type-product","3":"status-publish","4":"has-post-thumbnail","6":"product_cat-15-3-tonni","7":"product_cat-3-5-tonni","8":"product_cat-uus","9":"product_cat-muruniiduk-vosaloikur","10":"product_cat-minilaadur","12":"first","13":"instock","14":"shipping-taxable","15":"purchasable","16":"product-type-simple"},"aioseo_notices":[],"_links":{"self":[{"href":"https:\/\/kasima.lt\/et\/wp-json\/wp\/v2\/product\/7347","targetHints":{"allow":["GET"]}}],"collection":[{"href":"https:\/\/kasima.lt\/et\/wp-json\/wp\/v2\/product"}],"about":[{"href":"https:\/\/kasima.lt\/et\/wp-json\/wp\/v2\/types\/product"}],"wp:featuredmedia":[{"embeddable":true,"href":"https:\/\/kasima.lt\/et\/wp-json\/wp\/v2\/media\/79351"}],"wp:attachment":[{"href":"https:\/\/kasima.lt\/et\/wp-json\/wp\/v2\/media?parent=7347"}],"wp:term":[{"taxonomy":"product_brand","embeddable":true,"href":"https:\/\/kasima.lt\/et\/wp-json\/wp\/v2\/product_brand?post=7347"},{"taxonomy":"product_cat","embeddable":true,"href":"https:\/\/kasima.lt\/et\/wp-json\/wp\/v2\/product_cat?post=7347"},{"taxonomy":"product_tag","embeddable":true,"href":"https:\/\/kasima.lt\/et\/wp-json\/wp\/v2\/product_tag?post=7347"}],"curies":[{"name":"wp","href":"https:\/\/api.w.org\/{rel}","templated":true}]}}