{"id":7311,"date":"2023-01-07T15:11:10","date_gmt":"2023-01-07T15:11:10","guid":{"rendered":"https:\/\/kasima.lt\/shop\/maaratlemata\/mulcher-kandude-freesimismasin-valentini-lepre-1600\/"},"modified":"2025-10-29T13:20:32","modified_gmt":"2025-10-29T13:20:32","slug":"mulceris-kelmu-freza-valentini-lepre-1600","status":"publish","type":"product","link":"https:\/\/kasima.lt\/et\/produktas\/mulceris-kelmu-freza-valentini-lepre-1600\/","title":{"rendered":"Mulcher &#8211; k\u00e4ndude freesimismasin Valentini Lepre 1600"},"content":{"rendered":"<p>SPETSIFIKATSIOONID:<br \/>\n\u00dcldlaius 1870 mm.<br \/>\nT\u00f6\u00f6laius 1600 mm.<br \/>\nHammaste arv 33 tk.<br \/>\nKaal 1080 kg.<br \/>\nRihmavedu;<br \/>\nH\u00fcdrauliline \u00fclekoormuse kaitseklapp;<br \/>\nH\u00fcdrauliline esiklapp;<br \/>\nKinnitusraam;<br \/>\nTugijalad;<br \/>\nKettakaitse.<\/p>\n<p>Pakume teile t\u00f5husat ja v\u00f5imsat Valentine Lepre 1600 k\u00e4nnifreesijat minilaaduriga mult\u0161eri jaoks. See mult\u0161er sobib p\u00f5\u00f5saste, okste, puude ja k\u00e4ndude koristamiseks. See seade sobib ideaalselt mahaj\u00e4etud kruntide puhastamiseks, parkide, aedade, metsade v\u00f5i puisniitude hooldamiseks. Minilaadur-mulcheri saab varustada standardse v\u00f5i suure vooluhulgaga h\u00fcdraulikaga. H\u00fcdraulikas\u00fcsteemi t\u00fc\u00fcp valitakse vastavalt minilaaduri tehnilistele parameetritele. Universaalne kiir\u00fchendusseade, tugev terasraam, h\u00fcdraulilised voolikud, h\u00fcdrauliline eesmine gaasipedaal, kinnitusraam ja p\u00f6\u00f6ratavad rootorihambad on vaid m\u00f5ned selle mult\u0161eri-k\u00e4nnul\u00f5ikuri eelised. Pakume 12-kuulise garantii tehase defektide vastu. KASIMA UAB pakub garantii- ja garantiij\u00e4rgset hooldust. V\u00f5ime valmistada sellele v\u00f5sal\u00f5ikurile adapteri, mis sobib teie olemasolevale seadmele.<\/p>\n<p>KAUPADE TARNIMINE:<br \/>\nMeil on toode kohapeal, nii et saate tulla ja neid isiklikult n\u00e4ha.<br \/>\nKiire tarne teie aadressile.<\/p>\n<p>See mult\u0161er sobib j\u00e4rgmistele masinam\u00e4rkidele: Bobcat, CAT, Geht, Takeuchi, Manitou, Komatsu, Wacker Neuson, Terex, New Holland, JCB, Mustang, CASE, EUROCOMACH, Doosan, Caterpillar ja muudele laaduritele.<\/p>\n","protected":false},"excerpt":{"rendered":"<p>Hind ilma k\u00e4ibemaksuta<\/p>\n<p>Kaubam\u00e4rk: Valentini<br \/>\nMudel: Lepre 1600<br \/>\nHelista: <a href=\"tel:+37067607071\">+37067607071<\/a><br \/>\nKontakt: <a href=\"mailto:sales@kasima.lt\">sales@kasima.lt<\/a><\/p>\n","protected":false},"featured_media":6001,"template":"","meta":{"_et_pb_use_builder":"","_et_pb_old_content":"","_et_gb_content_width":"","_monsterinsights_skip_tracking":false,"_monsterinsights_sitenote_active":false,"_monsterinsights_sitenote_note":"","_monsterinsights_sitenote_category":0},"product_brand":[],"product_cat":[159,161,165,218,217,156,193],"product_tag":[],"class_list":{"0":"post-7311","1":"product","2":"type-product","3":"status-publish","4":"has-post-thumbnail","6":"product_cat-15-3-tonni","7":"product_cat-3-5-tonni","8":"product_cat-uus","9":"product_cat-hudraulilised-multserid","10":"product_cat-traktoriga-veetavad-stabilisaatorid","11":"product_cat-minilaadur","12":"product_cat-kultivaatorid","14":"first","15":"instock","16":"shipping-taxable","17":"purchasable","18":"product-type-simple"},"aioseo_notices":[],"_links":{"self":[{"href":"https:\/\/kasima.lt\/et\/wp-json\/wp\/v2\/product\/7311","targetHints":{"allow":["GET"]}}],"collection":[{"href":"https:\/\/kasima.lt\/et\/wp-json\/wp\/v2\/product"}],"about":[{"href":"https:\/\/kasima.lt\/et\/wp-json\/wp\/v2\/types\/product"}],"wp:featuredmedia":[{"embeddable":true,"href":"https:\/\/kasima.lt\/et\/wp-json\/wp\/v2\/media\/6001"}],"wp:attachment":[{"href":"https:\/\/kasima.lt\/et\/wp-json\/wp\/v2\/media?parent=7311"}],"wp:term":[{"taxonomy":"product_brand","embeddable":true,"href":"https:\/\/kasima.lt\/et\/wp-json\/wp\/v2\/product_brand?post=7311"},{"taxonomy":"product_cat","embeddable":true,"href":"https:\/\/kasima.lt\/et\/wp-json\/wp\/v2\/product_cat?post=7311"},{"taxonomy":"product_tag","embeddable":true,"href":"https:\/\/kasima.lt\/et\/wp-json\/wp\/v2\/product_tag?post=7311"}],"curies":[{"name":"wp","href":"https:\/\/api.w.org\/{rel}","templated":true}]}}