{"id":7293,"date":"2023-01-07T15:11:09","date_gmt":"2023-01-07T15:11:09","guid":{"rendered":"https:\/\/kasima.lt\/shop\/maaratlemata\/punkriluuda-nurgaharjaga-wolverine-72\/"},"modified":"2026-02-19T10:51:31","modified_gmt":"2026-02-19T08:51:31","slug":"punkrikattega-korvaldega-istmega-olverine-72","status":"publish","type":"product","link":"https:\/\/kasima.lt\/et\/produktas\/punkrikattega-korvaldega-istmega-olverine-72\/","title":{"rendered":"Punkriluuda nurgaharjaga Wolverine 72"},"content":{"rendered":"<p>SPETSIFIKATSIOONID:<br \/>\nLaius Hopper Broom: 183 cm<br \/>\nHopper luuda kogulaius: 220 cm<br \/>\nPunktharja pikkus: 130 cm<br \/>\nPunktharja k\u00f5rgus: 68 cm<br \/>\nPunktharja kaal: 435 kg<br \/>\nT\u00f6\u00f6vooluhulk: kuni 90 l\/min<br \/>\nReguleeritav p\u00fchkimissegmendi k\u00f5rgus<br \/>\nM\u00e4\u00e4ritud laagrid<br \/>\nPaigaldus: minilaadur<\/p>\n<p>Pakume teile komplektset Wolverine Hopper Broom&#8217;i, mis on m\u00f5eldud mustuse, lahtiste materjalide ja muude soovimatute materjalide p\u00fchkimiseks minilaaduriga.Hopper Broom&#8217;ile on lisatud: h\u00fcdrovoolikud koos \u00fchendusotsikutega.Hopper Broom on ideaalne lahendus neile, kellel on vaja p\u00fchkida ja koguda mustust, mida tavaline nurgal\u00f5ikur ei suuda koguda.Selle punktharja abil on lihtne prahi kokku p\u00fchkida ja k\u00f5rvaldada valitud kohas.seadme kaitsekummid takistavad tolmu kerget levikut.operaatori t\u00f6\u00f6 muutub lihtsamaks ja seel\u00e4bi satub keskkonda v\u00e4hem tolmu.Sellel Wolverine&#8217;i luudal on ka k\u00fclgmine p\u00fchkimishari, mis v\u00f5imaldab teil p\u00fchkida kuni k\u00f5nnitee \u00e4\u00e4reni. 12-kuuline garantii tehase defektide vastu. KASIMA Ltd. pakub garantii- ja garantiij\u00e4rgset hooldust.<br \/>\nL\u00c4HETAMINE:<br \/>\nMeil on kaubad kohapeal, nii et saate tulla ja neid isiklikult n\u00e4ha. Kiire tarne teie aadressile<br \/>\n&#8212;&#8212;&#8212;&#8212;&#8212;&#8212;&#8212;&#8212;&#8212;&#8212;&#8212;&#8212;&#8212;&#8212;&#8212;&#8212;&#8212;&#8212;&#8212;&#8212;&#8211;<br \/>\nSee punktharja sobib j\u00e4rgmistele laaduritele: Bobcat, CAT, Gehl, Takeuchi, Manitou, Komatsu, Wacker Neuson, Terex, New Holland, JCB, Mustang, CASE, EUROCOMACH, Doosan, Caterpillar, jne.<br \/>\n*Kasutusmaksumuse eest on v\u00f5imalik paigaldada adapter teie laaduri \u00fchenduskohale.<\/p>\n","protected":false},"excerpt":{"rendered":"<p>Hind ilma k\u00e4ibemaksuta<\/p>\n<p>Tootja: Wolverine<br \/>\nMudel: Sweeper \u00e4mber 72 S<br \/>\nHelista: <a href=\"tel:+37067607071\">+37067607071<\/a><br \/>\nE-post: <a href=\"mailto:sales@kasima.lt\">sales@kasima.lt<\/a><\/p>\n","protected":false},"featured_media":79131,"template":"","meta":{"_et_pb_use_builder":"","_et_pb_old_content":"","_et_gb_content_width":"","_monsterinsights_skip_tracking":false,"_monsterinsights_sitenote_active":false,"_monsterinsights_sitenote_note":"","_monsterinsights_sitenote_category":0},"product_brand":[],"product_cat":[159,161,165,290,156],"product_tag":[],"class_list":{"0":"post-7293","1":"product","2":"type-product","3":"status-publish","4":"has-post-thumbnail","6":"product_cat-15-3-tonni","7":"product_cat-3-5-tonni","8":"product_cat-uus","9":"product_cat-hudrauliline-puhkimishari","10":"product_cat-minilaadur","12":"first","13":"instock","14":"shipping-taxable","15":"purchasable","16":"product-type-simple"},"aioseo_notices":[],"_links":{"self":[{"href":"https:\/\/kasima.lt\/et\/wp-json\/wp\/v2\/product\/7293","targetHints":{"allow":["GET"]}}],"collection":[{"href":"https:\/\/kasima.lt\/et\/wp-json\/wp\/v2\/product"}],"about":[{"href":"https:\/\/kasima.lt\/et\/wp-json\/wp\/v2\/types\/product"}],"wp:featuredmedia":[{"embeddable":true,"href":"https:\/\/kasima.lt\/et\/wp-json\/wp\/v2\/media\/79131"}],"wp:attachment":[{"href":"https:\/\/kasima.lt\/et\/wp-json\/wp\/v2\/media?parent=7293"}],"wp:term":[{"taxonomy":"product_brand","embeddable":true,"href":"https:\/\/kasima.lt\/et\/wp-json\/wp\/v2\/product_brand?post=7293"},{"taxonomy":"product_cat","embeddable":true,"href":"https:\/\/kasima.lt\/et\/wp-json\/wp\/v2\/product_cat?post=7293"},{"taxonomy":"product_tag","embeddable":true,"href":"https:\/\/kasima.lt\/et\/wp-json\/wp\/v2\/product_tag?post=7293"}],"curies":[{"name":"wp","href":"https:\/\/api.w.org\/{rel}","templated":true}]}}