{"id":7287,"date":"2023-01-07T15:11:09","date_gmt":"2023-01-07T15:11:09","guid":{"rendered":"https:\/\/kasima.lt\/shop\/maaratlemata\/wolverine-tiller-72-minilaaduriga-mullafreesimise-masin\/"},"modified":"2025-10-29T13:20:32","modified_gmt":"2025-10-29T13:20:32","slug":"mini-laadur-maa-puhasti-volverine-tiller-72","status":"publish","type":"product","link":"https:\/\/kasima.lt\/et\/produktas\/mini-laadur-maa-puhasti-volverine-tiller-72\/","title":{"rendered":"Kompaktlaaduri Kultivaator Wolverine Tiller 72"},"content":{"rendered":"<p>SPETSIFIKATSIOONID:<br \/>\n\u00dcldlaius: 220 cm.<br \/>\nFreesi laius: 183 cm.<br \/>\nKaal: 420 kg.<br \/>\nFreesimiss\u00fcgavus kuni 15 cm.<br \/>\nStandardne vooluhulk kuni 90 l\/min (k\u00f5rge vooluhulk ei ole vajalik).<\/p>\n<p>Pakume teile Wolverine&#8217;i mullafreesijat, mis on m\u00f5eldud kasutamiseks koos liuglaaduriga. Maa freesimismasin on t\u00e4ielikult varustatud h\u00fcdrauliliste voolikute, h\u00fcdrauliliste \u00fchendusotsakute ja -d\u00fc\u00fcsidega. L\u00f5ikes\u00fcgavust saab reguleerida ruuteril. Pakume 12-kuulise garantii tehase defektide vastu. KASIMA UAB pakub garantii- ja garantiij\u00e4rgset hooldust.<\/p>\n<p>KAUPADE TARNIMINE:<br \/>\nMeil on toode kohapeal, nii et saate tulla ja neid isiklikult n\u00e4ha.<br \/>\nKiire tarne teie aadressile.<br \/>\n&#8212;&#8212;&#8212;&#8212;&#8212;&#8212;&#8212;&#8212;&#8212;&#8212;&#8212;&#8212;&#8212;&#8212;&#8212;&#8212;&#8212;&#8212;&#8212;-<br \/>\nKompaktlaaduri kultivaator sobib Bobcat, CAT, Gehl, Takeuchi, Manitou, Kamatsu, Wacker Nousen, Terex, New Holland, JCB, Mustang, CASE, EUROCOMACH, Doosan, Caterpillar ja muudele kahvelt\u00f5stukitele.<\/p>\n","protected":false},"excerpt":{"rendered":"<p>Hind ilma k\u00e4ibemaksuta<\/p>\n<p>Tootja: Wolverine<br \/>\nMudel: Tiller 72<br \/>\nHelista: <a href=\"tel:+37067607071\">+37067607071<\/a><br \/>\nKontakt: <a href=\"mailto:sales@kasima.lt\">sales@kasima.lt<\/a><\/p>\n","protected":false},"featured_media":85568,"template":"","meta":{"_et_pb_use_builder":"","_et_pb_old_content":"","_et_gb_content_width":"","_monsterinsights_skip_tracking":false,"_monsterinsights_sitenote_active":false,"_monsterinsights_sitenote_note":"","_monsterinsights_sitenote_category":0},"product_brand":[],"product_cat":[159,161,165,156,193],"product_tag":[],"class_list":{"0":"post-7287","1":"product","2":"type-product","3":"status-publish","4":"has-post-thumbnail","6":"product_cat-15-3-tonni","7":"product_cat-3-5-tonni","8":"product_cat-uus","9":"product_cat-minilaadur","10":"product_cat-kultivaatorid","12":"first","13":"instock","14":"shipping-taxable","15":"purchasable","16":"product-type-simple"},"aioseo_notices":[],"_links":{"self":[{"href":"https:\/\/kasima.lt\/et\/wp-json\/wp\/v2\/product\/7287","targetHints":{"allow":["GET"]}}],"collection":[{"href":"https:\/\/kasima.lt\/et\/wp-json\/wp\/v2\/product"}],"about":[{"href":"https:\/\/kasima.lt\/et\/wp-json\/wp\/v2\/types\/product"}],"wp:featuredmedia":[{"embeddable":true,"href":"https:\/\/kasima.lt\/et\/wp-json\/wp\/v2\/media\/85568"}],"wp:attachment":[{"href":"https:\/\/kasima.lt\/et\/wp-json\/wp\/v2\/media?parent=7287"}],"wp:term":[{"taxonomy":"product_brand","embeddable":true,"href":"https:\/\/kasima.lt\/et\/wp-json\/wp\/v2\/product_brand?post=7287"},{"taxonomy":"product_cat","embeddable":true,"href":"https:\/\/kasima.lt\/et\/wp-json\/wp\/v2\/product_cat?post=7287"},{"taxonomy":"product_tag","embeddable":true,"href":"https:\/\/kasima.lt\/et\/wp-json\/wp\/v2\/product_tag?post=7287"}],"curies":[{"name":"wp","href":"https:\/\/api.w.org\/{rel}","templated":true}]}}